{"id":260,"date":"2013-02-05T18:16:19","date_gmt":"2013-02-05T21:16:19","guid":{"rendered":"http:\/\/curacompletaparaomelasma.seublog.net\/?page_id=260"},"modified":"2013-05-05T18:11:16","modified_gmt":"2013-05-05T21:11:16","slug":"pilulas-anticoncepcionais","status":"publish","type":"page","link":"http:\/\/curacompletaparaomelasma.seublog.net\/?page_id=260","title":{"rendered":"Contraceptivos hormonais"},"content":{"rendered":"<p>No link <a href=\"http:\/\/www.healthboards.com\/boards\/skin-problems\/834459-what-cured-my-melasma.html\" target=\"_blank\">http:\/\/www.healthboards.com\/boards\/skin-problems\/834459-what-cured-my-melasma.html<\/a> (transcrito abaixo), encontramos um excelente depoimento de uma mulher que se livrou de suas manchas no rosto, apenas abandonando o uso de anticoncepcionais \u00e0 base de horm\u00f4nios. Estes s\u00e3o uma importante causa para o melasma nas mulheres, de acordo com os ginecologistas. Muitas gr\u00e1vidas adquirem essas indesej\u00e1veis manchas durante a gravidez, quando se modifica sensivelmente seu n\u00edvel hormonal. Nesse caso, muitas vezes as manchas no rosto desaparecem naturalmente, ap\u00f3s o fim da gravidez e do reequil\u00edbrio dos horm\u00f4nios. Mas o tratamento acelera a cura do melasma.<\/p>\n<p>O resumo do artigo \u00e9 o seguinte. A depoente contraiu o melasma ap\u00f3s anos tomando p\u00edlulas anticoncepcionais a base de horm\u00f4nios. Depois de muita pesquisa e consultas m\u00e9dicas, um dermatologista lhe aconselhou parar totalmente com m\u00e9todos contraceptivos hormonais. Seguindo essa orienta\u00e7\u00e3o, em um ano, ela come\u00e7ou a notar melhoras nas manchas; dois anos ap\u00f3s o abandono das p\u00edlulas, notou que 50% delas tinham ido embora. Com quatro anos, elas haviam desaparecido completamente.<\/p>\n<p>Ela n\u00e3o afirma ter usado nenhum outro m\u00e9todo natural, como os indicados neste saite, para auxiliar no tratamento do melasma, o que poderia ter acelerado o desaparecimento das manchas.<\/p>\n<p>Provavelmente, o motivo principal por que contraceptivos hormonais s\u00e3o causa de aparecimento de manchas no rosto \u00e9 o fato de sobrecarregarem o f\u00edgado, obrigando-o a um trabalho descomunal; todos j\u00e1 ouviram dizer que melasma constitui &#8220;manchas de f\u00edgado&#8221;.<\/p>\n<p>\u00c9 \u00f3bvio que quem quer que se proponha a abandonar os contraceptivos hormonais deve procurar um processo seguro de impedir a concep\u00e7\u00e3o, n\u00e3o prescindindo da ajuda de um competente ginecologista.<\/p>\n<p>TRANSCRI\u00c7\u00c3O DO ARTIGO:<\/p>\n<p>What CURED my Melasma!<\/p>\n<p>I started birth control at age 15&#8230;for years it was amazing!!! It cleared my complexion&#8230;regulated my periods etc. I had switched from a lose dose hormonal birth control to Ortho around age 18 with no problems!! After being on birth control for about 5 years&#8230;I changed my Ortho to the generic brand &amp; about a month into the new birth control I started to develop a small brown spot on my left inner cheek (about the size of an eraser head). I later learned it was the beginning of Melasma.<\/p>\n<p>At 20, I had never heard of Melasma or knew much about it. Within a few months of switching to the generic brand I developed DARK symmetrical brown patches on both of my inner cheeks. Once it spread I immediately when to see a dermatologist. For about a YEAR I went to 5 different dermatologists all with different ideas&#8230;.my Melasma just got worse!!! It spread to my forehead&#8230;.my upper lip&#8230;.top of my nose. It was HORRIBLE!! Not even makeup could cover it up. The bleaching creams just made it WORSE!!! My face became red, irritated, and the spots darkened.<\/p>\n<p>At age 21&#8230;. I was sooo depressed out it &amp; none of the doctors were helping. I started doing my own research&#8230;I searched hours\/days\/months online for cures&#8230;.I ordered books&#8230;.I thought I did everything!!! I stopped doing the things I LOVED&#8230;.going to the beach&#8230;..swimming&#8230;..taking my beach cruiser out (sun exposure worsens Melasma)<\/p>\n<p>Before my 22nd birthday&#8230;.very frustrated and sad&#8230;.I went to another dermatologist who literally said GET OFF BIRTH CONTROL!!! That was the LAST thing I wanted to do!! I always thought&#8230;.how could I have suddenly developed Melasma after being on birth control for years?!! But I did my research: lasers can make it worse&#8230;.bleaching cream made mine worse&#8230;.had a dermatologist suggest freezing it off (yeah right that would just aggravate my melasma!!) And I was SICK of these spots!!! So I thought MAYBE the birth control was causing this!!<\/p>\n<p>So I discussed this option with my primary care physican who STRONGLY advised me NOT to get off birth control. Which is completely understandable considering my age and the risk for pregnancy. But I went with my gut and stopped taking hormones. Alot of the birth control options out there contain hormones&#8230;.I decided to use a nonhormonal method for protection &amp; follow cycle beads w\/protection. I was only 22 and my doctor scared me half to death about the risk for pregnancy without birth control. But I decided the best option for me was to be SAFE the nonhormonal way!<\/p>\n<p>Initally I noticed no change!!! VERY discouraging! I decided to help my body the natural way. I was taking probiotics, Emergen-c vitamin packs, I started yoga!!! I just thought know what I&#8217;m just gonna enjoy life!<\/p>\n<p>I started letting myself go to the beach again&#8230;..just used waterproof sunscreen&#8230;.hat&#8230;sunglasses and sat under an umbrella and made sure to keep my face out of the sun as much as possible&#8230;.except for tanning my legs. I started taking my beach cruiser out again and swimming in the pool (just made sure to ALWAYS wear sunscreen and a hat)&#8230;..Just doing things I LOVE that is advised against with Melasma. I decided I would no longer miss out on fun activities with my friends!!<\/p>\n<p>About a year after getting off birth control I FINALLY noticed a change. And within the year the spots SLOWLY started fading. After 2 years it was about 50% gone. Now it is 4 years later and ALL my spots are gone!!! Literally GONE! For ME hormones created the Melasma. Getting off birth control was the ONLY thing that helped. I&#8217;m NOT advising young girls to get off birth control and have unsafe sex&#8230;.I am just stating to acknowlege the role that hormones play on the body.<\/p>\n<p>For years birth control was great &amp; then my body no longer could tolerate it. While on birth control&#8230;.it kept spreading&#8230;.bleaching cream irritated my sensitive skin&#8230;..nothing helped except getting off birth control!!<\/p>\n<p>It was NOT a quick fix&#8230;.but I found out the cause&#8230;.and found a solution to those spots that made me feel soooo ugly, insecure and sad!!!!<\/p>\n<p>I think it is very important to find the CAUSE &amp; then try and treat it!!!!<\/p>\n<div class='shareinpost'><ul class=\"socialwrap row\"><li class=\"iconOnly\"><a rel=\"nofollow\" target=\"_blank\" href=\"http:\/\/delicious.com\/post?url=http%3A%2F%2Fcuracompletaparaomelasma.seublog.net%2F%3Fpage_id%3D260&amp;title=Contraceptivos+hormonais\" title=\"Bookmark this post : Contraceptivos hormonais on Delicious\" ><img loading=\"lazy\" decoding=\"async\" src=\"http:\/\/curacompletaparaomelasma.seublog.net\/wp-content\/plugins\/share-and-follow\/images\/blank.gif\" height=\"32\" style=\"background: transparent url(http:\/\/curacompletaparaomelasma.seublog.net\/wp-content\/plugins\/share-and-follow\/default\/32\/sprite-32.png) no-repeat;padding:0;margin:0;height:32px;width:32px;background-position:-198px 0px\" class=\"image-32\" width=\"32\" alt=\"delicious\"\/> <span class=\"head\">Bookmark on Delicious<\/span><\/a><\/li><li class=\"iconOnly\"><a rel=\"nofollow\" target=\"_blank\" href=\"http:\/\/digg.com\/submit?url=http%3A%2F%2Fcuracompletaparaomelasma.seublog.net%2F%3Fpage_id%3D260&amp;title=Contraceptivos+hormonais&amp;bodytext=No+link+http%3A%2F%2Fwww.healthboards.com%2Fboards%2Fskin-problems%2F834459-what-cured-my-melasma.html+%28transcrito+abaixo%29%2C+encontramos+um+excelente+depoimento+de+uma+mulher+que+se+livrou+de+suas+manchas+no+rosto%2C+apenas+abandonando+o+uso+de+anticoncepcionais+%C3%A0+base+de+horm%C3%B4nios.+Estes+s%C3%A3o+uma+importante+causa+para+o+melasma+na\" title=\"Digg this post : Contraceptivos hormonais\" ><img loading=\"lazy\" decoding=\"async\" src=\"http:\/\/curacompletaparaomelasma.seublog.net\/wp-content\/plugins\/share-and-follow\/images\/blank.gif\" height=\"32\" style=\"background: transparent url(http:\/\/curacompletaparaomelasma.seublog.net\/wp-content\/plugins\/share-and-follow\/default\/32\/sprite-32.png) no-repeat;padding:0;margin:0;height:32px;width:32px;background-position:-264px 0px\" class=\"image-32\" width=\"32\" alt=\"digg\"\/> <span class=\"head\">Digg this post<\/span><\/a><\/li><li class=\"iconOnly\"><a rel=\"nofollow\" target=\"_blank\" href=\"http:\/\/www.facebook.com\/sharer.php?u=http%3A%2F%2Fcuracompletaparaomelasma.seublog.net%2F%3Fpage_id%3D260&amp;t=Contraceptivos+hormonais\" title=\"Recommend this post : Contraceptivos hormonais on Facebook\" ><img loading=\"lazy\" decoding=\"async\" src=\"http:\/\/curacompletaparaomelasma.seublog.net\/wp-content\/plugins\/share-and-follow\/images\/blank.gif\" height=\"32\" style=\"background: transparent url(http:\/\/curacompletaparaomelasma.seublog.net\/wp-content\/plugins\/share-and-follow\/default\/32\/sprite-32.png) no-repeat;padding:0;margin:0;height:32px;width:32px;background-position:-363px 0px\" class=\"image-32\" width=\"32\" alt=\"facebook\"\/> <span class=\"head\">Recommend on Facebook<\/span><\/a><\/li><li class=\"iconOnly\"><a rel=\"nofollow\" target=\"_blank\" href=\"http:\/\/www.reddit.com\/submit?url=http%3A%2F%2Fcuracompletaparaomelasma.seublog.net%2F%3Fpage_id%3D260&amp;title=Contraceptivos+hormonais\" title=\"Share this post : Contraceptivos hormonais on Reddit\" ><img loading=\"lazy\" decoding=\"async\" src=\"http:\/\/curacompletaparaomelasma.seublog.net\/wp-content\/plugins\/share-and-follow\/images\/blank.gif\" height=\"32\" style=\"background: transparent url(http:\/\/curacompletaparaomelasma.seublog.net\/wp-content\/plugins\/share-and-follow\/default\/32\/sprite-32.png) no-repeat;padding:0;margin:0;height:32px;width:32px;background-position:-1419px 0px\" class=\"image-32\" width=\"32\" alt=\"reddit\"\/> <span class=\"head\">share via Reddit<\/span><\/a><\/li><li class=\"iconOnly\"><a rel=\"nofollow\" target=\"_blank\" href=\"http:\/\/www.stumbleupon.com\/submit?url=http%3A%2F%2Fcuracompletaparaomelasma.seublog.net%2F%3Fpage_id%3D260&amp;title=Contraceptivos+hormonais\" title=\"Share this post : Contraceptivos hormonais with Stumblers\" ><img loading=\"lazy\" decoding=\"async\" src=\"http:\/\/curacompletaparaomelasma.seublog.net\/wp-content\/plugins\/share-and-follow\/images\/blank.gif\" height=\"32\" style=\"background: transparent url(http:\/\/curacompletaparaomelasma.seublog.net\/wp-content\/plugins\/share-and-follow\/default\/32\/sprite-32.png) no-repeat;padding:0;margin:0;height:32px;width:32px;background-position:-1617px 0px\" class=\"image-32\" width=\"32\" alt=\"stumble\"\/> <span class=\"head\">Share with Stumblers<\/span><\/a><\/li><li class=\"iconOnly\"><a rel=\"nofollow\" target=\"_blank\" href=\"http:\/\/twitter.com\/home\/?status=http%3A%2F%2Fcuracompletaparaomelasma.seublog.net%2F%3Fpage_id%3D260\" title=\"Tweet this post : Contraceptivos hormonais on Twitter\" ><img loading=\"lazy\" decoding=\"async\" src=\"http:\/\/curacompletaparaomelasma.seublog.net\/wp-content\/plugins\/share-and-follow\/images\/blank.gif\" height=\"32\" style=\"background: transparent url(http:\/\/curacompletaparaomelasma.seublog.net\/wp-content\/plugins\/share-and-follow\/default\/32\/sprite-32.png) no-repeat;padding:0;margin:0;height:32px;width:32px;background-position:-1749px 0px\" class=\"image-32\"  width=\"32\"  alt=\"twitter\"\/> <span class=\"head\">Tweet about it<\/span><\/a><\/li><li class=\"iconOnly\"><a rel=\"_self\" href=\"http:\/\/curacompletaparaomelasma.seublog.net\/?page_id=260&feed=rss2\" title=\"Follow this post : Contraceptivos hormonais comments\"><img loading=\"lazy\" decoding=\"async\" src=\"http:\/\/curacompletaparaomelasma.seublog.net\/wp-content\/plugins\/share-and-follow\/images\/blank.gif\" height=\"32\"  width=\"32\" style=\"background: transparent url(http:\/\/curacompletaparaomelasma.seublog.net\/wp-content\/plugins\/share-and-follow\/default\/32\/sprite-32.png) no-repeat;padding:0;margin:0;height:32px;width:32px;background-position:-1452px 0px\" class=\"image-32\"  alt=\"rss\" \/> <span class=\"head\">Subscribe to the comments on this post<\/span><\/a><\/li><\/ul><div class=\"clean\"><\/div> <\/div>","protected":false},"excerpt":{"rendered":"<p>No link http:\/\/www.healthboards.com\/boards\/skin-problems\/834459-what-cured-my-melasma.html (transcrito abaixo), encontramos um excelente depoimento de uma mulher que se livrou de suas manchas no rosto, apenas abandonando o uso de anticoncepcionais \u00e0 base de horm\u00f4nios. Estes s\u00e3o uma importante causa para o melasma nas mulheres, &hellip; <a href=\"http:\/\/curacompletaparaomelasma.seublog.net\/?page_id=260\">Continue lendo <span class=\"meta-nav\">&rarr;<\/span><\/a><\/p>\n","protected":false},"author":2112,"featured_media":0,"parent":2,"menu_order":0,"comment_status":"open","ping_status":"open","template":"","meta":{"footnotes":""},"class_list":["post-260","page","type-page","status-publish","hentry"],"_links":{"self":[{"href":"http:\/\/curacompletaparaomelasma.seublog.net\/index.php?rest_route=\/wp\/v2\/pages\/260","targetHints":{"allow":["GET"]}}],"collection":[{"href":"http:\/\/curacompletaparaomelasma.seublog.net\/index.php?rest_route=\/wp\/v2\/pages"}],"about":[{"href":"http:\/\/curacompletaparaomelasma.seublog.net\/index.php?rest_route=\/wp\/v2\/types\/page"}],"author":[{"embeddable":true,"href":"http:\/\/curacompletaparaomelasma.seublog.net\/index.php?rest_route=\/wp\/v2\/users\/2112"}],"replies":[{"embeddable":true,"href":"http:\/\/curacompletaparaomelasma.seublog.net\/index.php?rest_route=%2Fwp%2Fv2%2Fcomments&post=260"}],"version-history":[{"count":17,"href":"http:\/\/curacompletaparaomelasma.seublog.net\/index.php?rest_route=\/wp\/v2\/pages\/260\/revisions"}],"predecessor-version":[{"id":268,"href":"http:\/\/curacompletaparaomelasma.seublog.net\/index.php?rest_route=\/wp\/v2\/pages\/260\/revisions\/268"}],"up":[{"embeddable":true,"href":"http:\/\/curacompletaparaomelasma.seublog.net\/index.php?rest_route=\/wp\/v2\/pages\/2"}],"wp:attachment":[{"href":"http:\/\/curacompletaparaomelasma.seublog.net\/index.php?rest_route=%2Fwp%2Fv2%2Fmedia&parent=260"}],"curies":[{"name":"wp","href":"https:\/\/api.w.org\/{rel}","templated":true}]}}