{"id":307,"date":"2013-02-09T06:35:23","date_gmt":"2013-02-09T09:35:23","guid":{"rendered":"http:\/\/curacompletaparaomelasma.seublog.net\/?page_id=307"},"modified":"2014-06-01T12:38:19","modified_gmt":"2014-06-01T16:38:19","slug":"aplicacoes-locais","status":"publish","type":"page","link":"https:\/\/curacompletaparaomelasma.seublog.net\/?page_id=307","title":{"rendered":"Aplica\u00e7\u00f5es locais"},"content":{"rendered":"<p>1- ARGILA<br \/>\nManuel Lezaeta Achar\u00e1n discorre \u00a0sobre as propriedades da argila\u00a0em seu livro Medicina Natural ao Alcance de Todos. Misturada \u00e0 \u00e1gua \u00a0 \u00a0fresca, tem in\u00fameras propriedades que remontam ao que j\u00e1 dissemos sobre a aplica\u00e7\u00e3o de \u00e1gua fria na p\u00e1gina deste saite &#8220;Breve resumo do livro&#8221; , ou seja, \u00a0promove o descongestionamento do interior do organismo (interna e localmente), tem &#8220;<em>poder refrescante,\u00a0desinflamante, descongestionante, purificador, cicatrizante, absorvente, e calmante que a terra possui&#8230; Todo processo m\u00f3rbido\u00a0constitui\u00a0 inflama\u00e7\u00e3o de car\u00e1ter agudo, cr\u00f4nico ou destrutivo. Para normalizar, pois, o transtorno circulat\u00f3rio \u00e9 preciso descongestionar os tecidos ou \u00f3rg\u00e3os doentes, o que se obt\u00e9m com o barro fresco aplicado diretamente sobre a regi\u00e3o afetada e mantendo-o constantemente a\u00ed at\u00e9 que desapare\u00e7a toda dor ou incha\u00e7o. Entretanto, o barro que se aplica sobre o ventre \u00e9 mais eficaz&#8230;&#8221;<\/em><\/p>\n<p><em>&#8220;&#8230;Qu\u00e3o enganoso \u00e9 o conceito m\u00e9dico que na terra v\u00ea um agente de infec\u00e7\u00e3o portador do germe do t\u00e9tano&#8230;&#8221;<\/em><\/p>\n<p><em>&#8220;&#8230;O barro n\u00e3o s\u00f3 elimina o nocivo de feridas, tumores, eczemas, \u00a0erup\u00e7\u00f5es, etc., mas vitaliza os tecidos enfermos, descongestionando-os, normalizando a circula\u00e7\u00e3o do sangue e proporcionando \u00e0s c\u00e9lulas for\u00e7as misteriosas que a terra possui&#8230;&#8221;<\/em><\/p>\n<p><em>&#8220;&#8230;T\u00e3o nobre eficaz e simples \u00e9 a cura pelo barro que essa subst\u00e2ncia foi empregada por nosso Senhor Jesus Cristo&#8230;&#8221;<\/em><\/p>\n<p>O autor tamb\u00e9m afirma, surpreendentemente, que o modo de preparo do barro \u00e9 utilizando-se a terra do lugar onde se mora, &#8220;<em>estando livre de varredura, estrumes ou corpos estranhos<\/em>&#8220;. Segundo \u00a0ele, as argilas tidas como milagrosas t\u00eam o mesmo efeito daquela preparada segundo suas prescri\u00e7\u00f5es.<\/p>\n<p>Essas informa\u00e7\u00f5es do Sr. Lezaeta podem ser consideradas, na an\u00e1lise de outros especialistas que prescrevem argila para as manchas no rosto.<br \/>\nA maioria deles ensinam a utilizar as diversas argilas (cinza, verde, etc) que s\u00e3o est\u00e9reis, o que contrasta com a orienta\u00e7\u00e3o do Sr. Lezaeta, que afirma que a terra do local onde se mora \u00e9 a ideal. A diferen\u00e7a \u00e9 que esta cont\u00e9m os germes naturais da terra, n\u00e3o sendo est\u00e9ril, mas sendo, segundo esse autor, a ideal.<\/p>\n<p>Selecionamos os seguintes links:<br \/>\n<a href=\"http:\/\/belezaesaude.dae.com.br\/argila\/\" target=\"_blank\">http:\/\/belezaesaude.dae.com.br\/argila\/<\/a><br \/>\nNesse link, afirma-se que a melhor argila para as manchas no rosto \u00e9 a cinza. (Parece que h\u00e1 certo\u00a0desacordo\u00a0entre os especialistas sobre qual cor \u00e9 a melhor; parece que a cinza e a verde s\u00e3o as preferidas.) O link ensina como usar, como preparar, etc.<\/p>\n<p>Quantas vezes por semana?<br \/>\nO v\u00eddeo a seguir, que prescreve m\u00e1scara especificamente para o melasma, diz que se deve usar a argila uma ou duas vezes por semana, conforme o caso.<br \/>\n<iframe loading=\"lazy\" title=\"Saiba como fazer um creme caseiro para tratar o Melasma!\" width=\"640\" height=\"360\" src=\"https:\/\/www.youtube.com\/embed\/BqzQzxejBvo?feature=oembed\" frameborder=\"0\" allow=\"accelerometer; autoplay; clipboard-write; encrypted-media; gyroscope; picture-in-picture; web-share\" referrerpolicy=\"strict-origin-when-cross-origin\" allowfullscreen><\/iframe><\/p>\n<p>Mais uma vez lembramos ao leitor a necessidade de questionamento e an\u00e1lise ante todas essas informa\u00e7\u00f5es.<\/p>\n<p>&nbsp;<\/p>\n<p>2- OUTRAS APLICA\u00c7\u00d5ES<\/p>\n<p>Conforme j\u00e1 explicado neste saite, h\u00e1 aplica\u00e7\u00f5es locais que retiram as manchas da pele apenas superficialmente, fazendo com que elas n\u00e3o raro retornem ap\u00f3s a interrup\u00e7\u00e3o das aplica\u00e7\u00f5es. Se n\u00e3o voltam, \u00e9 porque as causas metab\u00f3licas que as geraram desapareceram coincidentemente. O ideal talvez seria n\u00e3o usar esses m\u00e9todos. H\u00e1 especialistas que dizem que eles podem piorar as manchas; outros afirmam que se elas pioram com o uso desses m\u00e9todos, \u00e9 porque piorariam mesmo sem eles. Deixamos a decis\u00e3o de se fazer ou n\u00e3o seu uso ao portador das manchas, \u00e0 sua reflex\u00e3o e bom senso.<\/p>\n<p>H\u00e1 quem lan\u00e7a m\u00e3o das t\u00e9cnicas naturais de cura do melasma e, ao mesmo tempo, usa esses m\u00e9todos superficiais, com a esperan\u00e7a de que com estes \u00faltimos as manchas saiam num curto prazo, e, com as t\u00e9cnicas naturais, \u00a0as causas metab\u00f3licas desapare\u00e7am. Essas pessoas acreditam, assim, que quando abandonem os m\u00e9todos superficiais as manchas n\u00e3o voltem por j\u00e1 ter sido curada a irregularidade org\u00e2nica pelas t\u00e9cnicas naturais.<\/p>\n<p>Existe uma subst\u00e2ncia chamada hidroquinona que, manipulada em certa porcentagem, tira as manchas rapidamente. Como todos os produtos que apresentam resultados apenas superficiais, \u00e9 bastante agressiva. Seu uso \u00e9 permitido no Brasil, onde m\u00e9dicos alopatas a prescrevem, mas h\u00e1 pa\u00edses, como a Fran\u00e7a, que pro\u00edbem sua indica\u00e7\u00e3o, alegando poss\u00edveis efeitos \u00a0colaterais, como o c\u00e2ncer.<\/p>\n<p>Se, no entanto, algu\u00e9m quiser utilizar a hidroquinona ou outra subst\u00e2ncia de efeitos similares, h\u00e1 que se consultar as muitas p\u00e1ginas sobre o assunto existente na internet, inclusive sobre efeitos colaterais e fase de manuten\u00e7\u00e3o (quando a mancha sai, mas se deve, \u00e0s vezes, continuar o uso com menos frequ\u00eancia). Consulta m\u00e9dica, j\u00e1 que se trata de medicamento alop\u00e1tico, n\u00e3o \u00e9 dispens\u00e1vel, mas se tem de rezar para se conseguir um profissional competente.<\/p>\n<div class='shareinpost'><ul class=\"socialwrap row\"><li class=\"iconOnly\"><a rel=\"nofollow\" target=\"_blank\" href=\"http:\/\/delicious.com\/post?url=https%3A%2F%2Fcuracompletaparaomelasma.seublog.net%2F%3Fpage_id%3D307&amp;title=Aplica%C3%A7%C3%B5es+locais\" title=\"Bookmark this post : Aplica\u00e7\u00f5es locais on Delicious\" ><img loading=\"lazy\" decoding=\"async\" src=\"http:\/\/curacompletaparaomelasma.seublog.net\/wp-content\/plugins\/share-and-follow\/images\/blank.gif\" height=\"32\" style=\"background: transparent url(http:\/\/curacompletaparaomelasma.seublog.net\/wp-content\/plugins\/share-and-follow\/default\/32\/sprite-32.png) no-repeat;padding:0;margin:0;height:32px;width:32px;background-position:-198px 0px\" class=\"image-32\" width=\"32\" alt=\"delicious\"\/> <span class=\"head\">Bookmark on Delicious<\/span><\/a><\/li><li class=\"iconOnly\"><a rel=\"nofollow\" target=\"_blank\" href=\"http:\/\/digg.com\/submit?url=https%3A%2F%2Fcuracompletaparaomelasma.seublog.net%2F%3Fpage_id%3D307&amp;title=Aplica%C3%A7%C3%B5es+locais&amp;bodytext=1-+ARGILA%0D%0AManuel+Lezaeta+Achar%C3%A1n+discorre+%C2%A0sobre+as+propriedades+da+argila%C2%A0em+seu+livro+Medicina+Natural+ao+Alcance+de+Todos.+Misturada+%C3%A0+%C3%A1gua+%C2%A0+%C2%A0fresca%2C+tem+in%C3%BAmeras+propriedades+que+remontam+ao+que+j%C3%A1+dissemos+sobre+a+aplica%C3%A7%C3%A3o+de+%C3%A1gua+fria+na+p%C3%A1gina+deste+saite+%22Breve+resumo+do+livro%22+%2C+ou+seja%2C+%C2%A0prom\" title=\"Digg this post : Aplica\u00e7\u00f5es locais\" ><img loading=\"lazy\" decoding=\"async\" src=\"http:\/\/curacompletaparaomelasma.seublog.net\/wp-content\/plugins\/share-and-follow\/images\/blank.gif\" height=\"32\" style=\"background: transparent url(http:\/\/curacompletaparaomelasma.seublog.net\/wp-content\/plugins\/share-and-follow\/default\/32\/sprite-32.png) no-repeat;padding:0;margin:0;height:32px;width:32px;background-position:-264px 0px\" class=\"image-32\" width=\"32\" alt=\"digg\"\/> <span class=\"head\">Digg this post<\/span><\/a><\/li><li class=\"iconOnly\"><a rel=\"nofollow\" target=\"_blank\" href=\"http:\/\/www.facebook.com\/sharer.php?u=https%3A%2F%2Fcuracompletaparaomelasma.seublog.net%2F%3Fpage_id%3D307&amp;t=Aplica%C3%A7%C3%B5es+locais\" title=\"Recommend this post : Aplica\u00e7\u00f5es locais on Facebook\" ><img loading=\"lazy\" decoding=\"async\" src=\"http:\/\/curacompletaparaomelasma.seublog.net\/wp-content\/plugins\/share-and-follow\/images\/blank.gif\" height=\"32\" style=\"background: transparent url(http:\/\/curacompletaparaomelasma.seublog.net\/wp-content\/plugins\/share-and-follow\/default\/32\/sprite-32.png) no-repeat;padding:0;margin:0;height:32px;width:32px;background-position:-363px 0px\" class=\"image-32\" width=\"32\" alt=\"facebook\"\/> <span class=\"head\">Recommend on Facebook<\/span><\/a><\/li><li class=\"iconOnly\"><a rel=\"nofollow\" target=\"_blank\" href=\"http:\/\/www.reddit.com\/submit?url=https%3A%2F%2Fcuracompletaparaomelasma.seublog.net%2F%3Fpage_id%3D307&amp;title=Aplica%C3%A7%C3%B5es+locais\" title=\"Share this post : Aplica\u00e7\u00f5es locais on Reddit\" ><img loading=\"lazy\" decoding=\"async\" src=\"http:\/\/curacompletaparaomelasma.seublog.net\/wp-content\/plugins\/share-and-follow\/images\/blank.gif\" height=\"32\" style=\"background: transparent url(http:\/\/curacompletaparaomelasma.seublog.net\/wp-content\/plugins\/share-and-follow\/default\/32\/sprite-32.png) no-repeat;padding:0;margin:0;height:32px;width:32px;background-position:-1419px 0px\" class=\"image-32\" width=\"32\" alt=\"reddit\"\/> <span class=\"head\">share via Reddit<\/span><\/a><\/li><li class=\"iconOnly\"><a rel=\"nofollow\" target=\"_blank\" href=\"http:\/\/www.stumbleupon.com\/submit?url=https%3A%2F%2Fcuracompletaparaomelasma.seublog.net%2F%3Fpage_id%3D307&amp;title=Aplica%C3%A7%C3%B5es+locais\" title=\"Share this post : Aplica\u00e7\u00f5es locais with Stumblers\" ><img loading=\"lazy\" decoding=\"async\" src=\"http:\/\/curacompletaparaomelasma.seublog.net\/wp-content\/plugins\/share-and-follow\/images\/blank.gif\" height=\"32\" style=\"background: transparent url(http:\/\/curacompletaparaomelasma.seublog.net\/wp-content\/plugins\/share-and-follow\/default\/32\/sprite-32.png) no-repeat;padding:0;margin:0;height:32px;width:32px;background-position:-1617px 0px\" class=\"image-32\" width=\"32\" alt=\"stumble\"\/> <span class=\"head\">Share with Stumblers<\/span><\/a><\/li><li class=\"iconOnly\"><a rel=\"nofollow\" target=\"_blank\" href=\"http:\/\/twitter.com\/home\/?status=https%3A%2F%2Fcuracompletaparaomelasma.seublog.net%2F%3Fpage_id%3D307\" title=\"Tweet this post : Aplica\u00e7\u00f5es locais on Twitter\" ><img loading=\"lazy\" decoding=\"async\" src=\"http:\/\/curacompletaparaomelasma.seublog.net\/wp-content\/plugins\/share-and-follow\/images\/blank.gif\" height=\"32\" style=\"background: transparent url(http:\/\/curacompletaparaomelasma.seublog.net\/wp-content\/plugins\/share-and-follow\/default\/32\/sprite-32.png) no-repeat;padding:0;margin:0;height:32px;width:32px;background-position:-1749px 0px\" class=\"image-32\"  width=\"32\"  alt=\"twitter\"\/> <span class=\"head\">Tweet about it<\/span><\/a><\/li><li class=\"iconOnly\"><a rel=\"_self\" href=\"https:\/\/curacompletaparaomelasma.seublog.net\/?page_id=307&feed=rss2\" title=\"Follow this post : Aplica\u00e7\u00f5es locais comments\"><img loading=\"lazy\" decoding=\"async\" src=\"http:\/\/curacompletaparaomelasma.seublog.net\/wp-content\/plugins\/share-and-follow\/images\/blank.gif\" height=\"32\"  width=\"32\" style=\"background: transparent url(http:\/\/curacompletaparaomelasma.seublog.net\/wp-content\/plugins\/share-and-follow\/default\/32\/sprite-32.png) no-repeat;padding:0;margin:0;height:32px;width:32px;background-position:-1452px 0px\" class=\"image-32\"  alt=\"rss\" \/> <span class=\"head\">Subscribe to the comments on this post<\/span><\/a><\/li><\/ul><div class=\"clean\"><\/div> <\/div>","protected":false},"excerpt":{"rendered":"<p>1- ARGILA Manuel Lezaeta Achar\u00e1n discorre \u00a0sobre as propriedades da argila\u00a0em seu livro Medicina Natural ao Alcance de Todos. Misturada \u00e0 \u00e1gua \u00a0 \u00a0fresca, tem in\u00fameras propriedades que remontam ao que j\u00e1 dissemos sobre a aplica\u00e7\u00e3o de \u00e1gua fria na &hellip; <a href=\"https:\/\/curacompletaparaomelasma.seublog.net\/?page_id=307\">Continue lendo <span class=\"meta-nav\">&rarr;<\/span><\/a><\/p>\n","protected":false},"author":2112,"featured_media":0,"parent":2,"menu_order":0,"comment_status":"open","ping_status":"open","template":"","meta":{"footnotes":""},"class_list":["post-307","page","type-page","status-publish","hentry"],"_links":{"self":[{"href":"https:\/\/curacompletaparaomelasma.seublog.net\/index.php?rest_route=\/wp\/v2\/pages\/307","targetHints":{"allow":["GET"]}}],"collection":[{"href":"https:\/\/curacompletaparaomelasma.seublog.net\/index.php?rest_route=\/wp\/v2\/pages"}],"about":[{"href":"https:\/\/curacompletaparaomelasma.seublog.net\/index.php?rest_route=\/wp\/v2\/types\/page"}],"author":[{"embeddable":true,"href":"https:\/\/curacompletaparaomelasma.seublog.net\/index.php?rest_route=\/wp\/v2\/users\/2112"}],"replies":[{"embeddable":true,"href":"https:\/\/curacompletaparaomelasma.seublog.net\/index.php?rest_route=%2Fwp%2Fv2%2Fcomments&post=307"}],"version-history":[{"count":22,"href":"https:\/\/curacompletaparaomelasma.seublog.net\/index.php?rest_route=\/wp\/v2\/pages\/307\/revisions"}],"predecessor-version":[{"id":819,"href":"https:\/\/curacompletaparaomelasma.seublog.net\/index.php?rest_route=\/wp\/v2\/pages\/307\/revisions\/819"}],"up":[{"embeddable":true,"href":"https:\/\/curacompletaparaomelasma.seublog.net\/index.php?rest_route=\/wp\/v2\/pages\/2"}],"wp:attachment":[{"href":"https:\/\/curacompletaparaomelasma.seublog.net\/index.php?rest_route=%2Fwp%2Fv2%2Fmedia&parent=307"}],"curies":[{"name":"wp","href":"https:\/\/api.w.org\/{rel}","templated":true}]}}