{"id":31,"date":"2013-01-21T17:56:05","date_gmt":"2013-01-21T20:56:05","guid":{"rendered":"http:\/\/curacompletaparaomelasma.seublog.net\/?page_id=31"},"modified":"2013-07-22T20:36:54","modified_gmt":"2013-07-22T23:36:54","slug":"metodos-para-cura","status":"publish","type":"page","link":"https:\/\/curacompletaparaomelasma.seublog.net\/?page_id=31","title":{"rendered":"M\u00e9todos para cura"},"content":{"rendered":"<p>Os m\u00e9todos para cura cura definitiva, completa e natural do melasma s\u00e3o apresentadas nas\u00a0diferentes\u00a0p\u00e1ginas deste saite. Acesse-as e estude uma a uma. Reflita profundamente sobre cada m\u00e9todo, sobre quais voc\u00ea dever\u00e1 utilizar. Um terapeuta hol\u00edstico talvez possa te ajudar a decidir. Mas s\u00e3o todos m\u00e9todos naturais, que s\u00e3o geralmente ben\u00e9ficos para o corpos, sem efeitos colaterais.<\/p>\n<p align=\"left\">N\u00e3o h\u00e1 nelas nenhuma orienta\u00e7\u00e3o para se recorrer \u00e0 medicina oficial, que n\u00e3o sabe lidar, coerentemente, com o problema. Cremes, pomadas, <em>lasers<\/em> resolvem o problema apenas superficialmente, ocasionando, muitas vezes, o retorno das manchas, at\u00e9 mais fortes e extensas que antes. Se ap\u00f3s esses procedimentos agressivos as manchas\u00a0n\u00e3o voltam \u00a0em alguns casos \u00e9 porque as causas internas, coincidentemente, cessaram.<\/p>\n<p>Tamb\u00e9m, n\u00e3o se pode acreditar que as manchas na pele v\u00e3o sair definitivamente em curto prazo. Num per\u00edodo assim, pode-se at\u00e9 verificar melhoras; mas para desaparecerem completamente, ser\u00e3o necess\u00e1rios v\u00e1rios meses. Na p\u00e1gina deste saite denominada &#8220;Contraceptivos hormonais&#8221; h\u00e1 um exemplo de uma mulher que viu suas manchas desaparecerem depois de quatro anos. Mas ela n\u00e3o usou nenhum outro m\u00e9todo sen\u00e3o o abandono definitivo do uso de p\u00edlulas anticoncepcionais; caso contr\u00e1rio, a cura poderia ter-se dado mais rapidamente.<\/p>\n<p>Ap\u00f3s o completo desaparecimento das manchas escuras na pele, \u00e9 preciso continuar com as mudan\u00e7as de h\u00e1bito que originaram a cura, pelo menos n\u00e3o abandon\u00e1-las na maior parte, sob pena de retorno das manchas.<br \/>\nA respeito da utiliza\u00e7\u00e3o concomitante dos diversos m\u00e9todos dispon\u00edveis, apenas aconselhamos, no caso da homeopatia, conversar com o profissional sobre as combina\u00e7\u00f5es aconselh\u00e1veis. Um especialista em medicina alternativa tamb\u00e9m poder\u00e1 ser consultado.<\/p>\n<p>&nbsp;<\/p>\n<p>&nbsp;<\/p>\n<p>&nbsp;<\/p>\n<div class='shareinpost'><ul class=\"socialwrap row\"><li class=\"iconOnly\"><a rel=\"nofollow\" target=\"_blank\" href=\"http:\/\/delicious.com\/post?url=https%3A%2F%2Fcuracompletaparaomelasma.seublog.net%2F%3Fpage_id%3D31&amp;title=M%C3%A9todos+para+cura\" title=\"Bookmark this post : M\u00e9todos para cura on Delicious\" ><img loading=\"lazy\" decoding=\"async\" src=\"http:\/\/curacompletaparaomelasma.seublog.net\/wp-content\/plugins\/share-and-follow\/images\/blank.gif\" height=\"32\" style=\"background: transparent url(http:\/\/curacompletaparaomelasma.seublog.net\/wp-content\/plugins\/share-and-follow\/default\/32\/sprite-32.png) no-repeat;padding:0;margin:0;height:32px;width:32px;background-position:-198px 0px\" class=\"image-32\" width=\"32\" alt=\"delicious\"\/> <span class=\"head\">Bookmark on Delicious<\/span><\/a><\/li><li class=\"iconOnly\"><a rel=\"nofollow\" target=\"_blank\" href=\"http:\/\/digg.com\/submit?url=https%3A%2F%2Fcuracompletaparaomelasma.seublog.net%2F%3Fpage_id%3D31&amp;title=M%C3%A9todos+para+cura&amp;bodytext=Os+m%C3%A9todos+para+cura+cura+definitiva%2C+completa+e+natural+do+melasma+s%C3%A3o+apresentadas+nas%C2%A0diferentes%C2%A0p%C3%A1ginas+deste+saite.+Acesse-as+e+estude+uma+a+uma.+Reflita+profundamente+sobre+cada+m%C3%A9todo%2C+sobre+quais+voc%C3%AA+dever%C3%A1+utilizar.+Um+terapeuta+hol%C3%ADstico+talvez+possa+te+ajudar+a+decidir.+Mas+s%C3%A3o+todos+m%C3%A9todos+natu\" title=\"Digg this post : M\u00e9todos para cura\" ><img loading=\"lazy\" decoding=\"async\" src=\"http:\/\/curacompletaparaomelasma.seublog.net\/wp-content\/plugins\/share-and-follow\/images\/blank.gif\" height=\"32\" style=\"background: transparent url(http:\/\/curacompletaparaomelasma.seublog.net\/wp-content\/plugins\/share-and-follow\/default\/32\/sprite-32.png) no-repeat;padding:0;margin:0;height:32px;width:32px;background-position:-264px 0px\" class=\"image-32\" width=\"32\" alt=\"digg\"\/> <span class=\"head\">Digg this post<\/span><\/a><\/li><li class=\"iconOnly\"><a rel=\"nofollow\" target=\"_blank\" href=\"http:\/\/www.facebook.com\/sharer.php?u=https%3A%2F%2Fcuracompletaparaomelasma.seublog.net%2F%3Fpage_id%3D31&amp;t=M%C3%A9todos+para+cura\" title=\"Recommend this post : M\u00e9todos para cura on Facebook\" ><img loading=\"lazy\" decoding=\"async\" src=\"http:\/\/curacompletaparaomelasma.seublog.net\/wp-content\/plugins\/share-and-follow\/images\/blank.gif\" height=\"32\" style=\"background: transparent url(http:\/\/curacompletaparaomelasma.seublog.net\/wp-content\/plugins\/share-and-follow\/default\/32\/sprite-32.png) no-repeat;padding:0;margin:0;height:32px;width:32px;background-position:-363px 0px\" class=\"image-32\" width=\"32\" alt=\"facebook\"\/> <span class=\"head\">Recommend on Facebook<\/span><\/a><\/li><li class=\"iconOnly\"><a rel=\"nofollow\" target=\"_blank\" href=\"http:\/\/www.reddit.com\/submit?url=https%3A%2F%2Fcuracompletaparaomelasma.seublog.net%2F%3Fpage_id%3D31&amp;title=M%C3%A9todos+para+cura\" title=\"Share this post : M\u00e9todos para cura on Reddit\" ><img loading=\"lazy\" decoding=\"async\" src=\"http:\/\/curacompletaparaomelasma.seublog.net\/wp-content\/plugins\/share-and-follow\/images\/blank.gif\" height=\"32\" style=\"background: transparent url(http:\/\/curacompletaparaomelasma.seublog.net\/wp-content\/plugins\/share-and-follow\/default\/32\/sprite-32.png) no-repeat;padding:0;margin:0;height:32px;width:32px;background-position:-1419px 0px\" class=\"image-32\" width=\"32\" alt=\"reddit\"\/> <span class=\"head\">share via Reddit<\/span><\/a><\/li><li class=\"iconOnly\"><a rel=\"nofollow\" target=\"_blank\" href=\"http:\/\/www.stumbleupon.com\/submit?url=https%3A%2F%2Fcuracompletaparaomelasma.seublog.net%2F%3Fpage_id%3D31&amp;title=M%C3%A9todos+para+cura\" title=\"Share this post : M\u00e9todos para cura with Stumblers\" ><img loading=\"lazy\" decoding=\"async\" src=\"http:\/\/curacompletaparaomelasma.seublog.net\/wp-content\/plugins\/share-and-follow\/images\/blank.gif\" height=\"32\" style=\"background: transparent url(http:\/\/curacompletaparaomelasma.seublog.net\/wp-content\/plugins\/share-and-follow\/default\/32\/sprite-32.png) no-repeat;padding:0;margin:0;height:32px;width:32px;background-position:-1617px 0px\" class=\"image-32\" width=\"32\" alt=\"stumble\"\/> <span class=\"head\">Share with Stumblers<\/span><\/a><\/li><li class=\"iconOnly\"><a rel=\"nofollow\" target=\"_blank\" href=\"http:\/\/twitter.com\/home\/?status=https%3A%2F%2Fcuracompletaparaomelasma.seublog.net%2F%3Fpage_id%3D31\" title=\"Tweet this post : M\u00e9todos para cura on Twitter\" ><img loading=\"lazy\" decoding=\"async\" src=\"http:\/\/curacompletaparaomelasma.seublog.net\/wp-content\/plugins\/share-and-follow\/images\/blank.gif\" height=\"32\" style=\"background: transparent url(http:\/\/curacompletaparaomelasma.seublog.net\/wp-content\/plugins\/share-and-follow\/default\/32\/sprite-32.png) no-repeat;padding:0;margin:0;height:32px;width:32px;background-position:-1749px 0px\" class=\"image-32\"  width=\"32\"  alt=\"twitter\"\/> <span class=\"head\">Tweet about it<\/span><\/a><\/li><li class=\"iconOnly\"><a rel=\"_self\" href=\"https:\/\/curacompletaparaomelasma.seublog.net\/?page_id=31&feed=rss2\" title=\"Follow this post : M\u00e9todos para cura comments\"><img loading=\"lazy\" decoding=\"async\" src=\"http:\/\/curacompletaparaomelasma.seublog.net\/wp-content\/plugins\/share-and-follow\/images\/blank.gif\" height=\"32\"  width=\"32\" style=\"background: transparent url(http:\/\/curacompletaparaomelasma.seublog.net\/wp-content\/plugins\/share-and-follow\/default\/32\/sprite-32.png) no-repeat;padding:0;margin:0;height:32px;width:32px;background-position:-1452px 0px\" class=\"image-32\"  alt=\"rss\" \/> <span class=\"head\">Subscribe to the comments on this post<\/span><\/a><\/li><\/ul><div class=\"clean\"><\/div> <\/div>","protected":false},"excerpt":{"rendered":"<p>Os m\u00e9todos para cura cura definitiva, completa e natural do melasma s\u00e3o apresentadas nas\u00a0diferentes\u00a0p\u00e1ginas deste saite. Acesse-as e estude uma a uma. Reflita profundamente sobre cada m\u00e9todo, sobre quais voc\u00ea dever\u00e1 utilizar. Um terapeuta hol\u00edstico talvez possa te ajudar a &hellip; <a href=\"https:\/\/curacompletaparaomelasma.seublog.net\/?page_id=31\">Continue lendo <span class=\"meta-nav\">&rarr;<\/span><\/a><\/p>\n","protected":false},"author":2112,"featured_media":0,"parent":2,"menu_order":0,"comment_status":"open","ping_status":"open","template":"","meta":{"footnotes":""},"class_list":["post-31","page","type-page","status-publish","hentry"],"_links":{"self":[{"href":"https:\/\/curacompletaparaomelasma.seublog.net\/index.php?rest_route=\/wp\/v2\/pages\/31","targetHints":{"allow":["GET"]}}],"collection":[{"href":"https:\/\/curacompletaparaomelasma.seublog.net\/index.php?rest_route=\/wp\/v2\/pages"}],"about":[{"href":"https:\/\/curacompletaparaomelasma.seublog.net\/index.php?rest_route=\/wp\/v2\/types\/page"}],"author":[{"embeddable":true,"href":"https:\/\/curacompletaparaomelasma.seublog.net\/index.php?rest_route=\/wp\/v2\/users\/2112"}],"replies":[{"embeddable":true,"href":"https:\/\/curacompletaparaomelasma.seublog.net\/index.php?rest_route=%2Fwp%2Fv2%2Fcomments&post=31"}],"version-history":[{"count":23,"href":"https:\/\/curacompletaparaomelasma.seublog.net\/index.php?rest_route=\/wp\/v2\/pages\/31\/revisions"}],"predecessor-version":[{"id":48,"href":"https:\/\/curacompletaparaomelasma.seublog.net\/index.php?rest_route=\/wp\/v2\/pages\/31\/revisions\/48"}],"up":[{"embeddable":true,"href":"https:\/\/curacompletaparaomelasma.seublog.net\/index.php?rest_route=\/wp\/v2\/pages\/2"}],"wp:attachment":[{"href":"https:\/\/curacompletaparaomelasma.seublog.net\/index.php?rest_route=%2Fwp%2Fv2%2Fmedia&parent=31"}],"curies":[{"name":"wp","href":"https:\/\/api.w.org\/{rel}","templated":true}]}}