{"id":34,"date":"2013-01-21T18:27:31","date_gmt":"2013-01-21T21:27:31","guid":{"rendered":"http:\/\/curacompletaparaomelasma.seublog.net\/?page_id=34"},"modified":"2014-06-01T12:54:25","modified_gmt":"2014-06-01T16:54:25","slug":"medicina-natural-ao-alcance-de-todos","status":"publish","type":"page","link":"https:\/\/curacompletaparaomelasma.seublog.net\/?page_id=34","title":{"rendered":"Medicina Natural ao Alcance de Todos"},"content":{"rendered":"<p>Medicina Natural ao Alcance de Todos \u00e9 um livro escrito pelo chileno MANUEL LEZAETA ACHAR\u00c1N. APENAS com as t\u00e9cnicas descritas nessa obra j\u00e1 \u00e9 poss\u00edvel se ter sa\u00fade perfeita em todos os sentidos, inclusive da pele, que reflete nossa condi\u00e7\u00e3o interna. O problema \u00e9 que, com os tempos modernos, \u00e9 complicado dispor-se de tempo, condi\u00e7\u00f5es externas e sobretudo disciplina para dedicar-se totalmente \u00e0s prescri\u00e7\u00f5es do livro. A chave est\u00e1 em dedicar-se a elas o mais poss\u00edvel.<\/p>\n<p>O livro n\u00e3o fala diretamente sobre melasma. Mas afirma em certo trecho que o indiv\u00edduo que tem sa\u00fade (que \u00e9 objetivo de suas t\u00e9cnicas) n\u00e3o possui manchas no rosto. Num outro trecho, acrescenta que a pessoa que dorme com as janelas \u00a0abertas, respirando ar puro, gozar\u00e1 de cores saud\u00e1veis em sua face, sem precisar de artif\u00edcios.<\/p>\n<p>Recomendamos fortemente sua leitura. Pode ser adquirido pela rede ou em lojas, ou baixado, em espanhol, da internet; posteriormente vamos ver se o disponibilizemos neste saite.<\/p>\n<p>2 Links para download:<\/p>\n<p><a href=\"http:\/\/www.mediafire.com\/download\/losq0s77o8460a6\/Lezaeta+Achar%C3%A1n%2C+Manuel+-+Medicina+natural+al+alcance+de+todos.pdf\" target=\"_blank\">http:\/\/www.mediafire.com\/download\/losq0s77o8460a6\/Lezaeta+Achar%C3%A1n%2C+Manuel+-+Medicina+natural+al+alcance+de+todos.pdf<\/a><\/p>\n<p>(<span style=\"text-decoration: underline\"><strong>ATEN\u00c7\u00c3O<\/strong>: clicar em &#8220;download&#8221; para baixar ou &#8220;view&#8221; para visualizar &#8211; MAS APENAS NOS BOT\u00d5ES VERDES QUE APARECEM NA TELA. N\u00c3O CLIQUE PRA INSTALAR NADA EM SEU COMPUTADOR, QUE \u00c9 DESNECESS\u00c1RIO.<\/span>)<\/p>\n<p>&nbsp;<\/p>\n<p><a href=\"http:\/\/lashadas.webcindario.com\/saludnatural.pdf\" target=\"_blank\">http:\/\/lashadas.webcindario.com\/saludnatural.pdf<\/a><\/p>\n<p>(O idioma espanhol \u00e9 praticamente id\u00eantico ao portugu\u00eas; voc\u00ea aprende uma d\u00fazia de palavras diferentes\u00a0mais usadas e j\u00e1 fica fluente na outra l\u00edngua. E qualquer d\u00favida na compreens\u00e3o de alguma parte do livro, pode contar conosco.)<\/p>\n<p>&nbsp;<\/p>\n<p>O livro ensina que a sa\u00fade \u00e9 conquistada e preservada com atitudes as mais naturalistas poss\u00edveis.<\/p>\n<p>Vamos frisar, aqui, algumas dicas, que s\u00e3o descritas nesse livro, que \u00e9 a b\u00edblia da medicina natural. (O que se fala abaixo sobre a retirada de \u00e1gua dos intestinos est\u00e1 no livro A Defici\u00eancia de Sal, de\u00a0Martin J. Lara.)<\/p>\n<p>&nbsp;<\/p>\n<p>Muitas pessoas se veem livres do melasma somente por regularizarem o funcionamento de seus intestinos. Um intestino que funciona mal, que ret\u00e9m por dias seus excrementos, contamina todo o organismo. Assim como os nutrientes dos alimentos s\u00e3o retirados a partir do intestino, quando se acumulam excrementos ali estes s\u00e3o tamb\u00e9m extra\u00eddos desse \u00f3rg\u00e3o e espalhados por todo o corpo, \u00a0 \u00a0contaminando-o. O mesmo racioc\u00ednio \u00e9 v\u00e1lido para a \u00e1gua: quando n\u00e3o ingerimos esse l\u00edquido em quantidade satisfat\u00f3ria, o organismo retira-o das fezes para satisfazer suas necessidades. Os excrementos ficam ressecados, o que agrava a pris\u00e3o de ventre. Essa enfermidade \u00e9 a causa de todas as doen\u00e7as. ESSAS CONTAMINA\u00c7\u00d5ES PREJUDICAM SOBREMANEIRA O FUNCIONAMENTO DE TODOS OS \u00d3RG\u00c3OS, <strong>PRINCIPALMENTE DO F\u00cdGADO.<\/strong><\/p>\n<p>Assim, faz-se necess\u00e1ria a pr\u00e1tica di\u00e1ria da defeca\u00e7\u00e3o. (Afirma-se que o correto deveria ser tr\u00eas vezes por dia; mas que seja pelo menos uma). Para isso, beber \u00e1gua em abund\u00e2ncia durante todo o dia (sem exagerar), alimentar-se fartamente de frutas (aconselha-se s\u00f3 comer frutas pela manh\u00e3), legumes e verduras,\u00a0tomando o cuidado de n\u00e3o misturar alimentos que n\u00e3o combinam entre si. Evitar comida indigesta (doces, carnes, frituras, gorduras, alimentos industrializados&#8230;). Comer sem exageros, procurando os alimentos de mais f\u00e1cil digest\u00e3o; essa regra deve ser seguida mais estritamente \u00e0 noite.<\/p>\n<p>No final do dia, ou a hora marcada a cada dia, se n\u00e3o tiver havido evacua\u00e7\u00e3o, sentar-se no vaso sanit\u00e1rio; se n\u00e3o houver vontade, sentar-se assim mesmo, para que organismo se acostume a perceber que a pr\u00e1tica deve ser feita diariamente.<\/p>\n<p>Transcrevemos aqui um trecho do livro em pauta sobre pris\u00e3o de ventre: &#8220;Todas as doen\u00e7as pr\u00f3prias da mulher geralmente n\u00e3o tem outra causa, sendo as varizes, flebites, hemorroidas, fluxos vaginais, transtornos da menstrua\u00e7\u00e3o, tumores, histerismo, <strong>afec\u00e7\u00f5es<\/strong> sexuais e <strong>da pele<\/strong>, etc.,\u00a0consequ\u00eancia\u00a0pr\u00f3xima ou remota da pris\u00e3o de ventre.&#8221;. (Grifo nosso.)<\/p>\n<p><strong>DICA IMPORTANTE PARA PROVOCAR A EVACUA\u00c7\u00c3O<\/strong><br \/>\nTodas as noites, colocar, em um copo d&#8217;\u00e1gua uma ou duas colheres de linha\u00e7a. Adicionar umas quatro ou cinco ameixas pretas secas. Na manh\u00e3 seguinte, tomar a \u00e1gua com a linha\u00e7a, sem mastigar, e comer as ameixas. Adicionar mel torna a ingest\u00e3o desse extraordin\u00e1rio alimento (e rem\u00e9dio) mais agrad\u00e1vel.<\/p>\n<p>Veja, neste saite, breve resumo do livro: \u00a0\u00a0<a href=\"http:\/\/curacompletaparaomelasma.seublog.net\/?page_id=284\">http:\/\/curacompletaparaomelasma.seublog.net\/?page_id=284<\/a><\/p>\n<p>&nbsp;<\/p>\n<div class='shareinpost'><ul class=\"socialwrap row\"><li class=\"iconOnly\"><a rel=\"nofollow\" target=\"_blank\" href=\"http:\/\/delicious.com\/post?url=https%3A%2F%2Fcuracompletaparaomelasma.seublog.net%2F%3Fpage_id%3D34&amp;title=Medicina+Natural+ao+Alcance+de+Todos\" title=\"Bookmark this post : Medicina Natural ao Alcance de Todos on Delicious\" ><img loading=\"lazy\" decoding=\"async\" src=\"http:\/\/curacompletaparaomelasma.seublog.net\/wp-content\/plugins\/share-and-follow\/images\/blank.gif\" height=\"32\" style=\"background: transparent url(http:\/\/curacompletaparaomelasma.seublog.net\/wp-content\/plugins\/share-and-follow\/default\/32\/sprite-32.png) no-repeat;padding:0;margin:0;height:32px;width:32px;background-position:-198px 0px\" class=\"image-32\" width=\"32\" alt=\"delicious\"\/> <span class=\"head\">Bookmark on Delicious<\/span><\/a><\/li><li class=\"iconOnly\"><a rel=\"nofollow\" target=\"_blank\" href=\"http:\/\/digg.com\/submit?url=https%3A%2F%2Fcuracompletaparaomelasma.seublog.net%2F%3Fpage_id%3D34&amp;title=Medicina+Natural+ao+Alcance+de+Todos&amp;bodytext=Medicina+Natural+ao+Alcance+de+Todos+%C3%A9+um+livro+escrito+pelo+chileno+MANUEL+LEZAETA+ACHAR%C3%81N.+APENAS+com+as+t%C3%A9cnicas+descritas+nessa+obra+j%C3%A1+%C3%A9+poss%C3%ADvel+se+ter+sa%C3%BAde+perfeita+em+todos+os+sentidos%2C+inclusive+da+pele%2C+que+reflete+nossa+condi%C3%A7%C3%A3o+interna.+O+problema+%C3%A9+que%2C+com+os+tempos+modernos%2C+%C3%A9+complicado+disp\" title=\"Digg this post : Medicina Natural ao Alcance de Todos\" ><img loading=\"lazy\" decoding=\"async\" src=\"http:\/\/curacompletaparaomelasma.seublog.net\/wp-content\/plugins\/share-and-follow\/images\/blank.gif\" height=\"32\" style=\"background: transparent url(http:\/\/curacompletaparaomelasma.seublog.net\/wp-content\/plugins\/share-and-follow\/default\/32\/sprite-32.png) no-repeat;padding:0;margin:0;height:32px;width:32px;background-position:-264px 0px\" class=\"image-32\" width=\"32\" alt=\"digg\"\/> <span class=\"head\">Digg this post<\/span><\/a><\/li><li class=\"iconOnly\"><a rel=\"nofollow\" target=\"_blank\" href=\"http:\/\/www.facebook.com\/sharer.php?u=https%3A%2F%2Fcuracompletaparaomelasma.seublog.net%2F%3Fpage_id%3D34&amp;t=Medicina+Natural+ao+Alcance+de+Todos\" title=\"Recommend this post : Medicina Natural ao Alcance de Todos on Facebook\" ><img loading=\"lazy\" decoding=\"async\" src=\"http:\/\/curacompletaparaomelasma.seublog.net\/wp-content\/plugins\/share-and-follow\/images\/blank.gif\" height=\"32\" style=\"background: transparent url(http:\/\/curacompletaparaomelasma.seublog.net\/wp-content\/plugins\/share-and-follow\/default\/32\/sprite-32.png) no-repeat;padding:0;margin:0;height:32px;width:32px;background-position:-363px 0px\" class=\"image-32\" width=\"32\" alt=\"facebook\"\/> <span class=\"head\">Recommend on Facebook<\/span><\/a><\/li><li class=\"iconOnly\"><a rel=\"nofollow\" target=\"_blank\" href=\"http:\/\/www.reddit.com\/submit?url=https%3A%2F%2Fcuracompletaparaomelasma.seublog.net%2F%3Fpage_id%3D34&amp;title=Medicina+Natural+ao+Alcance+de+Todos\" title=\"Share this post : Medicina Natural ao Alcance de Todos on Reddit\" ><img loading=\"lazy\" decoding=\"async\" src=\"http:\/\/curacompletaparaomelasma.seublog.net\/wp-content\/plugins\/share-and-follow\/images\/blank.gif\" height=\"32\" style=\"background: transparent url(http:\/\/curacompletaparaomelasma.seublog.net\/wp-content\/plugins\/share-and-follow\/default\/32\/sprite-32.png) no-repeat;padding:0;margin:0;height:32px;width:32px;background-position:-1419px 0px\" class=\"image-32\" width=\"32\" alt=\"reddit\"\/> <span class=\"head\">share via Reddit<\/span><\/a><\/li><li class=\"iconOnly\"><a rel=\"nofollow\" target=\"_blank\" href=\"http:\/\/www.stumbleupon.com\/submit?url=https%3A%2F%2Fcuracompletaparaomelasma.seublog.net%2F%3Fpage_id%3D34&amp;title=Medicina+Natural+ao+Alcance+de+Todos\" title=\"Share this post : Medicina Natural ao Alcance de Todos with Stumblers\" ><img loading=\"lazy\" decoding=\"async\" src=\"http:\/\/curacompletaparaomelasma.seublog.net\/wp-content\/plugins\/share-and-follow\/images\/blank.gif\" height=\"32\" style=\"background: transparent url(http:\/\/curacompletaparaomelasma.seublog.net\/wp-content\/plugins\/share-and-follow\/default\/32\/sprite-32.png) no-repeat;padding:0;margin:0;height:32px;width:32px;background-position:-1617px 0px\" class=\"image-32\" width=\"32\" alt=\"stumble\"\/> <span class=\"head\">Share with Stumblers<\/span><\/a><\/li><li class=\"iconOnly\"><a rel=\"nofollow\" target=\"_blank\" href=\"http:\/\/twitter.com\/home\/?status=https%3A%2F%2Fcuracompletaparaomelasma.seublog.net%2F%3Fpage_id%3D34\" title=\"Tweet this post : Medicina Natural ao Alcance de Todos on Twitter\" ><img loading=\"lazy\" decoding=\"async\" src=\"http:\/\/curacompletaparaomelasma.seublog.net\/wp-content\/plugins\/share-and-follow\/images\/blank.gif\" height=\"32\" style=\"background: transparent url(http:\/\/curacompletaparaomelasma.seublog.net\/wp-content\/plugins\/share-and-follow\/default\/32\/sprite-32.png) no-repeat;padding:0;margin:0;height:32px;width:32px;background-position:-1749px 0px\" class=\"image-32\"  width=\"32\"  alt=\"twitter\"\/> <span class=\"head\">Tweet about it<\/span><\/a><\/li><li class=\"iconOnly\"><a rel=\"_self\" href=\"https:\/\/curacompletaparaomelasma.seublog.net\/?page_id=34&feed=rss2\" title=\"Follow this post : Medicina Natural ao Alcance de Todos comments\"><img loading=\"lazy\" decoding=\"async\" src=\"http:\/\/curacompletaparaomelasma.seublog.net\/wp-content\/plugins\/share-and-follow\/images\/blank.gif\" height=\"32\"  width=\"32\" style=\"background: transparent url(http:\/\/curacompletaparaomelasma.seublog.net\/wp-content\/plugins\/share-and-follow\/default\/32\/sprite-32.png) no-repeat;padding:0;margin:0;height:32px;width:32px;background-position:-1452px 0px\" class=\"image-32\"  alt=\"rss\" \/> <span class=\"head\">Subscribe to the comments on this post<\/span><\/a><\/li><\/ul><div class=\"clean\"><\/div> <\/div>","protected":false},"excerpt":{"rendered":"<p>Medicina Natural ao Alcance de Todos \u00e9 um livro escrito pelo chileno MANUEL LEZAETA ACHAR\u00c1N. APENAS com as t\u00e9cnicas descritas nessa obra j\u00e1 \u00e9 poss\u00edvel se ter sa\u00fade perfeita em todos os sentidos, inclusive da pele, que reflete nossa condi\u00e7\u00e3o &hellip; <a href=\"https:\/\/curacompletaparaomelasma.seublog.net\/?page_id=34\">Continue lendo <span class=\"meta-nav\">&rarr;<\/span><\/a><\/p>\n","protected":false},"author":2112,"featured_media":0,"parent":0,"menu_order":0,"comment_status":"open","ping_status":"open","template":"","meta":{"footnotes":""},"class_list":["post-34","page","type-page","status-publish","hentry"],"_links":{"self":[{"href":"https:\/\/curacompletaparaomelasma.seublog.net\/index.php?rest_route=\/wp\/v2\/pages\/34","targetHints":{"allow":["GET"]}}],"collection":[{"href":"https:\/\/curacompletaparaomelasma.seublog.net\/index.php?rest_route=\/wp\/v2\/pages"}],"about":[{"href":"https:\/\/curacompletaparaomelasma.seublog.net\/index.php?rest_route=\/wp\/v2\/types\/page"}],"author":[{"embeddable":true,"href":"https:\/\/curacompletaparaomelasma.seublog.net\/index.php?rest_route=\/wp\/v2\/users\/2112"}],"replies":[{"embeddable":true,"href":"https:\/\/curacompletaparaomelasma.seublog.net\/index.php?rest_route=%2Fwp%2Fv2%2Fcomments&post=34"}],"version-history":[{"count":35,"href":"https:\/\/curacompletaparaomelasma.seublog.net\/index.php?rest_route=\/wp\/v2\/pages\/34\/revisions"}],"predecessor-version":[{"id":821,"href":"https:\/\/curacompletaparaomelasma.seublog.net\/index.php?rest_route=\/wp\/v2\/pages\/34\/revisions\/821"}],"wp:attachment":[{"href":"https:\/\/curacompletaparaomelasma.seublog.net\/index.php?rest_route=%2Fwp%2Fv2%2Fmedia&parent=34"}],"curies":[{"name":"wp","href":"https:\/\/api.w.org\/{rel}","templated":true}]}}