{"id":38,"date":"2013-01-21T18:28:40","date_gmt":"2013-01-21T21:28:40","guid":{"rendered":"http:\/\/curacompletaparaomelasma.seublog.net\/?page_id=38"},"modified":"2013-03-17T20:05:01","modified_gmt":"2013-03-17T23:05:01","slug":"fitoterapia","status":"publish","type":"page","link":"https:\/\/curacompletaparaomelasma.seublog.net\/?page_id=38","title":{"rendered":"Fitoterapia"},"content":{"rendered":"<p>A fitoterapia para o tratamento do melasma deve ser devidamente orientada para esse fim.<br \/>\nAbaixo, citamos alguns m\u00e9todos exatamente como s\u00e3o mencionados no livro Tratado de Medicina Oculta e Magia Pr\u00e1tica, de Samael Awn Weor. A \u00fanica receita que menciona diretamente o termo &#8220;melasma&#8221; (pano negro, como se dizia antigamente no Brasil &#8211; em espanhol: pa\u00f1o negro) \u00e9 a primeira. Transcrevemos as receitas em it\u00e1lico, e logo, em algumas delas, apresentamos coment\u00e1rios.<br \/>\nO link para o mencionado livro \u00e9 (portugu\u00eas):<br \/>\n<a href=\"http:\/\/www.clxv.org\/livros\/samaelaunweor\/SamaelAunWeor_Tratado_de_Medicina_Oculta_e_Magia_Pratica_br.htm\" target=\"_blank\">http:\/\/www.clxv.org\/livros\/samaelaunweor\/SamaelAunWeor_Tratado_de_Medicina_Oculta_e_Magia_Pratica_br.htm<\/a>\u00a0;<\/p>\n<p>em (espanhol): <a href=\"http:\/\/sawzone.org\/docs\/MedicinaOculta1952.pdf\" target=\"_blank\">http:\/\/sawzone.org\/docs\/MedicinaOculta1952.pdf<\/a><\/p>\n<p>\u00c9 importante lembrar que devemos analisar todas as informa\u00e7\u00f5es que nos chegam com esp\u00edrito cr\u00edtico e com mente aberta. Muitas verdades cient\u00edficas hoje comprovadas eram, no passado, tidas como rid\u00edculas crendices.<br \/>\nObs.: o mencionado livro prescreve umas ora\u00e7\u00f5es que devem ser feitas, relacionadas \u00e0s plantas que envolvem todas essas misturas. Como a grande maioria das pessoas n\u00e3o s\u00e3o exoteristas, aconselhamos apenas que o doente ore a Deus (conforme se cr\u00ea em sua religi\u00e3o) que fa\u00e7a com que as propriedades curativas das plantas que ser\u00e3o ingeridas atuem o mais eficientemente poss\u00edvel em seu organismo. N\u00e3o \u00e9 demais que essa ora\u00e7\u00e3o seja feita antes de cada ingest\u00e3o.<br \/>\nIMPORTANTE:<br \/>\nN\u00e3o \u00e9 recomend\u00e1vel fazer uso de mais de uma das receitas por vez.<\/p>\n<p>1) &#8220;PA\u00d1OS NEGROS<br \/>\nNaranja agria con ruibarbo en polvo en agua azucarada. La carne hace da\u00f1o para el manchado.&#8221;<br \/>\nTRADU\u00c7\u00c3O:<br \/>\n(&#8220;PANO NEGRO<br \/>\nCura-se com laranja azeda e ruibarbo em p\u00f3 em \u00e1gua a\u00e7ucarada. O consumo de carne \u00e9 prejudicial para o portador dessas manchas.&#8221;)<br \/>\nComent\u00e1rios:<br \/>\na) A receita cont\u00e9m laranja, rica em vitamina C, poderosa subst\u00e2ncia que, como todo antioxidante, tem efeito sobre a libera\u00e7\u00e3o de melanina na pele;<br \/>\nb) Cont\u00e9m ruibarbo. Se lermos sobre as propriedades dessa planta, verificaremos que ela age muito beneficamente sobre o est\u00f4mago, o f\u00edgado e o intestino, o que \u00e9 perfeitamente compat\u00edvel com o que se afirma em outros trechos deste saite: o melasma \u00e9 causado por disfun\u00e7\u00f5es org\u00e2nicas, principalmente provenientes de desordens do sistema digestivo.<br \/>\nCostuma-se aconselhar que pessoas que se encontrem em condi\u00e7\u00f5es excepcionais, como mulheres gr\u00e1vidas e lactantes, doentes do cora\u00e7\u00e3o, etc, consultem um profissional fitoter\u00e1pico ou farmac\u00eautico sobre os efeitos colaterais do ruibarbo, antes de usar; e tamb\u00e9m os diab\u00e9ticos devem, claro, considerar que a f\u00f3rmula cont\u00e9m a\u00e7\u00facar.<br \/>\nc) Essa \u00faltima subst\u00e2ncia, que \u00e9 considerada o veneno mais mort\u00edfero inventado pela humanidade, antes de ser usado como condimento, era usado como rem\u00e9dio;<br \/>\nd) &#8220;A carne faz mal para o portador dessas manchas.&#8221; Se considerarmos livros como Medicina Natural ao Alcance de Todos e muitos outros, constataremos que a carne \u00e9 dos alimentos que mais afetam negativamente o aparelho digestivo, obrigando o organismo a um esfor\u00e7o descomunal para process\u00e1-la, j\u00e1 que \u00e9 muito indigesta. Com esse esfor\u00e7o, o organismo gera calor em excesso, o que, somado ao tempo prolongado de digest\u00e3o, desequilibra todo o funcionalismo do nosso corpo e ocasiona apodrecimento da comida no nosso aparelho digestivo, gerando excesso de toxinas no nosso corpo. \u00c9 claro que esses efeitos manifestam-se de forma vari\u00e1vel conforme as particularidades de cada um;<br \/>\ne) A receita n\u00e3o menciona o modo de usar o rem\u00e9dio. Diante disso temos de refletir sobre como atuar. Essa reflex\u00e3o dever\u00e1 levar em conta diversos aspectos. O primeiro deles \u00e9 que talvez o autor n\u00e3o tenha citado o modo de usar devido ao fato de que cada doente, possuindo suas idiossincrasias, tem suas necessidades pr\u00f3prias dos componentes da mistura.<br \/>\nAconselhamos que cada indiv\u00edduo v\u00e1 percebendo qual \u00e9 a sua dose ideal para esses componentes, principalmente para o ruibarbo. Pode-se come\u00e7ar com uma ou duas ou tr\u00eas doses di\u00e1rias do rem\u00e9dio, com uma muito pequena quantidade do p\u00f3 num cabo de colher, e com o tempo ir observando as rea\u00e7\u00f5es do intestino, do sistema nervoso, de todo o organismo. Da\u00ed, pode-se aumentar a quantidade do ruibarbo ou diminu\u00ed-la, assim como a quantidade de doses di\u00e1rias da mistura (no m\u00e1ximo tr\u00eas), at\u00e9 ajustar o funcionamento do organismo. Tamb\u00e9m pode se dar que se escolha uma determinada dosagem, e, mantendo-se ela, o organismo apresente rea\u00e7\u00e3o mais ou menos aguda, podendo, assim, n\u00e3o significar que a dosagem esteja errada; pode ser isso apenas uma atividade org\u00e2nica de profunda depura\u00e7\u00e3o, e, com o tempo, o metabolismo ir-se voltando ao normal. Portanto o paciente ser\u00e1 respons\u00e1vel por ajustar sua dosagem.<\/p>\n<p>2) &#8220;MANCHAS EN LA CARA<br \/>\nLas manchas de la cara desaparecen totalmente tomando el gran depurativo que a continuaci\u00f3n damos:<br \/>\nEl cocimiento de flores y ra\u00edces de la cabuya (maguey), con ajenjo y bejuco de cadena, endulzados con la miel de abejas, tome el enfermo tres copas diarias.&#8221;<br \/>\nTRADU\u00c7\u00c3O:<br \/>\n&#8220;MANCHAS NO ROSTO<br \/>\nAs manchas do rosto desaparecem completamente se tomarmos o<br \/>\nseguinte depurativo: cozimento de flores e ra\u00edzes da pita com losna e cip\u00f3-escada. Ado\u00e7a-se com mel de abelhas para o enfermo tomar tr\u00eas<br \/>\nta\u00e7as diariamente. &#8221;<br \/>\nComent\u00e1rio:<br \/>\nNormalmente \u00e9 dif\u00edcil se encontrarem as ra\u00edzes e principalmente as flores de pita. Aconselhamos somente o uso das f\u00f3rmulas rigorosamente como s\u00e3o prescritas.<\/p>\n<p>3) &#8220;FORMULA PARA CURAR ERISIPELA, LLAGAS, DA\u00d1OS DE LA PIEL, AFECCIONES CUT\u00c1NEAS, ETC.<br \/>\nEn agua ligeramente azucarada y previamente hervida, disu\u00e9lvase lo siguiente:<br \/>\nCr\u00e9mor&#8230;&#8230;&#8230;&#8230;&#8230;&#8230;&#8230;&#8230;&#8230;&#8230;&#8230;. 1 onza<br \/>\nRuibarbo&#8230;&#8230;&#8230;&#8230;&#8230;&#8230;&#8230;&#8230;&#8230;&#8230;.. 1 onza<br \/>\nMan\u00e1&#8230;&#8230;&#8230;&#8230;&#8230;&#8230;&#8230;&#8230;&#8230;&#8230;&#8230;&#8230; 1 onza<br \/>\nJalapa&#8230;&#8230;&#8230;&#8230;&#8230;&#8230;&#8230;&#8230;&#8230;&#8230;&#8230;. 1 onza<br \/>\nLim\u00f3n&#8230;&#8230;&#8230;&#8230;&#8230;&#8230;&#8230;&#8230;&#8230;&#8230;&#8230;.. 1 onza<br \/>\nPanela&#8230;&#8230;&#8230;&#8230;&#8230;&#8230;&#8230;&#8230;&#8230;&#8230;&#8230;. 250 gramos<br \/>\nT\u00f3mese esta composici\u00f3n por cucharadas, una cada hora. Adem\u00e1s, el enfermo deber\u00e1 golpearse la parte afectada, con una rama llamada &#8220;Bicho largo&#8221;, humedecida en orines asoleados.<br \/>\nProcediendo de acuerdo con las instrucciones, estamos seguros de la eficacia absoluta de la f\u00f3rmula, pese a que los s\u00e1belo-todo se r\u00edan y desconf\u00eden.&#8221;<br \/>\nTRADU\u00c7\u00c3O:<br \/>\n&#8220;&#8230;F\u00d3RMULA PARA CURAR ERISIPELA, CHAGAS, DANOS DA PELE, AFEC\u00c7\u00d3ES CUT\u00c2NEAS, ETC.<br \/>\nEm \u00e1gua ligeiramente a\u00e7ucarada e previamente fervida, dissolva o<br \/>\nseguinte:<br \/>\nCremor&#8230;&#8230;&#8230;&#8230;&#8230;&#8230;&#8230;&#8230;1 on\u00e7a<br \/>\nRuibarbo&#8230;&#8230;&#8230;&#8230;&#8230;&#8230;&#8230;.1 on\u00e7a<br \/>\nMan\u00e1&#8230;&#8230;&#8230;&#8230;&#8230;&#8230;&#8230;&#8230;&#8230;1 on\u00e7a<br \/>\nJalapa&#8230;&#8230;&#8230;&#8230;&#8230;&#8230;&#8230;&#8230;..1 on\u00e7a<br \/>\nLim\u00e3o&#8230;&#8230;&#8230;&#8230;&#8230;&#8230;&#8230;&#8230;..1 on\u00e7a<br \/>\nRapadura&#8230;&#8230;&#8230;&#8230;&#8230;&#8230;&#8230;250 gramas<br \/>\nTome esta composi\u00e7\u00e3o em colheradas, uma a cada hora. Al\u00e9m disso, o<br \/>\nenfermo dever\u00e1 golpear a parte afetada com um ramo chamado &#8220;bicho\u00a0largo&#8221;, umedecido em urina ensolarada.<br \/>\nProcedendo de acordo com as instru\u00e7\u00f5es estamos seguros da efic\u00e1cia<br \/>\nabsoluta da f\u00f3rmula, mesmo que os &#8220;sabetudo&#8221; riam e desconfiem.&#8221;<\/p>\n<p>4) &#8220;PECAS O MANCHAS<br \/>\nSe coge la Concha de N\u00e1car, se exprimen tres limones hasta tapar las Conchas. Si no hay Conchas de N\u00e1car, se pueden utilizar botones de n\u00e1car. Se deja en maceraci\u00f3n y a los ocho d\u00edas forma una pomada y a esta pomada se le agrega por cada onza de pomada, 25 gramos de B\u00f3rax o At\u00edncar; 9 gramos de Sal de comer y alg\u00fan perfume para que la pomada sea agradable.<br \/>\nSe lava con agua tibia que tenga nueve gramos de sal de comer y nueve gramos de B\u00f3rax, se lava el lugar de las pecas, se seca bien y con lija de agua que es de color negro, se raspar\u00e1 la mancha o cicatriz y se unta la pomada que se prepar\u00f3 anteriormente. Al d\u00eda siguiente se limpia con una toalla y se unta manteca de cacao durante la noche o por el d\u00eda. No se puede asolear cuando se est\u00e9 haciendo este tratamiento.&#8221;<br \/>\nTRADU\u00c7\u00c3O:<br \/>\n&#8220;SARDAS E MANCHAS<br \/>\nApanham-se conchas de n\u00e1car e espremem-se tr\u00eas lim\u00f5es para tap\u00e1-las. Se n\u00e3o houver conchas de\u00a0n\u00e1car, pode-se fazer uso de botones de nacar.<br \/>\nDeixa-se em macera\u00e7\u00e3o. Oito dias depois formou-se uma pomada. Para\u00a0cada on\u00e7a dessa pomada, adiciona-se 25 gramas de b\u00f3rax ou atincar,\u00a0nove gramas de sal comest\u00edvel e algum perfume para que a pomada n\u00e3o\u00a0se torne desagrad\u00e1vel.<br \/>\nLavam-se as regi\u00f5es sardentas com \u00e1gua morna e que tenha nove gramas\u00a0de sal de cozinha e nove gramas de b\u00f3rax. Seca-se bem. A seguir,\u00a0raspa-se a mancha ou a cicatriz com lixa d&#8217;\u00e1gua que tem uma cor negra e aplica-se a pomada que se preparou antes. No outro dia, limpa-se tudo com uma toalha e unta-se com manteiga de cacau; de dia ou de noite. Importa que n\u00e3o se apanhe sol enquanto se esteja fazendo este tratamento.&#8221;<\/p>\n<p>5) &#8220;MALEFICIOS EN LA PIEL<br \/>\nSe cogen en la forma prescrita nueve hojas de la planta llamada &#8220;solito&#8221; de tres en tres, y se aplican en forma de cruz sobre la piel afectada. T\u00e9ngase el cuidado de no da\u00f1ar el tallo de la planta, para que el elemental sane al enfermo.&#8221;<br \/>\nTRADU\u00c7\u00c3O:<br \/>\n(&#8220;MALEF\u00cdCIOS NA PELE<br \/>\nColhem-se, da maneira prescrita, nove folhas da planta chamada souto.\u00a0Apanham-se as folhas de tr\u00eas em tr\u00eas e aplica-se em forma de cruz sobre a pele afetada. Tenha-se o cuidado de n\u00e3o machucar o caule da planta para que o elemental cure o enfermo.&#8221;)<\/p>\n<div class='shareinpost'><ul class=\"socialwrap row\"><li class=\"iconOnly\"><a rel=\"nofollow\" target=\"_blank\" href=\"http:\/\/delicious.com\/post?url=https%3A%2F%2Fcuracompletaparaomelasma.seublog.net%2F%3Fpage_id%3D38&amp;title=Fitoterapia\" title=\"Bookmark this post : Fitoterapia on Delicious\" ><img loading=\"lazy\" decoding=\"async\" src=\"http:\/\/curacompletaparaomelasma.seublog.net\/wp-content\/plugins\/share-and-follow\/images\/blank.gif\" height=\"32\" style=\"background: transparent url(http:\/\/curacompletaparaomelasma.seublog.net\/wp-content\/plugins\/share-and-follow\/default\/32\/sprite-32.png) no-repeat;padding:0;margin:0;height:32px;width:32px;background-position:-198px 0px\" class=\"image-32\" width=\"32\" alt=\"delicious\"\/> <span class=\"head\">Bookmark on Delicious<\/span><\/a><\/li><li class=\"iconOnly\"><a rel=\"nofollow\" target=\"_blank\" href=\"http:\/\/digg.com\/submit?url=https%3A%2F%2Fcuracompletaparaomelasma.seublog.net%2F%3Fpage_id%3D38&amp;title=Fitoterapia&amp;bodytext=A+fitoterapia+para+o+tratamento+do+melasma+deve+ser+devidamente+orientada+para+esse+fim.%0D%0AAbaixo%2C+citamos+alguns+m%C3%A9todos+exatamente+como+s%C3%A3o+mencionados+no+livro+Tratado+de+Medicina+Oculta+e+Magia+Pr%C3%A1tica%2C+de+Samael+Awn+Weor.+A+%C3%BAnica+receita+que+menciona+diretamente+o+termo+%22melasma%22+%28pano+negro%2C+como+se+dizia+anti\" title=\"Digg this post : Fitoterapia\" ><img loading=\"lazy\" decoding=\"async\" src=\"http:\/\/curacompletaparaomelasma.seublog.net\/wp-content\/plugins\/share-and-follow\/images\/blank.gif\" height=\"32\" style=\"background: transparent url(http:\/\/curacompletaparaomelasma.seublog.net\/wp-content\/plugins\/share-and-follow\/default\/32\/sprite-32.png) no-repeat;padding:0;margin:0;height:32px;width:32px;background-position:-264px 0px\" class=\"image-32\" width=\"32\" alt=\"digg\"\/> <span class=\"head\">Digg this post<\/span><\/a><\/li><li class=\"iconOnly\"><a rel=\"nofollow\" target=\"_blank\" href=\"http:\/\/www.facebook.com\/sharer.php?u=https%3A%2F%2Fcuracompletaparaomelasma.seublog.net%2F%3Fpage_id%3D38&amp;t=Fitoterapia\" title=\"Recommend this post : Fitoterapia on Facebook\" ><img loading=\"lazy\" decoding=\"async\" src=\"http:\/\/curacompletaparaomelasma.seublog.net\/wp-content\/plugins\/share-and-follow\/images\/blank.gif\" height=\"32\" style=\"background: transparent url(http:\/\/curacompletaparaomelasma.seublog.net\/wp-content\/plugins\/share-and-follow\/default\/32\/sprite-32.png) no-repeat;padding:0;margin:0;height:32px;width:32px;background-position:-363px 0px\" class=\"image-32\" width=\"32\" alt=\"facebook\"\/> <span class=\"head\">Recommend on Facebook<\/span><\/a><\/li><li class=\"iconOnly\"><a rel=\"nofollow\" target=\"_blank\" href=\"http:\/\/www.reddit.com\/submit?url=https%3A%2F%2Fcuracompletaparaomelasma.seublog.net%2F%3Fpage_id%3D38&amp;title=Fitoterapia\" title=\"Share this post : Fitoterapia on Reddit\" ><img loading=\"lazy\" decoding=\"async\" src=\"http:\/\/curacompletaparaomelasma.seublog.net\/wp-content\/plugins\/share-and-follow\/images\/blank.gif\" height=\"32\" style=\"background: transparent url(http:\/\/curacompletaparaomelasma.seublog.net\/wp-content\/plugins\/share-and-follow\/default\/32\/sprite-32.png) no-repeat;padding:0;margin:0;height:32px;width:32px;background-position:-1419px 0px\" class=\"image-32\" width=\"32\" alt=\"reddit\"\/> <span class=\"head\">share via Reddit<\/span><\/a><\/li><li class=\"iconOnly\"><a rel=\"nofollow\" target=\"_blank\" href=\"http:\/\/www.stumbleupon.com\/submit?url=https%3A%2F%2Fcuracompletaparaomelasma.seublog.net%2F%3Fpage_id%3D38&amp;title=Fitoterapia\" title=\"Share this post : Fitoterapia with Stumblers\" ><img loading=\"lazy\" decoding=\"async\" src=\"http:\/\/curacompletaparaomelasma.seublog.net\/wp-content\/plugins\/share-and-follow\/images\/blank.gif\" height=\"32\" style=\"background: transparent url(http:\/\/curacompletaparaomelasma.seublog.net\/wp-content\/plugins\/share-and-follow\/default\/32\/sprite-32.png) no-repeat;padding:0;margin:0;height:32px;width:32px;background-position:-1617px 0px\" class=\"image-32\" width=\"32\" alt=\"stumble\"\/> <span class=\"head\">Share with Stumblers<\/span><\/a><\/li><li class=\"iconOnly\"><a rel=\"nofollow\" target=\"_blank\" href=\"http:\/\/twitter.com\/home\/?status=https%3A%2F%2Fcuracompletaparaomelasma.seublog.net%2F%3Fpage_id%3D38\" title=\"Tweet this post : Fitoterapia on Twitter\" ><img loading=\"lazy\" decoding=\"async\" src=\"http:\/\/curacompletaparaomelasma.seublog.net\/wp-content\/plugins\/share-and-follow\/images\/blank.gif\" height=\"32\" style=\"background: transparent url(http:\/\/curacompletaparaomelasma.seublog.net\/wp-content\/plugins\/share-and-follow\/default\/32\/sprite-32.png) no-repeat;padding:0;margin:0;height:32px;width:32px;background-position:-1749px 0px\" class=\"image-32\"  width=\"32\"  alt=\"twitter\"\/> <span class=\"head\">Tweet about it<\/span><\/a><\/li><li class=\"iconOnly\"><a rel=\"_self\" href=\"https:\/\/curacompletaparaomelasma.seublog.net\/?page_id=38&feed=rss2\" title=\"Follow this post : Fitoterapia comments\"><img loading=\"lazy\" decoding=\"async\" src=\"http:\/\/curacompletaparaomelasma.seublog.net\/wp-content\/plugins\/share-and-follow\/images\/blank.gif\" height=\"32\"  width=\"32\" style=\"background: transparent url(http:\/\/curacompletaparaomelasma.seublog.net\/wp-content\/plugins\/share-and-follow\/default\/32\/sprite-32.png) no-repeat;padding:0;margin:0;height:32px;width:32px;background-position:-1452px 0px\" class=\"image-32\"  alt=\"rss\" \/> <span class=\"head\">Subscribe to the comments on this post<\/span><\/a><\/li><\/ul><div class=\"clean\"><\/div> <\/div>","protected":false},"excerpt":{"rendered":"<p>A fitoterapia para o tratamento do melasma deve ser devidamente orientada para esse fim. Abaixo, citamos alguns m\u00e9todos exatamente como s\u00e3o mencionados no livro Tratado de Medicina Oculta e Magia Pr\u00e1tica, de Samael Awn Weor. A \u00fanica receita que menciona &hellip; <a href=\"https:\/\/curacompletaparaomelasma.seublog.net\/?page_id=38\">Continue lendo <span class=\"meta-nav\">&rarr;<\/span><\/a><\/p>\n","protected":false},"author":2112,"featured_media":0,"parent":2,"menu_order":0,"comment_status":"open","ping_status":"open","template":"","meta":{"footnotes":""},"class_list":["post-38","page","type-page","status-publish","hentry"],"_links":{"self":[{"href":"https:\/\/curacompletaparaomelasma.seublog.net\/index.php?rest_route=\/wp\/v2\/pages\/38","targetHints":{"allow":["GET"]}}],"collection":[{"href":"https:\/\/curacompletaparaomelasma.seublog.net\/index.php?rest_route=\/wp\/v2\/pages"}],"about":[{"href":"https:\/\/curacompletaparaomelasma.seublog.net\/index.php?rest_route=\/wp\/v2\/types\/page"}],"author":[{"embeddable":true,"href":"https:\/\/curacompletaparaomelasma.seublog.net\/index.php?rest_route=\/wp\/v2\/users\/2112"}],"replies":[{"embeddable":true,"href":"https:\/\/curacompletaparaomelasma.seublog.net\/index.php?rest_route=%2Fwp%2Fv2%2Fcomments&post=38"}],"version-history":[{"count":32,"href":"https:\/\/curacompletaparaomelasma.seublog.net\/index.php?rest_route=\/wp\/v2\/pages\/38\/revisions"}],"predecessor-version":[{"id":467,"href":"https:\/\/curacompletaparaomelasma.seublog.net\/index.php?rest_route=\/wp\/v2\/pages\/38\/revisions\/467"}],"up":[{"embeddable":true,"href":"https:\/\/curacompletaparaomelasma.seublog.net\/index.php?rest_route=\/wp\/v2\/pages\/2"}],"wp:attachment":[{"href":"https:\/\/curacompletaparaomelasma.seublog.net\/index.php?rest_route=%2Fwp%2Fv2%2Fmedia&parent=38"}],"curies":[{"name":"wp","href":"https:\/\/api.w.org\/{rel}","templated":true}]}}