{"id":41,"date":"2013-01-21T18:30:54","date_gmt":"2013-01-21T21:30:54","guid":{"rendered":"http:\/\/curacompletaparaomelasma.seublog.net\/?page_id=41"},"modified":"2013-06-19T22:41:08","modified_gmt":"2013-06-20T01:41:08","slug":"autohemoterapia","status":"publish","type":"page","link":"https:\/\/curacompletaparaomelasma.seublog.net\/?page_id=41","title":{"rendered":"Auto-hemoterapia"},"content":{"rendered":"<p>Auto-hemoterapia \u00e9 uma pr\u00e1tica que consiste na retirada de sangue (5ml, \u00a010ml ou 20ml) de uma veia do paciente e injet\u00e1-lo imediatamente no m\u00fasculo desse mesmo paciente (bra\u00e7os ou n\u00e1degas). Embora seja aparentemente estranha, \u00a0controversa e bastante criticada, h\u00e1 in\u00fameras opini\u00f5es favor\u00e1veis de gente que se submete ou j\u00e1 se submeteu a ela e afirmam terem obtido excelentes resultados no tratamento de suas enfermidades.<br \/>\nA causa da efici\u00eancia pode ser encontrada no seguinte excerto retirado da\u00a0Wikip\u00e9dia<br \/>\n(\u00a0<a href=\"http:\/\/pt.wikipedia.org\/wiki\/Auto-hemoterapia\" target=\"_blank\">http:\/\/pt.wikipedia.org\/wiki\/Auto-hemoterapia <\/a>): \u00a0 \u00a0 \u00a0 \u00a0 \u00a0 \u00a0 \u00a0 \u00a0 \u00a0 \u00a0 \u00a0 \u00a0 \u00a0 <em>&#8220;Os que defendem a auto-hemoterapia dizem que a t\u00e9cnica estimula o aumento do percentual de macr\u00f3fagos, aumentando tamb\u00e9m as defesas do organismo e eliminando as bact\u00e9rias, os v\u00edrus, as c\u00e9lulas cancerosas (neopl\u00e1sicas) e a fibrina, que \u00e9 o sangue coagulado. Esse aumento de produ\u00e7\u00e3o de macr\u00f3fagos pela medula \u00f3ssea se d\u00e1 porque o sangue no m\u00fasculo funciona como um corpo estranho a ser rejeitado pelo Sistema Ret\u00edculo Endotelial (SRE). Enquanto h\u00e1 sangue no m\u00fasculo, o Sistema Ret\u00edculo Endotelial mant\u00e9m-se ativado. Essa ativa\u00e7\u00e3o m\u00e1xima termina ao fim de cinco dias. A taxa normal de macr\u00f3fagos \u00e9 de 5% no sangue e, com a auto-hemoterapia, eleva-se para 22% durante cinco dias. Do quinto ao s\u00e9timo dia declina, voltando aos 5%. Da\u00ed a raz\u00e3o de recomendarem que a aplica\u00e7\u00e3o seja repetida de sete em sete dias.&#8221;<\/em><\/p>\n<p>No que se refere \u00e0s manchas escuras no rosto, encontramos no saite <a href=\"http:\/\/www.bolsademulher.com\/forum\/beleza\/f168\/154741\/\" target=\"_blank\">http:\/\/www.bolsademulher.com\/forum\/beleza\/f168\/154741\/<\/a> o trecho que transcrevemos:<br \/>\n<em>&#8220;Quem aqui j\u00e1 fez ou faz a auto-hemoterapia?<\/em><br \/>\n<em> fa\u00e7o \u00e1 um ano e os benef\u00edcios s\u00e3o imensos, melhora da pele, ( <strong>os melasmas saem gradativamente<\/strong>) (grifo nosso) aumento dos macr\u00f3fagos, ( respons\u00e1veis pela imunidade) emagrece, cura de fungos vaginais, tipo: ( hpv, candida, gardnerella, etc) melhora a queda de cabelos, unhas , controle da press\u00e3o, e extress. \u00a0<span style=\"text-decoration: underline\"><strong>S\u00e3o\u00a0in\u00fameros\u00a0mas varia de pessoa \u00e1 pessoa.<\/strong>&#8220;<\/span><\/em><\/p>\n<p>Chamamos a aten\u00e7\u00e3o para essa \u00faltima frase. Deve-se observar, tomando-se a dose de sangue ideal, como o organismo reage. O resultado n\u00e3o \u00e9 o mesmo para todos, e pode ser o caso de que a auto-hemoterapia seja in\u00f3cua para determinadas pessoas.<\/p>\n<p>Publicamos neste saite esta p\u00e1gina porque conhecemos muita gente s\u00e9ria e respons\u00e1vel que aplica e faz uso dessa t\u00e9cnica, recomendando-a com entusiasmo. Tamb\u00e9m conhecemos um competente profissional da sa\u00fade que morou em Cuba e afirma que, nesse pa\u00eds, o m\u00e9todo \u00e9 bastante usado, com\u00a0\u00a0\u00f3timos resultados. Parece que o pr\u00f3prio governo estimula seu uso. Esse profissional afirma que fez uso \u00a0do m\u00e9todo \u00a0por um ano e observou que os resultados s\u00e3o fant\u00e1sticos, inclusive para a pele.<\/p>\n<p>Mas, mais uma vez, \u00a0apelamos para a necessidade de profunda reflex\u00e3o, bom senso e an\u00e1lise do leitor, assim como para sua capacidade de pesquisa e investiga\u00e7\u00e3o.<br \/>\nAbaixo, damos um link, cujo conte\u00fado transcrevemos em seguida.<br \/>\n<a href=\"http:\/\/captureestilo.blogspot.com.br\/2009\/01\/auto-hemoterapia.html\" target=\"_blank\">http:\/\/captureestilo.blogspot.com.br\/2009\/01\/auto-hemoterapia.html<\/a><br \/>\n<em>&#8220;auto-hemoterapia encontra-se rodeada em pol\u00e9mica. O argumento de v\u00e1rios defensores da pr\u00e1tica baseia-se em relatos de pessoas que garantem ter atingido a cura gra\u00e7as ao uso da auto-hemoterapia, enquanto que os seus cr\u00edticos apontam para a inexist\u00eancia de estudos que demonstrem a sua efic\u00e1cia e seguran\u00e7a. A falta de respaldo cient\u00edfico \u00e9 reconhecida pelos pr\u00f3prios defensores do metodo.<\/em><br \/>\n<em> De acordo com a legisla\u00e7\u00e3o brasileira, apenas um m\u00e9dico especialista em hemoterapia ou hematologia (ou outro profissional devidamente reconhecido para este fim pelo Sistema Estadual de Sangue) pode responsabilizar-se por procedimentos hemoterap\u00eauticos. O Conselho Federal de Medicina pro\u00edbe aos m\u00e9dicos brasileiros a utiliza\u00e7\u00e3o de outras pr\u00e1ticas terap\u00eauticas n\u00e3o reconhecidas por essa comunidade cient\u00edfica, como \u00e9 presentemente o caso da auto-hemoterapia, que, assim, n\u00e3o pode ser considerada um tratamento m\u00e9dico no Brasil.<\/em><br \/>\n<em> A auto-hemoterapia consiste num tipo de trasfus\u00e3o aut\u00f3loga (para si pr\u00f3prio) de sangue, e assim como qualquer outra transfus\u00e3o traz em si um risco, seja imediato ou tardio, devendo, portanto, ser criteriosamente indicada. A aus\u00eancia de indica\u00e7\u00f5es comprovadas \u00e9 parte do motivo pela qual a Ag\u00eancia Nacional de Vigil\u00e2ncia Sanit\u00e1ria brasileira (ANVISA) considera o uso da auto-hemoterapia uma infrac\u00e7\u00e3o sanit\u00e1ria, e sujeita os envolvidos \u00e0s penalidades previstas na lei.&#8221;<\/em><\/p>\n<p>Pesquisando-se, na rede, \u00a0encontram-se in\u00fameros testemunhos favor\u00e1veis a essa pr\u00e1tica.<\/p>\n<p>Obviamente, o indiv\u00edduo que queira \u00a0submeter-se a essa t\u00e9cnica procurar\u00e1 uma pessoa especializada na sua aplica\u00e7\u00e3o.<\/p>\n<div class='shareinpost'><ul class=\"socialwrap row\"><li class=\"iconOnly\"><a rel=\"nofollow\" target=\"_blank\" href=\"http:\/\/delicious.com\/post?url=https%3A%2F%2Fcuracompletaparaomelasma.seublog.net%2F%3Fpage_id%3D41&amp;title=Auto-hemoterapia\" title=\"Bookmark this post : Auto-hemoterapia on Delicious\" ><img loading=\"lazy\" decoding=\"async\" src=\"http:\/\/curacompletaparaomelasma.seublog.net\/wp-content\/plugins\/share-and-follow\/images\/blank.gif\" height=\"32\" style=\"background: transparent url(http:\/\/curacompletaparaomelasma.seublog.net\/wp-content\/plugins\/share-and-follow\/default\/32\/sprite-32.png) no-repeat;padding:0;margin:0;height:32px;width:32px;background-position:-198px 0px\" class=\"image-32\" width=\"32\" alt=\"delicious\"\/> <span class=\"head\">Bookmark on Delicious<\/span><\/a><\/li><li class=\"iconOnly\"><a rel=\"nofollow\" target=\"_blank\" href=\"http:\/\/digg.com\/submit?url=https%3A%2F%2Fcuracompletaparaomelasma.seublog.net%2F%3Fpage_id%3D41&amp;title=Auto-hemoterapia&amp;bodytext=Auto-hemoterapia+%C3%A9+uma+pr%C3%A1tica+que+consiste+na+retirada+de+sangue+%285ml%2C+%C2%A010ml+ou+20ml%29+de+uma+veia+do+paciente+e+injet%C3%A1-lo+imediatamente+no+m%C3%BAsculo+desse+mesmo+paciente+%28bra%C3%A7os+ou+n%C3%A1degas%29.+Embora+seja+aparentemente+estranha%2C+%C2%A0controversa+e+bastante+criticada%2C+h%C3%A1+in%C3%BAmeras+opini%C3%B5es+favor%C3%A1veis+de+gente+que+se\" title=\"Digg this post : Auto-hemoterapia\" ><img loading=\"lazy\" decoding=\"async\" src=\"http:\/\/curacompletaparaomelasma.seublog.net\/wp-content\/plugins\/share-and-follow\/images\/blank.gif\" height=\"32\" style=\"background: transparent url(http:\/\/curacompletaparaomelasma.seublog.net\/wp-content\/plugins\/share-and-follow\/default\/32\/sprite-32.png) no-repeat;padding:0;margin:0;height:32px;width:32px;background-position:-264px 0px\" class=\"image-32\" width=\"32\" alt=\"digg\"\/> <span class=\"head\">Digg this post<\/span><\/a><\/li><li class=\"iconOnly\"><a rel=\"nofollow\" target=\"_blank\" href=\"http:\/\/www.facebook.com\/sharer.php?u=https%3A%2F%2Fcuracompletaparaomelasma.seublog.net%2F%3Fpage_id%3D41&amp;t=Auto-hemoterapia\" title=\"Recommend this post : Auto-hemoterapia on Facebook\" ><img loading=\"lazy\" decoding=\"async\" src=\"http:\/\/curacompletaparaomelasma.seublog.net\/wp-content\/plugins\/share-and-follow\/images\/blank.gif\" height=\"32\" style=\"background: transparent url(http:\/\/curacompletaparaomelasma.seublog.net\/wp-content\/plugins\/share-and-follow\/default\/32\/sprite-32.png) no-repeat;padding:0;margin:0;height:32px;width:32px;background-position:-363px 0px\" class=\"image-32\" width=\"32\" alt=\"facebook\"\/> <span class=\"head\">Recommend on Facebook<\/span><\/a><\/li><li class=\"iconOnly\"><a rel=\"nofollow\" target=\"_blank\" href=\"http:\/\/www.reddit.com\/submit?url=https%3A%2F%2Fcuracompletaparaomelasma.seublog.net%2F%3Fpage_id%3D41&amp;title=Auto-hemoterapia\" title=\"Share this post : Auto-hemoterapia on Reddit\" ><img loading=\"lazy\" decoding=\"async\" src=\"http:\/\/curacompletaparaomelasma.seublog.net\/wp-content\/plugins\/share-and-follow\/images\/blank.gif\" height=\"32\" style=\"background: transparent url(http:\/\/curacompletaparaomelasma.seublog.net\/wp-content\/plugins\/share-and-follow\/default\/32\/sprite-32.png) no-repeat;padding:0;margin:0;height:32px;width:32px;background-position:-1419px 0px\" class=\"image-32\" width=\"32\" alt=\"reddit\"\/> <span class=\"head\">share via Reddit<\/span><\/a><\/li><li class=\"iconOnly\"><a rel=\"nofollow\" target=\"_blank\" href=\"http:\/\/www.stumbleupon.com\/submit?url=https%3A%2F%2Fcuracompletaparaomelasma.seublog.net%2F%3Fpage_id%3D41&amp;title=Auto-hemoterapia\" title=\"Share this post : Auto-hemoterapia with Stumblers\" ><img loading=\"lazy\" decoding=\"async\" src=\"http:\/\/curacompletaparaomelasma.seublog.net\/wp-content\/plugins\/share-and-follow\/images\/blank.gif\" height=\"32\" style=\"background: transparent url(http:\/\/curacompletaparaomelasma.seublog.net\/wp-content\/plugins\/share-and-follow\/default\/32\/sprite-32.png) no-repeat;padding:0;margin:0;height:32px;width:32px;background-position:-1617px 0px\" class=\"image-32\" width=\"32\" alt=\"stumble\"\/> <span class=\"head\">Share with Stumblers<\/span><\/a><\/li><li class=\"iconOnly\"><a rel=\"nofollow\" target=\"_blank\" href=\"http:\/\/twitter.com\/home\/?status=https%3A%2F%2Fcuracompletaparaomelasma.seublog.net%2F%3Fpage_id%3D41\" title=\"Tweet this post : Auto-hemoterapia on Twitter\" ><img loading=\"lazy\" decoding=\"async\" src=\"http:\/\/curacompletaparaomelasma.seublog.net\/wp-content\/plugins\/share-and-follow\/images\/blank.gif\" height=\"32\" style=\"background: transparent url(http:\/\/curacompletaparaomelasma.seublog.net\/wp-content\/plugins\/share-and-follow\/default\/32\/sprite-32.png) no-repeat;padding:0;margin:0;height:32px;width:32px;background-position:-1749px 0px\" class=\"image-32\"  width=\"32\"  alt=\"twitter\"\/> <span class=\"head\">Tweet about it<\/span><\/a><\/li><li class=\"iconOnly\"><a rel=\"_self\" href=\"https:\/\/curacompletaparaomelasma.seublog.net\/?page_id=41&feed=rss2\" title=\"Follow this post : Auto-hemoterapia comments\"><img loading=\"lazy\" decoding=\"async\" src=\"http:\/\/curacompletaparaomelasma.seublog.net\/wp-content\/plugins\/share-and-follow\/images\/blank.gif\" height=\"32\"  width=\"32\" style=\"background: transparent url(http:\/\/curacompletaparaomelasma.seublog.net\/wp-content\/plugins\/share-and-follow\/default\/32\/sprite-32.png) no-repeat;padding:0;margin:0;height:32px;width:32px;background-position:-1452px 0px\" class=\"image-32\"  alt=\"rss\" \/> <span class=\"head\">Subscribe to the comments on this post<\/span><\/a><\/li><\/ul><div class=\"clean\"><\/div> <\/div>","protected":false},"excerpt":{"rendered":"<p>Auto-hemoterapia \u00e9 uma pr\u00e1tica que consiste na retirada de sangue (5ml, \u00a010ml ou 20ml) de uma veia do paciente e injet\u00e1-lo imediatamente no m\u00fasculo desse mesmo paciente (bra\u00e7os ou n\u00e1degas). Embora seja aparentemente estranha, \u00a0controversa e bastante criticada, h\u00e1 in\u00fameras &hellip; <a href=\"https:\/\/curacompletaparaomelasma.seublog.net\/?page_id=41\">Continue lendo <span class=\"meta-nav\">&rarr;<\/span><\/a><\/p>\n","protected":false},"author":2112,"featured_media":0,"parent":2,"menu_order":0,"comment_status":"open","ping_status":"open","template":"","meta":{"footnotes":""},"class_list":["post-41","page","type-page","status-publish","hentry"],"_links":{"self":[{"href":"https:\/\/curacompletaparaomelasma.seublog.net\/index.php?rest_route=\/wp\/v2\/pages\/41","targetHints":{"allow":["GET"]}}],"collection":[{"href":"https:\/\/curacompletaparaomelasma.seublog.net\/index.php?rest_route=\/wp\/v2\/pages"}],"about":[{"href":"https:\/\/curacompletaparaomelasma.seublog.net\/index.php?rest_route=\/wp\/v2\/types\/page"}],"author":[{"embeddable":true,"href":"https:\/\/curacompletaparaomelasma.seublog.net\/index.php?rest_route=\/wp\/v2\/users\/2112"}],"replies":[{"embeddable":true,"href":"https:\/\/curacompletaparaomelasma.seublog.net\/index.php?rest_route=%2Fwp%2Fv2%2Fcomments&post=41"}],"version-history":[{"count":34,"href":"https:\/\/curacompletaparaomelasma.seublog.net\/index.php?rest_route=\/wp\/v2\/pages\/41\/revisions"}],"predecessor-version":[{"id":129,"href":"https:\/\/curacompletaparaomelasma.seublog.net\/index.php?rest_route=\/wp\/v2\/pages\/41\/revisions\/129"}],"up":[{"embeddable":true,"href":"https:\/\/curacompletaparaomelasma.seublog.net\/index.php?rest_route=\/wp\/v2\/pages\/2"}],"wp:attachment":[{"href":"https:\/\/curacompletaparaomelasma.seublog.net\/index.php?rest_route=%2Fwp%2Fv2%2Fmedia&parent=41"}],"curies":[{"name":"wp","href":"https:\/\/api.w.org\/{rel}","templated":true}]}}