{"id":491,"date":"2013-04-03T15:43:50","date_gmt":"2013-04-03T18:43:50","guid":{"rendered":"http:\/\/curacompletaparaomelasma.seublog.net\/?page_id=491"},"modified":"2013-11-15T21:34:57","modified_gmt":"2013-11-16T00:34:57","slug":"limpeza-do-figado-e-da-vesicula","status":"publish","type":"page","link":"https:\/\/curacompletaparaomelasma.seublog.net\/?page_id=491","title":{"rendered":"Limpeza do F\u00edgado  e da Ves\u00edcula"},"content":{"rendered":"<p>Voc\u00ea deve ter ouvido falar mais de uma vez que o melasma constitui \u201cmanchas de f\u00edgado\u201d. Talvez voc\u00ea tenha buscado solucionar poss\u00edveis problemas hep\u00e1ticos mediante a ingest\u00e3o de ch\u00e1s ou mesmo drogas. O problema \u00e9 que as irregularidades hep\u00e1ticas muita vez se d\u00e3o devido a impurezas que se aderem ao f\u00edgado e que n\u00e3o s\u00e3o remov\u00edveis muito facilmente. Essas subst\u00e2ncias permanecem nas v\u00edsceras, \u00e0s vezes por d\u00e9cadas, causando todo tipo de enfermidades e at\u00e9 a morte.<\/p>\n<p>A base para todas essas informa\u00e7\u00f5es \u00e9 o livro\u00a0 A Surpreendente Limpeza do F\u00edgado e da Ves\u00edcula (The Amazing liver and gallbladder flush), do alem\u00e3o Andreas Moritz, dispon\u00edvel em ingl\u00eas em<\/p>\n<p><a href=\"http:\/\/jokebook.com\/andreas%20moritz\/Moritz,%20Andreas%20-%20The%20Amazing%20Liver%20Cleanse.pdf\" target=\"_blank\">http:\/\/jokebook.com\/andreas%20moritz\/Moritz,%20Andreas%20-%20The%20Amazing%20Liver%20Cleanse.pdf<\/a><\/p>\n<h3>e em espanhol em<\/h3>\n<h3><a href=\"http:\/\/r-evolucion.es\/wp-content\/uploads\/2013\/08\/limpieza-hepatica.pdf\" target=\"_blank\">http:\/\/r-evolucion.es\/wp-content\/uploads\/2013\/08\/limpieza-hepatica.pdf<\/a><\/h3>\n<p>Tamb\u00e9m pode ser comprado em portugu\u00eas pele internet (Limpeza do F\u00edgado e da Ves\u00edcula, de Andreas Moritz)<\/p>\n<p>Mais relevante que quaisquer\u00a0informa\u00e7\u00f5es\u00a0contidas em livros \u00e9 a experi\u00eancia pr\u00f3pria que vamos adquirindo com nossa comprova\u00e7\u00e3o, com a nossa pr\u00f3pria viv\u00eancia.<\/p>\n<p>Segundo o autor, praticamente todas as doen\u00e7as cr\u00f4nicas s\u00e3o ocasionadas pela obstru\u00e7\u00e3o do f\u00edgado e da ves\u00edcula por c\u00e1lculos formados por subst\u00e2ncias t\u00f3xicas. Como esses c\u00e1lculos influem negativamente no funcionamento do f\u00edgado, que \u201ctem o controle direto sobre o crescimento e funcionamento de todas as c\u00e9lulas do corpo\u201d, \u00e9 claro que todo o corpo sofrer\u00e1 as consequ\u00eancias dessa obstru\u00e7\u00e3o. Conforme disse um s\u00e1bio autor, quando o f\u00edgado funciona bem, todo o organismo anda bem, sendo o oposto igualmente verdade.<\/p>\n<p>Todo esse\u00a0racioc\u00ednio\u00a0nos leva a concluir que<strong>\u00a0muitas das manchas no rosto s\u00e3o o resultado da ader\u00eancia dessas subst\u00e2ncias nocivas em nossas v\u00edsceras, principalmente em nosso f\u00edgado e ves\u00edcula. O pr\u00f3prio autor, no livro, faz essa afirma\u00e7\u00e3o.<\/strong><\/p>\n<p>Veja um excerto retirado do cap\u00edtulo um:<\/p>\n<p>&#8220;<em>Os seguintes sinais s\u00e3o particularmente indicativos de c\u00e1lculos biliares no f\u00edgado e na ves\u00edcula:\u00a0<strong>pontos negros e manchas marrons pequenas ou grandes<\/strong>, que podem ter a <em>colora\u00e7\u00e3o\u00a0<\/em>de sardas ou de pintas. \u00a0Em geral aparecem em ambos os lados, esquerdo e direito, da testa, entre as sobrancelhas ou debaixo dos olhos. Tamb\u00e9m podem aparecer imediatamente acima dos ombros ou entre as \u00a0omoplatas. As mais not\u00e1veis s\u00e3o as chamadas <\/em>manchas de f\u00edgado<em> na parte anterior das m\u00e3os e antebra\u00e7os e normalmente vistos em gente de meia idade \u00a0e nas pessoas mais velhas. Se os \u00a0c\u00e1lculos\u00a0biliares\u00a0espontaneamente excretados da ves\u00edcula\u00a0permanecem\u00a0aderidos ao\u00a0c\u00f3lon,\u00a0 tais manchas tamb\u00e9m aparecem onde o polegar e o\u00a0indicador\u00a0se unem. Essas manchas de figado em geral desaparecem gradualmente depois que a maioria das pedras s\u00e3o removidas do f\u00edgado e da ves\u00edcula<\/em>.&#8221;<\/p>\n<p>E no cap\u00edtulo dois:<em> &#8220;Se voc\u00ea sofre dos sintomas apresentados em seguida, ou de alguma condi\u00e7\u00e3o semelhante, \u00e9 \u00a0prov\u00e1vel\u00a0que tenha um grande n\u00famero de c\u00e1lculos biliares em seu f\u00edgado e em sua ves\u00edcula: &#8230;Manchas de f\u00edgado, especialmente na parte anterior das m\u00e3os e no rosto&#8230;&#8221;<\/em><\/p>\n<p>Vamos falar, ent\u00e3o, nestas p\u00e1ginas, sobre a limpeza do f\u00edgado \u00a0<a href=\"http:\/\/curacompletaparaomelasma.seublog.net\/?page_id=496\">http:\/\/curacompletaparaomelasma.seublog.net\/?page_id=496<\/a><\/p>\n<p>e, conectas a ela, a limpeza do c\u00f3lon \u00a0<a href=\"http:\/\/curacompletaparaomelasma.seublog.net\/?page_id=498\">http:\/\/curacompletaparaomelasma.seublog.net\/?page_id=498<\/a>,<\/p>\n<p>e dos rins \u00a0<a href=\"http:\/\/curacompletaparaomelasma.seublog.net\/?page_id=501\">\u00a0http:\/\/curacompletaparaomelasma.seublog.net\/?page_id=501<\/a>.<\/p>\n<div class='shareinpost'><ul class=\"socialwrap row\"><li class=\"iconOnly\"><a rel=\"nofollow\" target=\"_blank\" href=\"http:\/\/delicious.com\/post?url=https%3A%2F%2Fcuracompletaparaomelasma.seublog.net%2F%3Fpage_id%3D491&amp;title=Limpeza+do+F%C3%ADgado++e+da+Ves%C3%ADcula\" title=\"Bookmark this post : Limpeza do F\u00edgado  e da Ves\u00edcula on Delicious\" ><img loading=\"lazy\" decoding=\"async\" src=\"http:\/\/curacompletaparaomelasma.seublog.net\/wp-content\/plugins\/share-and-follow\/images\/blank.gif\" height=\"32\" style=\"background: transparent url(http:\/\/curacompletaparaomelasma.seublog.net\/wp-content\/plugins\/share-and-follow\/default\/32\/sprite-32.png) no-repeat;padding:0;margin:0;height:32px;width:32px;background-position:-198px 0px\" class=\"image-32\" width=\"32\" alt=\"delicious\"\/> <span class=\"head\">Bookmark on Delicious<\/span><\/a><\/li><li class=\"iconOnly\"><a rel=\"nofollow\" target=\"_blank\" href=\"http:\/\/digg.com\/submit?url=https%3A%2F%2Fcuracompletaparaomelasma.seublog.net%2F%3Fpage_id%3D491&amp;title=Limpeza+do+F%C3%ADgado++e+da+Ves%C3%ADcula&amp;bodytext=Voc%C3%AA+deve+ter+ouvido+falar+mais+de+uma+vez+que+o+melasma+constitui+%E2%80%9Cmanchas+de+f%C3%ADgado%E2%80%9D.+Talvez+voc%C3%AA+tenha+buscado+solucionar+poss%C3%ADveis+problemas+hep%C3%A1ticos+mediante+a+ingest%C3%A3o+de+ch%C3%A1s+ou+mesmo+drogas.+O+problema+%C3%A9+que+as+irregularidades+hep%C3%A1ticas+muita+vez+se+d%C3%A3o+devido+a+impurezas+que+se+aderem+ao+f%C3%ADgado\" title=\"Digg this post : Limpeza do F\u00edgado  e da Ves\u00edcula\" ><img loading=\"lazy\" decoding=\"async\" src=\"http:\/\/curacompletaparaomelasma.seublog.net\/wp-content\/plugins\/share-and-follow\/images\/blank.gif\" height=\"32\" style=\"background: transparent url(http:\/\/curacompletaparaomelasma.seublog.net\/wp-content\/plugins\/share-and-follow\/default\/32\/sprite-32.png) no-repeat;padding:0;margin:0;height:32px;width:32px;background-position:-264px 0px\" class=\"image-32\" width=\"32\" alt=\"digg\"\/> <span class=\"head\">Digg this post<\/span><\/a><\/li><li class=\"iconOnly\"><a rel=\"nofollow\" target=\"_blank\" href=\"http:\/\/www.facebook.com\/sharer.php?u=https%3A%2F%2Fcuracompletaparaomelasma.seublog.net%2F%3Fpage_id%3D491&amp;t=Limpeza+do+F%C3%ADgado++e+da+Ves%C3%ADcula\" title=\"Recommend this post : Limpeza do F\u00edgado  e da Ves\u00edcula on Facebook\" ><img loading=\"lazy\" decoding=\"async\" src=\"http:\/\/curacompletaparaomelasma.seublog.net\/wp-content\/plugins\/share-and-follow\/images\/blank.gif\" height=\"32\" style=\"background: transparent url(http:\/\/curacompletaparaomelasma.seublog.net\/wp-content\/plugins\/share-and-follow\/default\/32\/sprite-32.png) no-repeat;padding:0;margin:0;height:32px;width:32px;background-position:-363px 0px\" class=\"image-32\" width=\"32\" alt=\"facebook\"\/> <span class=\"head\">Recommend on Facebook<\/span><\/a><\/li><li class=\"iconOnly\"><a rel=\"nofollow\" target=\"_blank\" href=\"http:\/\/www.reddit.com\/submit?url=https%3A%2F%2Fcuracompletaparaomelasma.seublog.net%2F%3Fpage_id%3D491&amp;title=Limpeza+do+F%C3%ADgado++e+da+Ves%C3%ADcula\" title=\"Share this post : Limpeza do F\u00edgado  e da Ves\u00edcula on Reddit\" ><img loading=\"lazy\" decoding=\"async\" src=\"http:\/\/curacompletaparaomelasma.seublog.net\/wp-content\/plugins\/share-and-follow\/images\/blank.gif\" height=\"32\" style=\"background: transparent url(http:\/\/curacompletaparaomelasma.seublog.net\/wp-content\/plugins\/share-and-follow\/default\/32\/sprite-32.png) no-repeat;padding:0;margin:0;height:32px;width:32px;background-position:-1419px 0px\" class=\"image-32\" width=\"32\" alt=\"reddit\"\/> <span class=\"head\">share via Reddit<\/span><\/a><\/li><li class=\"iconOnly\"><a rel=\"nofollow\" target=\"_blank\" href=\"http:\/\/www.stumbleupon.com\/submit?url=https%3A%2F%2Fcuracompletaparaomelasma.seublog.net%2F%3Fpage_id%3D491&amp;title=Limpeza+do+F%C3%ADgado++e+da+Ves%C3%ADcula\" title=\"Share this post : Limpeza do F\u00edgado  e da Ves\u00edcula with Stumblers\" ><img loading=\"lazy\" decoding=\"async\" src=\"http:\/\/curacompletaparaomelasma.seublog.net\/wp-content\/plugins\/share-and-follow\/images\/blank.gif\" height=\"32\" style=\"background: transparent url(http:\/\/curacompletaparaomelasma.seublog.net\/wp-content\/plugins\/share-and-follow\/default\/32\/sprite-32.png) no-repeat;padding:0;margin:0;height:32px;width:32px;background-position:-1617px 0px\" class=\"image-32\" width=\"32\" alt=\"stumble\"\/> <span class=\"head\">Share with Stumblers<\/span><\/a><\/li><li class=\"iconOnly\"><a rel=\"nofollow\" target=\"_blank\" href=\"http:\/\/twitter.com\/home\/?status=https%3A%2F%2Fcuracompletaparaomelasma.seublog.net%2F%3Fpage_id%3D491\" title=\"Tweet this post : Limpeza do F\u00edgado  e da Ves\u00edcula on Twitter\" ><img loading=\"lazy\" decoding=\"async\" src=\"http:\/\/curacompletaparaomelasma.seublog.net\/wp-content\/plugins\/share-and-follow\/images\/blank.gif\" height=\"32\" style=\"background: transparent url(http:\/\/curacompletaparaomelasma.seublog.net\/wp-content\/plugins\/share-and-follow\/default\/32\/sprite-32.png) no-repeat;padding:0;margin:0;height:32px;width:32px;background-position:-1749px 0px\" class=\"image-32\"  width=\"32\"  alt=\"twitter\"\/> <span class=\"head\">Tweet about it<\/span><\/a><\/li><li class=\"iconOnly\"><a rel=\"_self\" href=\"https:\/\/curacompletaparaomelasma.seublog.net\/?page_id=491&feed=rss2\" title=\"Follow this post : Limpeza do F\u00edgado  e da Ves\u00edcula comments\"><img loading=\"lazy\" decoding=\"async\" src=\"http:\/\/curacompletaparaomelasma.seublog.net\/wp-content\/plugins\/share-and-follow\/images\/blank.gif\" height=\"32\"  width=\"32\" style=\"background: transparent url(http:\/\/curacompletaparaomelasma.seublog.net\/wp-content\/plugins\/share-and-follow\/default\/32\/sprite-32.png) no-repeat;padding:0;margin:0;height:32px;width:32px;background-position:-1452px 0px\" class=\"image-32\"  alt=\"rss\" \/> <span class=\"head\">Subscribe to the comments on this post<\/span><\/a><\/li><\/ul><div class=\"clean\"><\/div> <\/div>","protected":false},"excerpt":{"rendered":"<p>Voc\u00ea deve ter ouvido falar mais de uma vez que o melasma constitui \u201cmanchas de f\u00edgado\u201d. Talvez voc\u00ea tenha buscado solucionar poss\u00edveis problemas hep\u00e1ticos mediante a ingest\u00e3o de ch\u00e1s ou mesmo drogas. O problema \u00e9 que as irregularidades hep\u00e1ticas muita &hellip; <a href=\"https:\/\/curacompletaparaomelasma.seublog.net\/?page_id=491\">Continue lendo <span class=\"meta-nav\">&rarr;<\/span><\/a><\/p>\n","protected":false},"author":2112,"featured_media":0,"parent":0,"menu_order":0,"comment_status":"open","ping_status":"open","template":"","meta":{"footnotes":""},"class_list":["post-491","page","type-page","status-publish","hentry"],"_links":{"self":[{"href":"https:\/\/curacompletaparaomelasma.seublog.net\/index.php?rest_route=\/wp\/v2\/pages\/491","targetHints":{"allow":["GET"]}}],"collection":[{"href":"https:\/\/curacompletaparaomelasma.seublog.net\/index.php?rest_route=\/wp\/v2\/pages"}],"about":[{"href":"https:\/\/curacompletaparaomelasma.seublog.net\/index.php?rest_route=\/wp\/v2\/types\/page"}],"author":[{"embeddable":true,"href":"https:\/\/curacompletaparaomelasma.seublog.net\/index.php?rest_route=\/wp\/v2\/users\/2112"}],"replies":[{"embeddable":true,"href":"https:\/\/curacompletaparaomelasma.seublog.net\/index.php?rest_route=%2Fwp%2Fv2%2Fcomments&post=491"}],"version-history":[{"count":13,"href":"https:\/\/curacompletaparaomelasma.seublog.net\/index.php?rest_route=\/wp\/v2\/pages\/491\/revisions"}],"predecessor-version":[{"id":494,"href":"https:\/\/curacompletaparaomelasma.seublog.net\/index.php?rest_route=\/wp\/v2\/pages\/491\/revisions\/494"}],"wp:attachment":[{"href":"https:\/\/curacompletaparaomelasma.seublog.net\/index.php?rest_route=%2Fwp%2Fv2%2Fmedia&parent=491"}],"curies":[{"name":"wp","href":"https:\/\/api.w.org\/{rel}","templated":true}]}}