{"id":501,"date":"2013-04-03T15:59:06","date_gmt":"2013-04-03T18:59:06","guid":{"rendered":"http:\/\/curacompletaparaomelasma.seublog.net\/?page_id=501"},"modified":"2013-07-14T21:10:12","modified_gmt":"2013-07-15T00:10:12","slug":"limpeza-dos-rins","status":"publish","type":"page","link":"https:\/\/curacompletaparaomelasma.seublog.net\/?page_id=501","title":{"rendered":"Limpeza dos Rins"},"content":{"rendered":"<p>Andreas Moritz, em seu livro indicado neste saite, ensina que depois que se faz a limpeza do f\u00edgado algumas vezes, os rins costumam se congestionar com as impurezas que envolvem o corpo no processo. Ent\u00e3o, deve-se fazer uma limpeza de rins depois da segunda ou terceira limpeza. (Se a pessoa tem problemas hist\u00f3ricos de rins, ent\u00e3o deve repetir a limpeza algumas vezes, em intervalos de seis a oito semanas.)\u00a0Esse m\u00e9todo tira tamb\u00e9m as pedras pr\u00f3prias dos rins.<\/p>\n<p>Esse autor prescreve ervas com as quais se faz um ch\u00e1 e se toma durante uns 20 a 30 dias. Mas essas ervas n\u00e3o s\u00e3o todas f\u00e1ceis de achar em qualquer pa\u00eds (o autor escreveu o livro nos Estados Unidos). Ent\u00e3o, sugerimos limpar os rins com m\u00e9todos achados na internet com material que podemos encontrar facilmente. A limpeza com um ch\u00e1 a base de salsa parece muita boa. Tem v\u00e1rios blogs sobre ela. Se os blogs n\u00e3o indicarem o tempo que se deve tomar o ch\u00e1, aconselhamos que seja \u00a0o \u00a0indicado por Andreas Moritz. Se h\u00e1 d\u00favida quanto \u00e0 dose di\u00e1ria, pode-se tomar como o autor sugere que se tome o dele (oito doses di\u00e1rias em pequenos sorvos). O ch\u00e1 n\u00e3o deve ser tomado gelado (deve ser morno ou a temperatura ambiente). Deve-se tomar muita \u00e1gua durante a limpeza renal e evitar alimentos que sobrecarregam os rins (como produtos animais, leite, etc.).<\/p>\n<div class='shareinpost'><ul class=\"socialwrap row\"><li class=\"iconOnly\"><a rel=\"nofollow\" target=\"_blank\" href=\"http:\/\/delicious.com\/post?url=https%3A%2F%2Fcuracompletaparaomelasma.seublog.net%2F%3Fpage_id%3D501&amp;title=Limpeza+dos+Rins\" title=\"Bookmark this post : Limpeza dos Rins on Delicious\" ><img loading=\"lazy\" decoding=\"async\" src=\"http:\/\/curacompletaparaomelasma.seublog.net\/wp-content\/plugins\/share-and-follow\/images\/blank.gif\" height=\"32\" style=\"background: transparent url(http:\/\/curacompletaparaomelasma.seublog.net\/wp-content\/plugins\/share-and-follow\/default\/32\/sprite-32.png) no-repeat;padding:0;margin:0;height:32px;width:32px;background-position:-198px 0px\" class=\"image-32\" width=\"32\" alt=\"delicious\"\/> <span class=\"head\">Bookmark on Delicious<\/span><\/a><\/li><li class=\"iconOnly\"><a rel=\"nofollow\" target=\"_blank\" href=\"http:\/\/digg.com\/submit?url=https%3A%2F%2Fcuracompletaparaomelasma.seublog.net%2F%3Fpage_id%3D501&amp;title=Limpeza+dos+Rins&amp;bodytext=Andreas+Moritz%2C+em+seu+livro+indicado+neste+saite%2C+ensina+que+depois+que+se+faz+a+limpeza+do+f%C3%ADgado+algumas+vezes%2C+os+rins+costumam+se+congestionar+com+as+impurezas+que+envolvem+o+corpo+no+processo.+Ent%C3%A3o%2C+deve-se+fazer+uma+limpeza+de+rins+depois+da+segunda+ou+terceira+limpeza.+%28Se+a+pessoa+tem+problemas+hist%C3%B3ricos+\" title=\"Digg this post : Limpeza dos Rins\" ><img loading=\"lazy\" decoding=\"async\" src=\"http:\/\/curacompletaparaomelasma.seublog.net\/wp-content\/plugins\/share-and-follow\/images\/blank.gif\" height=\"32\" style=\"background: transparent url(http:\/\/curacompletaparaomelasma.seublog.net\/wp-content\/plugins\/share-and-follow\/default\/32\/sprite-32.png) no-repeat;padding:0;margin:0;height:32px;width:32px;background-position:-264px 0px\" class=\"image-32\" width=\"32\" alt=\"digg\"\/> <span class=\"head\">Digg this post<\/span><\/a><\/li><li class=\"iconOnly\"><a rel=\"nofollow\" target=\"_blank\" href=\"http:\/\/www.facebook.com\/sharer.php?u=https%3A%2F%2Fcuracompletaparaomelasma.seublog.net%2F%3Fpage_id%3D501&amp;t=Limpeza+dos+Rins\" title=\"Recommend this post : Limpeza dos Rins on Facebook\" ><img loading=\"lazy\" decoding=\"async\" src=\"http:\/\/curacompletaparaomelasma.seublog.net\/wp-content\/plugins\/share-and-follow\/images\/blank.gif\" height=\"32\" style=\"background: transparent url(http:\/\/curacompletaparaomelasma.seublog.net\/wp-content\/plugins\/share-and-follow\/default\/32\/sprite-32.png) no-repeat;padding:0;margin:0;height:32px;width:32px;background-position:-363px 0px\" class=\"image-32\" width=\"32\" alt=\"facebook\"\/> <span class=\"head\">Recommend on Facebook<\/span><\/a><\/li><li class=\"iconOnly\"><a rel=\"nofollow\" target=\"_blank\" href=\"http:\/\/www.reddit.com\/submit?url=https%3A%2F%2Fcuracompletaparaomelasma.seublog.net%2F%3Fpage_id%3D501&amp;title=Limpeza+dos+Rins\" title=\"Share this post : Limpeza dos Rins on Reddit\" ><img loading=\"lazy\" decoding=\"async\" src=\"http:\/\/curacompletaparaomelasma.seublog.net\/wp-content\/plugins\/share-and-follow\/images\/blank.gif\" height=\"32\" style=\"background: transparent url(http:\/\/curacompletaparaomelasma.seublog.net\/wp-content\/plugins\/share-and-follow\/default\/32\/sprite-32.png) no-repeat;padding:0;margin:0;height:32px;width:32px;background-position:-1419px 0px\" class=\"image-32\" width=\"32\" alt=\"reddit\"\/> <span class=\"head\">share via Reddit<\/span><\/a><\/li><li class=\"iconOnly\"><a rel=\"nofollow\" target=\"_blank\" href=\"http:\/\/www.stumbleupon.com\/submit?url=https%3A%2F%2Fcuracompletaparaomelasma.seublog.net%2F%3Fpage_id%3D501&amp;title=Limpeza+dos+Rins\" title=\"Share this post : Limpeza dos Rins with Stumblers\" ><img loading=\"lazy\" decoding=\"async\" src=\"http:\/\/curacompletaparaomelasma.seublog.net\/wp-content\/plugins\/share-and-follow\/images\/blank.gif\" height=\"32\" style=\"background: transparent url(http:\/\/curacompletaparaomelasma.seublog.net\/wp-content\/plugins\/share-and-follow\/default\/32\/sprite-32.png) no-repeat;padding:0;margin:0;height:32px;width:32px;background-position:-1617px 0px\" class=\"image-32\" width=\"32\" alt=\"stumble\"\/> <span class=\"head\">Share with Stumblers<\/span><\/a><\/li><li class=\"iconOnly\"><a rel=\"nofollow\" target=\"_blank\" href=\"http:\/\/twitter.com\/home\/?status=https%3A%2F%2Fcuracompletaparaomelasma.seublog.net%2F%3Fpage_id%3D501\" title=\"Tweet this post : Limpeza dos Rins on Twitter\" ><img loading=\"lazy\" decoding=\"async\" src=\"http:\/\/curacompletaparaomelasma.seublog.net\/wp-content\/plugins\/share-and-follow\/images\/blank.gif\" height=\"32\" style=\"background: transparent url(http:\/\/curacompletaparaomelasma.seublog.net\/wp-content\/plugins\/share-and-follow\/default\/32\/sprite-32.png) no-repeat;padding:0;margin:0;height:32px;width:32px;background-position:-1749px 0px\" class=\"image-32\"  width=\"32\"  alt=\"twitter\"\/> <span class=\"head\">Tweet about it<\/span><\/a><\/li><li class=\"iconOnly\"><a rel=\"_self\" href=\"https:\/\/curacompletaparaomelasma.seublog.net\/?page_id=501&feed=rss2\" title=\"Follow this post : Limpeza dos Rins comments\"><img loading=\"lazy\" decoding=\"async\" src=\"http:\/\/curacompletaparaomelasma.seublog.net\/wp-content\/plugins\/share-and-follow\/images\/blank.gif\" height=\"32\"  width=\"32\" style=\"background: transparent url(http:\/\/curacompletaparaomelasma.seublog.net\/wp-content\/plugins\/share-and-follow\/default\/32\/sprite-32.png) no-repeat;padding:0;margin:0;height:32px;width:32px;background-position:-1452px 0px\" class=\"image-32\"  alt=\"rss\" \/> <span class=\"head\">Subscribe to the comments on this post<\/span><\/a><\/li><\/ul><div class=\"clean\"><\/div> <\/div>","protected":false},"excerpt":{"rendered":"<p>Andreas Moritz, em seu livro indicado neste saite, ensina que depois que se faz a limpeza do f\u00edgado algumas vezes, os rins costumam se congestionar com as impurezas que envolvem o corpo no processo. Ent\u00e3o, deve-se fazer uma limpeza de &hellip; <a href=\"https:\/\/curacompletaparaomelasma.seublog.net\/?page_id=501\">Continue lendo <span class=\"meta-nav\">&rarr;<\/span><\/a><\/p>\n","protected":false},"author":2112,"featured_media":0,"parent":0,"menu_order":0,"comment_status":"open","ping_status":"open","template":"","meta":{"footnotes":""},"class_list":["post-501","page","type-page","status-publish","hentry"],"_links":{"self":[{"href":"https:\/\/curacompletaparaomelasma.seublog.net\/index.php?rest_route=\/wp\/v2\/pages\/501","targetHints":{"allow":["GET"]}}],"collection":[{"href":"https:\/\/curacompletaparaomelasma.seublog.net\/index.php?rest_route=\/wp\/v2\/pages"}],"about":[{"href":"https:\/\/curacompletaparaomelasma.seublog.net\/index.php?rest_route=\/wp\/v2\/types\/page"}],"author":[{"embeddable":true,"href":"https:\/\/curacompletaparaomelasma.seublog.net\/index.php?rest_route=\/wp\/v2\/users\/2112"}],"replies":[{"embeddable":true,"href":"https:\/\/curacompletaparaomelasma.seublog.net\/index.php?rest_route=%2Fwp%2Fv2%2Fcomments&post=501"}],"version-history":[{"count":4,"href":"https:\/\/curacompletaparaomelasma.seublog.net\/index.php?rest_route=\/wp\/v2\/pages\/501\/revisions"}],"predecessor-version":[{"id":696,"href":"https:\/\/curacompletaparaomelasma.seublog.net\/index.php?rest_route=\/wp\/v2\/pages\/501\/revisions\/696"}],"wp:attachment":[{"href":"https:\/\/curacompletaparaomelasma.seublog.net\/index.php?rest_route=%2Fwp%2Fv2%2Fmedia&parent=501"}],"curies":[{"name":"wp","href":"https:\/\/api.w.org\/{rel}","templated":true}]}}