{"id":577,"date":"2013-04-24T18:20:43","date_gmt":"2013-04-24T21:20:43","guid":{"rendered":"http:\/\/curacompletaparaomelasma.seublog.net\/?page_id=577"},"modified":"2013-05-08T21:44:13","modified_gmt":"2013-05-09T00:44:13","slug":"terapia-do-oleo-de-girassol","status":"publish","type":"page","link":"https:\/\/curacompletaparaomelasma.seublog.net\/?page_id=577","title":{"rendered":"Terapia do \u00f3leo de girassol"},"content":{"rendered":"<p>A terapia do \u00f3leo de girassol \u00e9 exposta no livro \u201cA Surpreendente Limpeza do F\u00edgado e da Ves\u00edcula\u201d, de Andreas Moritz (estudado neste saite na p\u00e1gina \u201cLimpeza do F\u00edgado e da Ves\u00edcula\u201d). Parece ser uma pr\u00e1tica muito antiga. Vamos transcrever abaixo o texto do livro e, em seguida, vamos apresentar links de saites que tamb\u00e9m prescrevem a terapia. Alguns desses saites apresentam testemunhos diversos de pessoas que obtiveram resultados impressionantes com o m\u00e9todo, inclusive curando-se de problemas de pele. O mais importante, como se tem enfatizado neste saite, \u00e9 a obten\u00e7\u00e3o da regularidade funcional do organismo em todos os \u00e2mbitos, que \u00e9 o que a terapia do \u00f3leo de girassol ajuda a promover.<\/p>\n<p align=\"left\">\u00a0H\u00e1 uma diverg\u00eancia entre os saites relacionados a esses links que se apresentar\u00e3o no fim desta p\u00e1gina e o texto abaixo transcrito do livro no que se refere \u00e0 aplica\u00e7\u00e3o do m\u00e9todo. Enquanto os saites aconselham \u00a0bochechar o \u00f3leo continuamente por 15 minutos, o texto abaixo prescreve faz\u00ea-lo por \u00a0tr\u00eas ou quatro minutos,\u00a0cuspir\u00a0e repetir o procedimento por mais duas vezes; assim impede-se a reabsor\u00e7\u00e3o de toxinas. Quem quer que o queira aplicar refletir\u00e1 sobre qual \u00e9\u00a0 o melhor tempo a utilizar.<\/p>\n<p align=\"left\">\u00a0O texto abaixo \u00e9 a tradu\u00e7\u00e3o do item 19 do cap\u00edtulo cinco do livro. Esse cap\u00edtulo trata sobre \u201cRegras Simples Para Evitar a Forma\u00e7\u00e3o de C\u00e1lculos.\u201d<\/p>\n<p align=\"left\">\u00a0&#8220;<em>Aplicar a Terapia do \u00d3leo Vegetal Diariamente<\/em><\/p>\n<p align=\"left\"><em>A terapia do \u00f3leo vegetal \u00e9 um m\u00e9todo simples, mas surpreendentemente efetivo para limpar o sangue e tem se \u00a0mostrado eficiente para numerosas desordens, incluindo enfermidades sangu\u00edneas dos pulm\u00f5es e do f\u00edgados, enfermidades dos dentes, das gengivas, dor de cabe\u00e7a, <b>enfermidades da pele<\/b> (grifo nosso), \u00falceras g\u00e1stricas, problemas intestinais, falta de apetite, doen\u00e7as do cora\u00e7\u00e3o e dos rins, encefalite, problemas nos nervos, falta de mem\u00f3ria, desequil\u00edbrio pr\u00f3prios da mulher, incha\u00e7\u00e3o no rosto e bolsas sob os olhos. \u00a0A terapia consiste em sorver uma pequena quantidade de \u00f3leo vegetal e moviment\u00e1-lo por toda a boca.<\/em><\/p>\n<p align=\"left\"><em>Para aplicar essa terapia voc\u00ea precisa de \u00f3leo de girassol ou de gergelim prensado a frio e n\u00e3o refinado. Pela manh\u00e3, em qualquer momento antes do desjejum, coloque uma colher de sopa do \u00f3leo na boca, mas n\u00e3o o engula. Movimente-o lentamente pela boca, mastigue-o, passe-o por entre os seus dentes, por tr\u00eas ou quatro minutos. \u00a0Isto faz com que a saliva se misture com o \u00f3leo e ative a libera\u00e7\u00e3o de enzimas, as quais t\u00eam a propriedade de retirar toxinas do sangue. Por essa raz\u00e3o \u00e9 importante cuspir o \u00f3leo n\u00e3o mais que tr\u00eas ou quatro minutos ap\u00f3s o in\u00edcio da pr\u00e1tica. Voc\u00ea n\u00e3o quer que as toxinas sejam reabsorvidas. Voc\u00ea observar\u00e1 que o \u00f3leo tomar\u00e1 a apar\u00eancia de cor leitosa ou amarelada (saturada com toxinas e bilh\u00f5es de bact\u00e9rias nocivas).<\/em><\/p>\n<p align=\"left\"><em>\u00a0<\/em><em>Para melhores resultados, repita esse processo por mais duas vezes. Ent\u00e3o enx\u00e1gue a boca com uma solu\u00e7\u00e3o contendo meia colher de ch\u00e1 de bicarbonato de s\u00f3dio ou meia colher de ch\u00e1 de sal marinho n\u00e3o refinado. Essa solu\u00e7\u00e3o remove tudo o que reste do \u00f3leo e das toxinas. Adicionalmente, voc\u00ea poder\u00e1 escovar os dentes para ter certeza de que sua boca ficar\u00e1 limpa. Raspar a l\u00edngua tamb\u00e9m \u00e9 aconselh\u00e1vel.<\/em><\/p>\n<p align=\"left\"><em>\u00a0<\/em><em>Alguns dos efeitos vis\u00edveis dessa pr\u00e1tica incluem o branqueamento dos dentes e a elimina\u00e7\u00e3o de sangramento nas gengivas. Nos per\u00edodos de enfermidade, esse procedimento pode ser repetido tr\u00eas vezes ao dia, mas somente com o est\u00f4mago vazio. A terapia do \u00f3leo vegetal alivia e ajuda as funciones hep\u00e1ticas ao extrair as toxinas do sangre que o f\u00edgado n\u00e3o conseguiu remover ou purificar. Isto beneficia todo o organismo.&#8221;<\/em><\/p>\n<p align=\"left\">Links de saite sobre a terapia do \u00f3leo vegetal:<\/p>\n<p align=\"left\"><a href=\"http:\/\/www.docelimao.com.br\/site\/terapias\/950-a-cura-pelo-oleo-de-girassol\" target=\"_blank\">http:\/\/www.docelimao.com.br\/site\/terapias\/950-a-cura-pelo-oleo-de-girassol<\/a><\/p>\n<p align=\"left\"><a href=\"http:\/\/www.rosangelaliberti.recantodasletras.com.br\/blog.php?idb=12641\">http:\/\/www.rosangelaliberti.recantodasletras.com.br\/blog.php?idb=12641<\/a><\/p>\n<div class='shareinpost'><ul class=\"socialwrap row\"><li class=\"iconOnly\"><a rel=\"nofollow\" target=\"_blank\" href=\"http:\/\/delicious.com\/post?url=https%3A%2F%2Fcuracompletaparaomelasma.seublog.net%2F%3Fpage_id%3D577&amp;title=Terapia+do+%C3%B3leo+de+girassol\" title=\"Bookmark this post : Terapia do \u00f3leo de girassol on Delicious\" ><img loading=\"lazy\" decoding=\"async\" src=\"http:\/\/curacompletaparaomelasma.seublog.net\/wp-content\/plugins\/share-and-follow\/images\/blank.gif\" height=\"32\" style=\"background: transparent url(http:\/\/curacompletaparaomelasma.seublog.net\/wp-content\/plugins\/share-and-follow\/default\/32\/sprite-32.png) no-repeat;padding:0;margin:0;height:32px;width:32px;background-position:-198px 0px\" class=\"image-32\" width=\"32\" alt=\"delicious\"\/> <span class=\"head\">Bookmark on Delicious<\/span><\/a><\/li><li class=\"iconOnly\"><a rel=\"nofollow\" target=\"_blank\" href=\"http:\/\/digg.com\/submit?url=https%3A%2F%2Fcuracompletaparaomelasma.seublog.net%2F%3Fpage_id%3D577&amp;title=Terapia+do+%C3%B3leo+de+girassol&amp;bodytext=A+terapia+do+%C3%B3leo+de+girassol+%C3%A9+exposta+no+livro+%E2%80%9CA+Surpreendente+Limpeza+do+F%C3%ADgado+e+da+Ves%C3%ADcula%E2%80%9D%2C+de+Andreas+Moritz+%28estudado+neste+saite+na+p%C3%A1gina+%E2%80%9CLimpeza+do+F%C3%ADgado+e+da+Ves%C3%ADcula%E2%80%9D%29.+Parece+ser+uma+pr%C3%A1tica+muito+antiga.+Vamos+transcrever+abaixo+o+texto+do+livro+e%2C+em+seguida%2C+vamos+apresentar+links+d\" title=\"Digg this post : Terapia do \u00f3leo de girassol\" ><img loading=\"lazy\" decoding=\"async\" src=\"http:\/\/curacompletaparaomelasma.seublog.net\/wp-content\/plugins\/share-and-follow\/images\/blank.gif\" height=\"32\" style=\"background: transparent url(http:\/\/curacompletaparaomelasma.seublog.net\/wp-content\/plugins\/share-and-follow\/default\/32\/sprite-32.png) no-repeat;padding:0;margin:0;height:32px;width:32px;background-position:-264px 0px\" class=\"image-32\" width=\"32\" alt=\"digg\"\/> <span class=\"head\">Digg this post<\/span><\/a><\/li><li class=\"iconOnly\"><a rel=\"nofollow\" target=\"_blank\" href=\"http:\/\/www.facebook.com\/sharer.php?u=https%3A%2F%2Fcuracompletaparaomelasma.seublog.net%2F%3Fpage_id%3D577&amp;t=Terapia+do+%C3%B3leo+de+girassol\" title=\"Recommend this post : Terapia do \u00f3leo de girassol on Facebook\" ><img loading=\"lazy\" decoding=\"async\" src=\"http:\/\/curacompletaparaomelasma.seublog.net\/wp-content\/plugins\/share-and-follow\/images\/blank.gif\" height=\"32\" style=\"background: transparent url(http:\/\/curacompletaparaomelasma.seublog.net\/wp-content\/plugins\/share-and-follow\/default\/32\/sprite-32.png) no-repeat;padding:0;margin:0;height:32px;width:32px;background-position:-363px 0px\" class=\"image-32\" width=\"32\" alt=\"facebook\"\/> <span class=\"head\">Recommend on Facebook<\/span><\/a><\/li><li class=\"iconOnly\"><a rel=\"nofollow\" target=\"_blank\" href=\"http:\/\/www.reddit.com\/submit?url=https%3A%2F%2Fcuracompletaparaomelasma.seublog.net%2F%3Fpage_id%3D577&amp;title=Terapia+do+%C3%B3leo+de+girassol\" title=\"Share this post : Terapia do \u00f3leo de girassol on Reddit\" ><img loading=\"lazy\" decoding=\"async\" src=\"http:\/\/curacompletaparaomelasma.seublog.net\/wp-content\/plugins\/share-and-follow\/images\/blank.gif\" height=\"32\" style=\"background: transparent url(http:\/\/curacompletaparaomelasma.seublog.net\/wp-content\/plugins\/share-and-follow\/default\/32\/sprite-32.png) no-repeat;padding:0;margin:0;height:32px;width:32px;background-position:-1419px 0px\" class=\"image-32\" width=\"32\" alt=\"reddit\"\/> <span class=\"head\">share via Reddit<\/span><\/a><\/li><li class=\"iconOnly\"><a rel=\"nofollow\" target=\"_blank\" href=\"http:\/\/www.stumbleupon.com\/submit?url=https%3A%2F%2Fcuracompletaparaomelasma.seublog.net%2F%3Fpage_id%3D577&amp;title=Terapia+do+%C3%B3leo+de+girassol\" title=\"Share this post : Terapia do \u00f3leo de girassol with Stumblers\" ><img loading=\"lazy\" decoding=\"async\" src=\"http:\/\/curacompletaparaomelasma.seublog.net\/wp-content\/plugins\/share-and-follow\/images\/blank.gif\" height=\"32\" style=\"background: transparent url(http:\/\/curacompletaparaomelasma.seublog.net\/wp-content\/plugins\/share-and-follow\/default\/32\/sprite-32.png) no-repeat;padding:0;margin:0;height:32px;width:32px;background-position:-1617px 0px\" class=\"image-32\" width=\"32\" alt=\"stumble\"\/> <span class=\"head\">Share with Stumblers<\/span><\/a><\/li><li class=\"iconOnly\"><a rel=\"nofollow\" target=\"_blank\" href=\"http:\/\/twitter.com\/home\/?status=https%3A%2F%2Fcuracompletaparaomelasma.seublog.net%2F%3Fpage_id%3D577\" title=\"Tweet this post : Terapia do \u00f3leo de girassol on Twitter\" ><img loading=\"lazy\" decoding=\"async\" src=\"http:\/\/curacompletaparaomelasma.seublog.net\/wp-content\/plugins\/share-and-follow\/images\/blank.gif\" height=\"32\" style=\"background: transparent url(http:\/\/curacompletaparaomelasma.seublog.net\/wp-content\/plugins\/share-and-follow\/default\/32\/sprite-32.png) no-repeat;padding:0;margin:0;height:32px;width:32px;background-position:-1749px 0px\" class=\"image-32\"  width=\"32\"  alt=\"twitter\"\/> <span class=\"head\">Tweet about it<\/span><\/a><\/li><li class=\"iconOnly\"><a rel=\"_self\" href=\"https:\/\/curacompletaparaomelasma.seublog.net\/?page_id=577&feed=rss2\" title=\"Follow this post : Terapia do \u00f3leo de girassol comments\"><img loading=\"lazy\" decoding=\"async\" src=\"http:\/\/curacompletaparaomelasma.seublog.net\/wp-content\/plugins\/share-and-follow\/images\/blank.gif\" height=\"32\"  width=\"32\" style=\"background: transparent url(http:\/\/curacompletaparaomelasma.seublog.net\/wp-content\/plugins\/share-and-follow\/default\/32\/sprite-32.png) no-repeat;padding:0;margin:0;height:32px;width:32px;background-position:-1452px 0px\" class=\"image-32\"  alt=\"rss\" \/> <span class=\"head\">Subscribe to the comments on this post<\/span><\/a><\/li><\/ul><div class=\"clean\"><\/div> <\/div>","protected":false},"excerpt":{"rendered":"<p>A terapia do \u00f3leo de girassol \u00e9 exposta no livro \u201cA Surpreendente Limpeza do F\u00edgado e da Ves\u00edcula\u201d, de Andreas Moritz (estudado neste saite na p\u00e1gina \u201cLimpeza do F\u00edgado e da Ves\u00edcula\u201d). Parece ser uma pr\u00e1tica muito antiga. Vamos transcrever &hellip; <a href=\"https:\/\/curacompletaparaomelasma.seublog.net\/?page_id=577\">Continue lendo <span class=\"meta-nav\">&rarr;<\/span><\/a><\/p>\n","protected":false},"author":2112,"featured_media":0,"parent":0,"menu_order":0,"comment_status":"open","ping_status":"open","template":"","meta":{"footnotes":""},"class_list":["post-577","page","type-page","status-publish","hentry"],"_links":{"self":[{"href":"https:\/\/curacompletaparaomelasma.seublog.net\/index.php?rest_route=\/wp\/v2\/pages\/577","targetHints":{"allow":["GET"]}}],"collection":[{"href":"https:\/\/curacompletaparaomelasma.seublog.net\/index.php?rest_route=\/wp\/v2\/pages"}],"about":[{"href":"https:\/\/curacompletaparaomelasma.seublog.net\/index.php?rest_route=\/wp\/v2\/types\/page"}],"author":[{"embeddable":true,"href":"https:\/\/curacompletaparaomelasma.seublog.net\/index.php?rest_route=\/wp\/v2\/users\/2112"}],"replies":[{"embeddable":true,"href":"https:\/\/curacompletaparaomelasma.seublog.net\/index.php?rest_route=%2Fwp%2Fv2%2Fcomments&post=577"}],"version-history":[{"count":8,"href":"https:\/\/curacompletaparaomelasma.seublog.net\/index.php?rest_route=\/wp\/v2\/pages\/577\/revisions"}],"predecessor-version":[{"id":604,"href":"https:\/\/curacompletaparaomelasma.seublog.net\/index.php?rest_route=\/wp\/v2\/pages\/577\/revisions\/604"}],"wp:attachment":[{"href":"https:\/\/curacompletaparaomelasma.seublog.net\/index.php?rest_route=%2Fwp%2Fv2%2Fmedia&parent=577"}],"curies":[{"name":"wp","href":"https:\/\/api.w.org\/{rel}","templated":true}]}}