{"id":714,"date":"2013-07-26T22:08:31","date_gmt":"2013-07-27T01:08:31","guid":{"rendered":"http:\/\/curacompletaparaomelasma.seublog.net\/?page_id=714"},"modified":"2013-07-27T22:08:34","modified_gmt":"2013-07-28T01:08:34","slug":"limpeza-do-colon-video","status":"publish","type":"page","link":"https:\/\/curacompletaparaomelasma.seublog.net\/?page_id=714","title":{"rendered":"Limpeza do c\u00f3lon (v\u00eddeo)"},"content":{"rendered":"<p>As p\u00e1ginas &#8220;Como limpar o f\u00edgado e a ves\u00edcula&#8221; <a href=\"http:\/\/curacompletaparaomelasma.seublog.net\/?page_id=496\">http:\/\/curacompletaparaomelasma.seublog.net\/?page_id=496&lt;\/code<\/a><br \/>\ne &#8220;Limpeza do c\u00f3lon&#8221; <a href=\"http:\/\/curacompletaparaomelasma.seublog.net\/?page_id=498\">http:\/\/curacompletaparaomelasma.seublog.net\/?page_id=498<\/a><br \/>\nensinam como se utilizar deste equipamento que tem similares caros e dif\u00edceis de aquirir, mas que pode ser feito em casa a custo irris\u00f3rio.<\/p>\n<p>Todos sabem que intestino limpo e em bom funcionamento \u00e9 sin\u00f4nimo de pele saud\u00e1vel e bonita.<\/p>\n<p>V\u00eddeo em portugu\u00eas:<\/p>\n<p><iframe loading=\"lazy\" title=\"lavagem \/ limpeza intestinal profunda - equipamento para enema \/ clister caseiro\" width=\"640\" height=\"480\" src=\"https:\/\/www.youtube.com\/embed\/MInnj1U2874?feature=oembed\" frameborder=\"0\" allow=\"accelerometer; autoplay; clipboard-write; encrypted-media; gyroscope; picture-in-picture; web-share\" referrerpolicy=\"strict-origin-when-cross-origin\" allowfullscreen><\/iframe><\/p>\n<p>V\u00eddeo em ingl\u00eas:<\/p>\n<p><iframe loading=\"lazy\" title=\"clean your bowels yourself - cleansing homemade equipment - intestinal \/ colonic irrigation \/\" width=\"640\" height=\"480\" src=\"https:\/\/www.youtube.com\/embed\/B0hslzeyIuM?feature=oembed\" frameborder=\"0\" allow=\"accelerometer; autoplay; clipboard-write; encrypted-media; gyroscope; picture-in-picture; web-share\" referrerpolicy=\"strict-origin-when-cross-origin\" allowfullscreen><\/iframe><\/p>\n<div class='shareinpost'><ul class=\"socialwrap row\"><li class=\"iconOnly\"><a rel=\"nofollow\" target=\"_blank\" href=\"http:\/\/delicious.com\/post?url=https%3A%2F%2Fcuracompletaparaomelasma.seublog.net%2F%3Fpage_id%3D714&amp;title=Limpeza+do+c%C3%B3lon+%28v%C3%ADdeo%29\" title=\"Bookmark this post : Limpeza do c\u00f3lon (v\u00eddeo) on Delicious\" ><img loading=\"lazy\" decoding=\"async\" src=\"http:\/\/curacompletaparaomelasma.seublog.net\/wp-content\/plugins\/share-and-follow\/images\/blank.gif\" height=\"32\" style=\"background: transparent url(http:\/\/curacompletaparaomelasma.seublog.net\/wp-content\/plugins\/share-and-follow\/default\/32\/sprite-32.png) no-repeat;padding:0;margin:0;height:32px;width:32px;background-position:-198px 0px\" class=\"image-32\" width=\"32\" alt=\"delicious\"\/> <span class=\"head\">Bookmark on Delicious<\/span><\/a><\/li><li class=\"iconOnly\"><a rel=\"nofollow\" target=\"_blank\" href=\"http:\/\/digg.com\/submit?url=https%3A%2F%2Fcuracompletaparaomelasma.seublog.net%2F%3Fpage_id%3D714&amp;title=Limpeza+do+c%C3%B3lon+%28v%C3%ADdeo%29&amp;bodytext=As+p%C3%A1ginas+%22Como+limpar+o+f%C3%ADgado+e+a+ves%C3%ADcula%22+http%3A%2F%2Fcuracompletaparaomelasma.seublog.net%2F%3Fpage_id%3D496%26lt%3B%2Fcode%0D%0Ae+%22Limpeza+do+c%C3%B3lon%22+http%3A%2F%2Fcuracompletaparaomelasma.seublog.net%2F%3Fpage_id%3D498%0D%0Aensinam+como+se+utilizar+deste+equipamento+que+tem+similares+caros+e+dif%C3%ADceis+de+aquirir%2C+mas+que+pode+ser+feito+em+casa+a\" title=\"Digg this post : Limpeza do c\u00f3lon (v\u00eddeo)\" ><img loading=\"lazy\" decoding=\"async\" src=\"http:\/\/curacompletaparaomelasma.seublog.net\/wp-content\/plugins\/share-and-follow\/images\/blank.gif\" height=\"32\" style=\"background: transparent url(http:\/\/curacompletaparaomelasma.seublog.net\/wp-content\/plugins\/share-and-follow\/default\/32\/sprite-32.png) no-repeat;padding:0;margin:0;height:32px;width:32px;background-position:-264px 0px\" class=\"image-32\" width=\"32\" alt=\"digg\"\/> <span class=\"head\">Digg this post<\/span><\/a><\/li><li class=\"iconOnly\"><a rel=\"nofollow\" target=\"_blank\" href=\"http:\/\/www.facebook.com\/sharer.php?u=https%3A%2F%2Fcuracompletaparaomelasma.seublog.net%2F%3Fpage_id%3D714&amp;t=Limpeza+do+c%C3%B3lon+%28v%C3%ADdeo%29\" title=\"Recommend this post : Limpeza do c\u00f3lon (v\u00eddeo) on Facebook\" ><img loading=\"lazy\" decoding=\"async\" src=\"http:\/\/curacompletaparaomelasma.seublog.net\/wp-content\/plugins\/share-and-follow\/images\/blank.gif\" height=\"32\" style=\"background: transparent url(http:\/\/curacompletaparaomelasma.seublog.net\/wp-content\/plugins\/share-and-follow\/default\/32\/sprite-32.png) no-repeat;padding:0;margin:0;height:32px;width:32px;background-position:-363px 0px\" class=\"image-32\" width=\"32\" alt=\"facebook\"\/> <span class=\"head\">Recommend on Facebook<\/span><\/a><\/li><li class=\"iconOnly\"><a rel=\"nofollow\" target=\"_blank\" href=\"http:\/\/www.reddit.com\/submit?url=https%3A%2F%2Fcuracompletaparaomelasma.seublog.net%2F%3Fpage_id%3D714&amp;title=Limpeza+do+c%C3%B3lon+%28v%C3%ADdeo%29\" title=\"Share this post : Limpeza do c\u00f3lon (v\u00eddeo) on Reddit\" ><img loading=\"lazy\" decoding=\"async\" src=\"http:\/\/curacompletaparaomelasma.seublog.net\/wp-content\/plugins\/share-and-follow\/images\/blank.gif\" height=\"32\" style=\"background: transparent url(http:\/\/curacompletaparaomelasma.seublog.net\/wp-content\/plugins\/share-and-follow\/default\/32\/sprite-32.png) no-repeat;padding:0;margin:0;height:32px;width:32px;background-position:-1419px 0px\" class=\"image-32\" width=\"32\" alt=\"reddit\"\/> <span class=\"head\">share via Reddit<\/span><\/a><\/li><li class=\"iconOnly\"><a rel=\"nofollow\" target=\"_blank\" href=\"http:\/\/www.stumbleupon.com\/submit?url=https%3A%2F%2Fcuracompletaparaomelasma.seublog.net%2F%3Fpage_id%3D714&amp;title=Limpeza+do+c%C3%B3lon+%28v%C3%ADdeo%29\" title=\"Share this post : Limpeza do c\u00f3lon (v\u00eddeo) with Stumblers\" ><img loading=\"lazy\" decoding=\"async\" src=\"http:\/\/curacompletaparaomelasma.seublog.net\/wp-content\/plugins\/share-and-follow\/images\/blank.gif\" height=\"32\" style=\"background: transparent url(http:\/\/curacompletaparaomelasma.seublog.net\/wp-content\/plugins\/share-and-follow\/default\/32\/sprite-32.png) no-repeat;padding:0;margin:0;height:32px;width:32px;background-position:-1617px 0px\" class=\"image-32\" width=\"32\" alt=\"stumble\"\/> <span class=\"head\">Share with Stumblers<\/span><\/a><\/li><li class=\"iconOnly\"><a rel=\"nofollow\" target=\"_blank\" href=\"http:\/\/twitter.com\/home\/?status=https%3A%2F%2Fcuracompletaparaomelasma.seublog.net%2F%3Fpage_id%3D714\" title=\"Tweet this post : Limpeza do c\u00f3lon (v\u00eddeo) on Twitter\" ><img loading=\"lazy\" decoding=\"async\" src=\"http:\/\/curacompletaparaomelasma.seublog.net\/wp-content\/plugins\/share-and-follow\/images\/blank.gif\" height=\"32\" style=\"background: transparent url(http:\/\/curacompletaparaomelasma.seublog.net\/wp-content\/plugins\/share-and-follow\/default\/32\/sprite-32.png) no-repeat;padding:0;margin:0;height:32px;width:32px;background-position:-1749px 0px\" class=\"image-32\"  width=\"32\"  alt=\"twitter\"\/> <span class=\"head\">Tweet about it<\/span><\/a><\/li><li class=\"iconOnly\"><a rel=\"_self\" href=\"https:\/\/curacompletaparaomelasma.seublog.net\/?page_id=714&feed=rss2\" title=\"Follow this post : Limpeza do c\u00f3lon (v\u00eddeo) comments\"><img loading=\"lazy\" decoding=\"async\" src=\"http:\/\/curacompletaparaomelasma.seublog.net\/wp-content\/plugins\/share-and-follow\/images\/blank.gif\" height=\"32\"  width=\"32\" style=\"background: transparent url(http:\/\/curacompletaparaomelasma.seublog.net\/wp-content\/plugins\/share-and-follow\/default\/32\/sprite-32.png) no-repeat;padding:0;margin:0;height:32px;width:32px;background-position:-1452px 0px\" class=\"image-32\"  alt=\"rss\" \/> <span class=\"head\">Subscribe to the comments on this post<\/span><\/a><\/li><\/ul><div class=\"clean\"><\/div> <\/div>","protected":false},"excerpt":{"rendered":"<p>As p\u00e1ginas &#8220;Como limpar o f\u00edgado e a ves\u00edcula&#8221; http:\/\/curacompletaparaomelasma.seublog.net\/?page_id=496&lt;\/code e &#8220;Limpeza do c\u00f3lon&#8221; http:\/\/curacompletaparaomelasma.seublog.net\/?page_id=498 ensinam como se utilizar deste equipamento que tem similares caros e dif\u00edceis de aquirir, mas que pode ser feito em casa a custo irris\u00f3rio. Todos &hellip; <a href=\"https:\/\/curacompletaparaomelasma.seublog.net\/?page_id=714\">Continue lendo <span class=\"meta-nav\">&rarr;<\/span><\/a><\/p>\n","protected":false},"author":2112,"featured_media":0,"parent":0,"menu_order":0,"comment_status":"open","ping_status":"open","template":"","meta":{"footnotes":""},"class_list":["post-714","page","type-page","status-publish","hentry"],"_links":{"self":[{"href":"https:\/\/curacompletaparaomelasma.seublog.net\/index.php?rest_route=\/wp\/v2\/pages\/714","targetHints":{"allow":["GET"]}}],"collection":[{"href":"https:\/\/curacompletaparaomelasma.seublog.net\/index.php?rest_route=\/wp\/v2\/pages"}],"about":[{"href":"https:\/\/curacompletaparaomelasma.seublog.net\/index.php?rest_route=\/wp\/v2\/types\/page"}],"author":[{"embeddable":true,"href":"https:\/\/curacompletaparaomelasma.seublog.net\/index.php?rest_route=\/wp\/v2\/users\/2112"}],"replies":[{"embeddable":true,"href":"https:\/\/curacompletaparaomelasma.seublog.net\/index.php?rest_route=%2Fwp%2Fv2%2Fcomments&post=714"}],"version-history":[{"count":6,"href":"https:\/\/curacompletaparaomelasma.seublog.net\/index.php?rest_route=\/wp\/v2\/pages\/714\/revisions"}],"predecessor-version":[{"id":722,"href":"https:\/\/curacompletaparaomelasma.seublog.net\/index.php?rest_route=\/wp\/v2\/pages\/714\/revisions\/722"}],"wp:attachment":[{"href":"https:\/\/curacompletaparaomelasma.seublog.net\/index.php?rest_route=%2Fwp%2Fv2%2Fmedia&parent=714"}],"curies":[{"name":"wp","href":"https:\/\/api.w.org\/{rel}","templated":true}]}}