{"id":735,"date":"2013-08-06T20:48:08","date_gmt":"2013-08-06T23:48:08","guid":{"rendered":"http:\/\/curacompletaparaomelasma.seublog.net\/?page_id=735"},"modified":"2014-03-01T16:27:11","modified_gmt":"2014-03-01T20:27:11","slug":"cada-um-o-seu-proprio-medico","status":"publish","type":"page","link":"https:\/\/curacompletaparaomelasma.seublog.net\/?page_id=735","title":{"rendered":"Cada um o seu pr\u00f3prio m\u00e9dico"},"content":{"rendered":"<p align=\"center\">\u201cA medicina prospera com interesses opostos aos interesses do doente\u201d. (Manuel Lezaeta Achar\u00e1n)<\/p>\n<p>A medicina oficial \u00e9 muito eficaz para tratar de problemas extremos, como uma facada, um tiro ou uma perna quebrada. Mas para tratar de doen\u00e7as cr\u00f4nicas, muitas vezes chega a ser digna de pena. Vejamos abaixo um depoimento de uma v\u00edtima de melasma:<\/p>\n<p>\u201cAp\u00f3s visitar v\u00e1rios dermatologistas, sem sucesso, uma ginecologista me indicou uma m\u00e9dica especialista em pele que seria uma profissional excelente, diferenciada. No consult\u00f3rio dessa dermatologista, falei-lhe qual era o meu problema. Eu tinha forte ard\u00eancia sobre toda a pele do rosto que me incomodava todo o tempo e manchas por toda essa regi\u00e3o. Ela me falou que ir\u00edamos primeiramente tratar do ardor na pele, para, depois de haver-se sanado esse problema, trabalhar para o desaparecimento das manchas. Receitou-me uma pomada que eu deveria passar duas vezes ao dia e aconselhou-me voltar ao seu consult\u00f3rio ap\u00f3s 30 dias. Passado esse per\u00edodo, voltei e lhe disse que o ardor persistia. Ela receitou, ent\u00e3o, outra pomada para eu usar juntamente com a primeira e pediu que eu voltasse ap\u00f3s outros 30 dias, depois dos quais lhe procurei e lhe disse que nada mudara. Para minha surpresa, ela me disse que, j\u00e1 que n\u00e3o t\u00ednhamos conseguido solucionar o ardor na pele, ir\u00edamos deixar o ardor de lado e ir\u00edamos trabalhar com as manchas. Acrescentou ainda que achava que o produto \u00e1cido que me receitaria para as manchas n\u00e3o iria surtir efeito, pois minha pele era muito sens\u00edvel. Obviamente, parei de gastar dinheiro com ela e seus produtos, recorrendo-me \u00e0 medicina hol\u00edstica.\u201d<\/p>\n<p>Esse depoimento refor\u00e7a a tese de que a medicina oficial trabalha, na maioria das vezes, somente com os sintomas, descuidando-se das verdadeiras causas das doen\u00e7as.<\/p>\n<p>Pesquisas realizadas recentemente constataram que 100% das consultas m\u00e9dicas produzem 100% de prescri\u00e7\u00f5es de rem\u00e9dios. N\u00e3o \u00e9 preciso ser g\u00eanio para perceber que esse dado \u00e9 muito suspeito. Ser\u00e1 que todas as visitas ao m\u00e9dico precisam de receitas de rem\u00e9dio? Ser\u00e1 que pelo menos em algumas dessas consultas orienta\u00e7\u00f5es ao paciente n\u00e3o seriam o suficiente para sanar problemas?<\/p>\n<p>Quando algu\u00e9m procura um gastrologista, reclamando de uma dor no est\u00f4mago, normalmente \u00e9-lhe recomendado fazer uma endoscopia. Constatada a gastrite, obviamente recomendam-se rem\u00e9dios alop\u00e1ticos. Raros s\u00e3o os m\u00e9dicos que logo no in\u00edcio tentam ir \u00e0 causa da queixa e perguntam ao paciente sobre seus h\u00e1bitos alimentares, sobre que alimentos come, sobre como \u00e9 sua mastiga\u00e7\u00e3o, se come coisas com que talvez n\u00e3o seja compat\u00edvel, como alimentos excessivamente quentes ou gelados, indigestos, bebida alco\u00f3lica, etc.<\/p>\n<p>Quem conhece a rotina dos m\u00e9dicos sabe que diariamente todos eles s\u00e3o visitados por muitos representantes dos laborat\u00f3rios farmac\u00eauticos, que os enchem de presentes de todo tipo. Entre esses presentes h\u00e1 passagens a\u00e9reas, hospedagens em caros hot\u00e9is, computadores, jantares suntuosos&#8230;<\/p>\n<p>Fica f\u00e1cil entender por que os m\u00e9dicos n\u00e3o indicam aos seus pacientes tratamentos que se destinem a limpar o organismo, como os indicados nos livros mencionados neste blog. O Dr. Bernard Jensen, em seu livro Limpeza dos Tecidos atrav\u00e9s dos Intestinos, afirma que \u201c\u00e9 in\u00fatil tentar cuidar de um sintoma no corpo sem um bom sistema de limpeza org\u00e2nico.\u201d. Muitas vezes, a um paciente que reclama de dor de cabe\u00e7a um m\u00e9dico indica um anest\u00e9sico, quando o problema pode estar simplesmente num intestino carregado de fezes; bastaria descarreg\u00e1-lo para que passasse a dor. Raros s\u00e3o os m\u00e9dicos que pesquisam com profundidade a causa dessa dor. Ser\u00e1 que esses m\u00e9dicos ignoram como tratar de forma ideal seus pacientes, ou simplesmente n\u00e3o t\u00eam interesse? Talvez a resposta a essa pergunta encontre-se no in\u00edcio desta p\u00e1gina.<\/p>\n<p>Manuel Lezaeta, em seu livro Medicina Natural ao alcance de todos, fala que, se uma pessoa sente uma dor, deve primeiramente descarregar o intestino, talvez aplicar enemas para esse fim; segundo ele, essa pessoa deve, tamb\u00e9m, imediatamente, adotar um regime vegetariano, principalmente de frutas e verduras cruas; Lezaeta prescreve, ainda, nesse mesmo caso, certos banhos frios, aplicados de acordo com suas t\u00e9cnicas, para ativar a energia vital do doente; mas o mais interessante \u00e9 que esse autor afirma categoricamente: \u201c&#8230; e <b>n\u00e3o<\/b> procure um m\u00e9dico.\u201d.<\/p>\n<p>Achamos, por\u00e9m, essa afirma\u00e7\u00e3o um pouco exagerada: um organismo acostumado a anos de h\u00e1bitos ruins, ou mesmo sujeito a um acidente interno, sem que se saiba, deve procurar, sim, um m\u00e9dico, a nosso ver, ante uma dor que persiste por dias, ou se suspeitar de um epis\u00f3dio grave, como um ataque card\u00edaco, por exemplo.<\/p>\n<p>Tamb\u00e9m, temos de acreditar que a maior parte dos m\u00e9dicos s\u00e3o bem-intencionados e procuram cuidar de seus pacientes da melhor forma poss\u00edvel, de acordo com o seu conhecimento. Muitos pacientes s\u00e3o efetivamente ajudados por esses m\u00e9dicos, considerando o n\u00edvel de consci\u00eancia da humanidade atual.<\/p>\n<p>Quer dizer, n\u00e3o estamos afirmando que nunca se deva procurar um m\u00e9dico; mas que podemos cuidar de nossa pr\u00f3pria sa\u00fade, sem precisar usar rem\u00e9dios alop\u00e1ticos que contaminar\u00e3o nosso corpo, muitas vezes curando de uma doen\u00e7a e provocando outras. A causa da maioria das enfermidades \u00e9 contamina\u00e7\u00e3o org\u00e2nica; livrando-nos dessa contamina\u00e7\u00e3o, podemos nos ver livres dessas doen\u00e7as. Com a remo\u00e7\u00e3o das impurezas que bloqueiam nossa energia vital, a natureza pode ent\u00e3o agir a nosso favor, restaurando nossa sa\u00fade. Hip\u00f3crates afirmava: &#8220;\u00c9 a natureza que cura&#8221;. Parece que os m\u00e9dicos se esqueceram dessa f\u00f3rmula h\u00e1 muito tempo.<\/p>\n<p>No livro j\u00e1 mencionado de Manuel Lezaeta, h\u00e1 esse cap\u00edtulo intitulado \u201cCada um o seu pr\u00f3prio m\u00e9dico\u201d, que exp\u00f5e essa ideia. Que podemos cuidar de nossa pr\u00f3pria sa\u00fade, na maioria das vezes, por meios naturais, descontaminando e limpando nosso organismo, adotando h\u00e1bitos naturais para evitar as doen\u00e7as, usando m\u00e9todos de cura naturais para nos livrar das enfermidades; procurando levar uma vida f\u00edsica e emocional harm\u00f4nica em rela\u00e7\u00e3o \u00e0s leis naturais. Em outras palavras, fazendo o poss\u00edvel para n\u00e3o ser presa de poss\u00edveis a\u00e7\u00f5es err\u00f4neas da medicina e dos m\u00e9dicos.<\/p>\n<div class='shareinpost'><ul class=\"socialwrap row\"><li class=\"iconOnly\"><a rel=\"nofollow\" target=\"_blank\" href=\"http:\/\/delicious.com\/post?url=https%3A%2F%2Fcuracompletaparaomelasma.seublog.net%2F%3Fpage_id%3D735&amp;title=Cada+um+o+seu+pr%C3%B3prio+m%C3%A9dico\" title=\"Bookmark this post : Cada um o seu pr\u00f3prio m\u00e9dico on Delicious\" ><img loading=\"lazy\" decoding=\"async\" src=\"http:\/\/curacompletaparaomelasma.seublog.net\/wp-content\/plugins\/share-and-follow\/images\/blank.gif\" height=\"32\" style=\"background: transparent url(http:\/\/curacompletaparaomelasma.seublog.net\/wp-content\/plugins\/share-and-follow\/default\/32\/sprite-32.png) no-repeat;padding:0;margin:0;height:32px;width:32px;background-position:-198px 0px\" class=\"image-32\" width=\"32\" alt=\"delicious\"\/> <span class=\"head\">Bookmark on Delicious<\/span><\/a><\/li><li class=\"iconOnly\"><a rel=\"nofollow\" target=\"_blank\" href=\"http:\/\/digg.com\/submit?url=https%3A%2F%2Fcuracompletaparaomelasma.seublog.net%2F%3Fpage_id%3D735&amp;title=Cada+um+o+seu+pr%C3%B3prio+m%C3%A9dico&amp;bodytext=%E2%80%9CA+medicina+prospera+com+interesses+opostos+aos+interesses+do+doente%E2%80%9D.+%28Manuel+Lezaeta+Achar%C3%A1n%29%0D%0AA+medicina+oficial+%C3%A9+muito+eficaz+para+tratar+de+problemas+extremos%2C+como+uma+facada%2C+um+tiro+ou+uma+perna+quebrada.+Mas+para+tratar+de+doen%C3%A7as+cr%C3%B4nicas%2C+muitas+vezes+chega+a+ser+digna+de+pena.+Vejamos+abaixo+um+dep\" title=\"Digg this post : Cada um o seu pr\u00f3prio m\u00e9dico\" ><img loading=\"lazy\" decoding=\"async\" src=\"http:\/\/curacompletaparaomelasma.seublog.net\/wp-content\/plugins\/share-and-follow\/images\/blank.gif\" height=\"32\" style=\"background: transparent url(http:\/\/curacompletaparaomelasma.seublog.net\/wp-content\/plugins\/share-and-follow\/default\/32\/sprite-32.png) no-repeat;padding:0;margin:0;height:32px;width:32px;background-position:-264px 0px\" class=\"image-32\" width=\"32\" alt=\"digg\"\/> <span class=\"head\">Digg this post<\/span><\/a><\/li><li class=\"iconOnly\"><a rel=\"nofollow\" target=\"_blank\" href=\"http:\/\/www.facebook.com\/sharer.php?u=https%3A%2F%2Fcuracompletaparaomelasma.seublog.net%2F%3Fpage_id%3D735&amp;t=Cada+um+o+seu+pr%C3%B3prio+m%C3%A9dico\" title=\"Recommend this post : Cada um o seu pr\u00f3prio m\u00e9dico on Facebook\" ><img loading=\"lazy\" decoding=\"async\" src=\"http:\/\/curacompletaparaomelasma.seublog.net\/wp-content\/plugins\/share-and-follow\/images\/blank.gif\" height=\"32\" style=\"background: transparent url(http:\/\/curacompletaparaomelasma.seublog.net\/wp-content\/plugins\/share-and-follow\/default\/32\/sprite-32.png) no-repeat;padding:0;margin:0;height:32px;width:32px;background-position:-363px 0px\" class=\"image-32\" width=\"32\" alt=\"facebook\"\/> <span class=\"head\">Recommend on Facebook<\/span><\/a><\/li><li class=\"iconOnly\"><a rel=\"nofollow\" target=\"_blank\" href=\"http:\/\/www.reddit.com\/submit?url=https%3A%2F%2Fcuracompletaparaomelasma.seublog.net%2F%3Fpage_id%3D735&amp;title=Cada+um+o+seu+pr%C3%B3prio+m%C3%A9dico\" title=\"Share this post : Cada um o seu pr\u00f3prio m\u00e9dico on Reddit\" ><img loading=\"lazy\" decoding=\"async\" src=\"http:\/\/curacompletaparaomelasma.seublog.net\/wp-content\/plugins\/share-and-follow\/images\/blank.gif\" height=\"32\" style=\"background: transparent url(http:\/\/curacompletaparaomelasma.seublog.net\/wp-content\/plugins\/share-and-follow\/default\/32\/sprite-32.png) no-repeat;padding:0;margin:0;height:32px;width:32px;background-position:-1419px 0px\" class=\"image-32\" width=\"32\" alt=\"reddit\"\/> <span class=\"head\">share via Reddit<\/span><\/a><\/li><li class=\"iconOnly\"><a rel=\"nofollow\" target=\"_blank\" href=\"http:\/\/www.stumbleupon.com\/submit?url=https%3A%2F%2Fcuracompletaparaomelasma.seublog.net%2F%3Fpage_id%3D735&amp;title=Cada+um+o+seu+pr%C3%B3prio+m%C3%A9dico\" title=\"Share this post : Cada um o seu pr\u00f3prio m\u00e9dico with Stumblers\" ><img loading=\"lazy\" decoding=\"async\" src=\"http:\/\/curacompletaparaomelasma.seublog.net\/wp-content\/plugins\/share-and-follow\/images\/blank.gif\" height=\"32\" style=\"background: transparent url(http:\/\/curacompletaparaomelasma.seublog.net\/wp-content\/plugins\/share-and-follow\/default\/32\/sprite-32.png) no-repeat;padding:0;margin:0;height:32px;width:32px;background-position:-1617px 0px\" class=\"image-32\" width=\"32\" alt=\"stumble\"\/> <span class=\"head\">Share with Stumblers<\/span><\/a><\/li><li class=\"iconOnly\"><a rel=\"nofollow\" target=\"_blank\" href=\"http:\/\/twitter.com\/home\/?status=https%3A%2F%2Fcuracompletaparaomelasma.seublog.net%2F%3Fpage_id%3D735\" title=\"Tweet this post : Cada um o seu pr\u00f3prio m\u00e9dico on Twitter\" ><img loading=\"lazy\" decoding=\"async\" src=\"http:\/\/curacompletaparaomelasma.seublog.net\/wp-content\/plugins\/share-and-follow\/images\/blank.gif\" height=\"32\" style=\"background: transparent url(http:\/\/curacompletaparaomelasma.seublog.net\/wp-content\/plugins\/share-and-follow\/default\/32\/sprite-32.png) no-repeat;padding:0;margin:0;height:32px;width:32px;background-position:-1749px 0px\" class=\"image-32\"  width=\"32\"  alt=\"twitter\"\/> <span class=\"head\">Tweet about it<\/span><\/a><\/li><li class=\"iconOnly\"><a rel=\"_self\" href=\"https:\/\/curacompletaparaomelasma.seublog.net\/?page_id=735&feed=rss2\" title=\"Follow this post : Cada um o seu pr\u00f3prio m\u00e9dico comments\"><img loading=\"lazy\" decoding=\"async\" src=\"http:\/\/curacompletaparaomelasma.seublog.net\/wp-content\/plugins\/share-and-follow\/images\/blank.gif\" height=\"32\"  width=\"32\" style=\"background: transparent url(http:\/\/curacompletaparaomelasma.seublog.net\/wp-content\/plugins\/share-and-follow\/default\/32\/sprite-32.png) no-repeat;padding:0;margin:0;height:32px;width:32px;background-position:-1452px 0px\" class=\"image-32\"  alt=\"rss\" \/> <span class=\"head\">Subscribe to the comments on this post<\/span><\/a><\/li><\/ul><div class=\"clean\"><\/div> <\/div>","protected":false},"excerpt":{"rendered":"<p>\u201cA medicina prospera com interesses opostos aos interesses do doente\u201d. (Manuel Lezaeta Achar\u00e1n) A medicina oficial \u00e9 muito eficaz para tratar de problemas extremos, como uma facada, um tiro ou uma perna quebrada. Mas para tratar de doen\u00e7as cr\u00f4nicas, muitas &hellip; <a href=\"https:\/\/curacompletaparaomelasma.seublog.net\/?page_id=735\">Continue lendo <span class=\"meta-nav\">&rarr;<\/span><\/a><\/p>\n","protected":false},"author":2112,"featured_media":0,"parent":0,"menu_order":0,"comment_status":"open","ping_status":"open","template":"","meta":{"footnotes":""},"class_list":["post-735","page","type-page","status-publish","hentry"],"_links":{"self":[{"href":"https:\/\/curacompletaparaomelasma.seublog.net\/index.php?rest_route=\/wp\/v2\/pages\/735","targetHints":{"allow":["GET"]}}],"collection":[{"href":"https:\/\/curacompletaparaomelasma.seublog.net\/index.php?rest_route=\/wp\/v2\/pages"}],"about":[{"href":"https:\/\/curacompletaparaomelasma.seublog.net\/index.php?rest_route=\/wp\/v2\/types\/page"}],"author":[{"embeddable":true,"href":"https:\/\/curacompletaparaomelasma.seublog.net\/index.php?rest_route=\/wp\/v2\/users\/2112"}],"replies":[{"embeddable":true,"href":"https:\/\/curacompletaparaomelasma.seublog.net\/index.php?rest_route=%2Fwp%2Fv2%2Fcomments&post=735"}],"version-history":[{"count":6,"href":"https:\/\/curacompletaparaomelasma.seublog.net\/index.php?rest_route=\/wp\/v2\/pages\/735\/revisions"}],"predecessor-version":[{"id":744,"href":"https:\/\/curacompletaparaomelasma.seublog.net\/index.php?rest_route=\/wp\/v2\/pages\/735\/revisions\/744"}],"wp:attachment":[{"href":"https:\/\/curacompletaparaomelasma.seublog.net\/index.php?rest_route=%2Fwp%2Fv2%2Fmedia&parent=735"}],"curies":[{"name":"wp","href":"https:\/\/api.w.org\/{rel}","templated":true}]}}