{"id":789,"date":"2014-02-14T17:31:59","date_gmt":"2014-02-14T20:31:59","guid":{"rendered":"http:\/\/curacompletaparaomelasma.seublog.net\/?page_id=789"},"modified":"2014-02-14T19:13:25","modified_gmt":"2014-02-14T22:13:25","slug":"luteina","status":"publish","type":"page","link":"https:\/\/curacompletaparaomelasma.seublog.net\/?page_id=789","title":{"rendered":"Lute\u00edna"},"content":{"rendered":"<p>A lute\u00edna \u00e9 um produto que pode definitivamente contribuir para o controle do melasma e diminui\u00e7\u00e3o das manchas. Entretanto, \u00e9 sempre interessante mencionar que, como cada organismo \u00e9 \u00fanico, cada m\u00e9todo de cura e de controle da sa\u00fade, como os mencionados neste blog, \u00a0pode surtir um efeito diferente em cada pessoa.<\/p>\n<p>Para se entender melhor o efeito da lute\u00edna no corpo, sugerimos os seguintes links, cujo teor reproduzimos logo em seguida, respectivamente. O primeiro se refere a uma reportagem, e o segundo a um depoimento.<\/p>\n<p><a href=\"http:\/\/beleza.terra.com.br\/sua-pele\/para-sua-pele\/luteina-combate-manchas-e-fotoenvelhecimento-da-pele,33a2bfcdc4d47310VgnVCM20000099cceb0aRCRD.html\" target=\"_blank\">http:\/\/beleza.terra.com.br\/sua-pele\/para-sua-pele\/luteina-combate-manchas-e-fotoenvelhecimento-da-pele,33a2bfcdc4d47310VgnVCM20000099cceb0aRCRD.html<\/a><\/p>\n<p>&nbsp;<\/p>\n<p><a href=\"http:\/\/www.acordeilinda.com\/2013\/10\/melasma-como-eu-me-livrei-dessas-manchas.html\" target=\"_blank\">http:\/\/www.acordeilinda.com\/2013\/10\/melasma-como-eu-me-livrei-dessas-manchas.html<\/a><\/p>\n<p>&nbsp;<\/p>\n<p>&nbsp;<\/p>\n<p>&nbsp;<\/p>\n<p>&nbsp;<\/p>\n<p><strong><strong>Texto contido no Pr<\/strong>imeiro link:<\/strong><\/p>\n<p><em>Estudos j\u00e1 comprovaram que a luz emitida por computadores, televisores e l\u00e2mpadas fluorescentes pode causar manchas na pele, assim como os raios ultravioleta (UVA e UVB). Mas, o que pouca gente sabe \u00e9 que a lute\u00edna &#8211; antioxidante natural que reduz os efeitos dos radicais livres &#8211; pode proporcionar um efeito fotoprotetor contra todas essas radia\u00e7\u00f5es, al\u00e9m de aumentar significativamente a hidrata\u00e7\u00e3o e a elasticidade da pele.<\/em><\/p>\n<p><em>\u00a0<\/em><\/p>\n<p><em>Os benef\u00edcios desse ativo para a c\u00fatis come\u00e7aram a ser valorizados h\u00e1 cerca de cinco anos quando a revista cient\u00edfica americana\u00a0Skin Pharmacology and Physiology\u00a0divulgou um estudo que apontou a lute\u00edna como uma poderosa arma antioxidante contra o fotoenvelhecimento cut\u00e2neo, causado pela a\u00e7\u00e3o dos radicais livres que s\u00e3o formados pela exposi\u00e7\u00e3o excessiva \u00e0 radia\u00e7\u00e3o e capazes de provocar altera\u00e7\u00f5es no DNA das c\u00e9lulas, principalmente dos melan\u00f3citos (c\u00e9lulas de pigmenta\u00e7\u00e3o) e dos fibroblastos (c\u00e9lulas respons\u00e1veis pela produ\u00e7\u00e3o de col\u00e1geno).<\/em><\/p>\n<p><em>\u00a0<\/em><\/p>\n<p><em>\u201cEssa subst\u00e2ncia reduz os efeitos dos radicais livres produzidos pela luz vis\u00edvel, como a emitida pela TV e pela tela do computador. Isso ajuda a evitar o surgimento e a\u00a0 piora das manchas na pele, al\u00e9m de aumentar o espectro (prote\u00e7\u00e3o UVA e UVB) do protetor solar\u201d, explica Jardis Volpe, dermatologista especializado pela Sociedade Brasileira de Dermatologia (SBD), com atualiza\u00e7\u00e3o em Laser pela\u00a0Harvard Medical School\u00a0(EUA).<\/em><\/p>\n<p><em>\u00a0<\/em><\/p>\n<p><em><strong>Produtos \u00e0 base lute\u00edna<\/strong><\/em><br \/>\n<em>Pouco conhecida do grande p\u00fablico, a lute\u00edna \u00e9 um carotenoide, ou seja, um pigmento natural encontrado em verduras, como o espinafre, o br\u00f3colis e a couve-flor, em algumas frutas, como a laranja e o kiwi, al\u00e9m de estar presente tamb\u00e9m no milho e na gema do ovo. Mas, n\u00e3o adianta aumentar o consumo destes alimentos, porque o efeito rejuvenescedor da subst\u00e2ncia s\u00f3 \u00e9 assegurado quando ela serve de mat\u00e9ria-prima para produtos cientificamente desenvolvidos, como os dermocosm\u00e9ticos, por exemplo.<\/em><\/p>\n<p><em>\u00a0<\/em><\/p>\n<p><em>Como as pesquisas sobre a a\u00e7\u00e3o da lute\u00edna na pele ainda s\u00e3o recentes, os produtos de beleza que t\u00eam a subst\u00e2ncia como principal ativo est\u00e3o come\u00e7ando a ganhar espa\u00e7o no mercado. \u201cA lute\u00edna est\u00e1 presente em alguns cremes dermocosm\u00e9ticos importados. No Brasil, temos a op\u00e7\u00e3o de manipula\u00e7\u00e3o do princ\u00edpio ativo para o uso oral sozinho ou em combina\u00e7\u00e3o com polivitam\u00ednicos\u201d, informa Alexandre Y. Okubo, dermatologista da Cl\u00ednica Prime, de S\u00e3o Paulo, e membro efetivo da Sociedade Brasileira de Dermatologia (SBD).<\/em><\/p>\n<p><em>\u00a0<\/em><\/p>\n<p><em>Uma das marcas nacionais que apostam no potencial da lute\u00edna para a sa\u00fade e beleza da pele \u00e9 a Biolab Sanus Farmac\u00eautica que oferece o suplemento oral Reaox\u00ae (R$ 86) que proporciona uma prote\u00e7\u00e3o adicional \u00e0 pele contra a radia\u00e7\u00e3o solar, complementando a a\u00e7\u00e3o dos filtros solares.<\/em><\/p>\n<p><em>\u00a0<\/em><\/p>\n<p><em>O cosm\u00e9tico tamb\u00e9m auxilia a modifica\u00e7\u00e3o do processo de fotoenvelhecimento, impedindo os danos \u00e0 mol\u00e9cula de DNA e reconstituindo as membranas celulares danificadas pelos radicais livres. O produto pode ser encontrado nas farm\u00e1cias e distribuidores da marca em todo o Pa\u00eds, em embalagens com 30 c\u00e1psulas gelatinosas.<\/em><\/p>\n<p><em>\u00a0<\/em><\/p>\n<p><em>\u201cOs resultados do clareamento das manchas podem ser vistos a partir de 60 dias de uso. Mas o consumo cont\u00ednuo dos cosm\u00e9ticos \u00e0 base de lute\u00edna \u00e9 importante para a preven\u00e7\u00e3o\u201d, alerta Jardis.<\/em><\/p>\n<p>&nbsp;<\/p>\n<p><strong><em>Texto contido no Segundo link:<\/em><\/strong><\/p>\n<h3>MELASMA: COMO EU ME LIVREI* DESSAS MANCHAS<\/h3>\n<div><\/div>\n<div id=\"post-body-5505673922971449951\">\n<div>Antes de come\u00e7ar este post, preciso fazer duas importantes observa\u00e7\u00f5es:<\/div>\n<div><\/div>\n<div>&#8211;\u00a0<b>NUNCA, em hip\u00f3tese ALGUMA, use NADA no seu rosto sem o conhecimento de um dermatologista competente.<\/b>\u00a0O barato pode sair caro, a indica\u00e7\u00e3o da amiga pode ser um caos no seu rosto. Cada caso \u00e9 um caso, e n\u00e3o \u00e9 porque algo funcionou pra sua vizinha que vai funcionar pra voc\u00ea. Haja vista que eu como uma m\u00e9dia de 200g de chocolate por dia e sou magra\/fiapo. Quantas pessoas podem fazer isso sem engordar? Estou comentando isso s\u00f3 pra exemplificar que o que funciona pra uma pessoa n\u00e3o funciona pra outra.<\/div>\n<div><\/div>\n<div><b>N\u00e3o siga NADA que voc\u00ea ler neste post sem antes conversar com um dermatologista<\/b>\u00a0e n\u00e3o siga NADA que te falarem (vou pecar por repetir, mas n\u00e9&#8230;) sen\u00e3o vou come\u00e7ar a dar receita de como ser magra comendo 200g de chocolate por dia, t\u00e1?!<\/div>\n<div><\/div>\n<div>&#8211; Segunda coisa \u00e9 que MELASMA \u00e9 um tipo de mancha que\u00a0<b>voc\u00ea ter\u00e1 que tratar o resto da vida*.\u00a0<\/b>E por isso coloquei o asterisco. Eu n\u00e3o me livrei definitivamente. Algumas \u00e9pocas, ele (o melasma) pode ficar quase invis\u00edvel e outras ficar\u00e1 mais aparente (pra essas fases, a gente tem maquiagem, coisa de Deus pra combater o encosto do melasma).<\/div>\n<div><\/div>\n<div>Estou insistindo nisso de ir ao m\u00e9dico pois todos esses produtos s\u00e3o \u00e1cidos fortes e podem causar alergias severas. Pra voc\u00eas terem id\u00e9ia, o meu tratamento era de 3 meses e depois eu deveria voltar ao m\u00e9dico. O que eu fiz? N\u00e3o voltei e continuei com o tratamento por 5 meses, ao inv\u00e9s de 3. Resultado: desenvolvi uma alergia \u00e0 hidroquinona e agora n\u00e3o posso usar mais. Lindo e inteligente isso. S\u00f3 que n\u00e3o!<\/div>\n<div><\/div>\n<div><\/div>\n<h3>MINHA HIST\u00d3RIA:<\/h3>\n<div><\/div>\n<div>Eu sempre tomei sol e, antigamente, tomava sol no rosto (ah, se eu pudesse voltar no tempo!). Resultado: ao longo dos anos &#8211; e quando eu falo anos, eu me refiro a 10 anos de sol &#8211; foram aparecendo pequenas manchinhas na pele da face. Normal.<\/div>\n<div><\/div>\n<div>Anos de sol + p\u00edlula e comecei a notar uma mancha maior aumentando cada vez mais, escura e disforme. Come\u00e7ou a primeira entre as sobrancelhas subindo pela testa. Depois com o tempo, outras foram aparecendo nas ma\u00e7\u00e3s do rosto. E tamb\u00e9m aumentando e escurecendo cada vez mais.<\/div>\n<div><\/div>\n<div>Importante observar que MELASMA \u00e9 uma mancha maior, que se manifesta geralmente na testa, nariz e ma\u00e7\u00e3s do rosto. N\u00e3o tem nada a ver com essas pequenas manchas de sol. Sabe gr\u00e1vida com rosto manchado de gravidez? \u00c9 tipo isso.<\/div>\n<div><\/div>\n<div>Falando leigamente, pois n\u00e3o sou m\u00e9dica, o melasma \u00e9 causado pela conjun\u00e7\u00e3o do mal: horm\u00f4nios + sol. E o horm\u00f4nio geralmente \u00e9 o feminino, aqueles de p\u00edlula. E fora isso, parece que tem um fator gen\u00e9tico tamb\u00e9m, enfim&#8230; nem a medicina sabe direito.<\/div>\n<div><\/div>\n<div>Mas a fase pior que &#8220;atingi&#8221; foi em junho\/julho de 2011. Meu rosto estava assim:<\/div>\n<div><\/div>\n<div><img decoding=\"async\" alt=\"\" src=\"http:\/\/1.bp.blogspot.com\/-r_1gQFycVf4\/UlLk_1jpL1I\/AAAAAAAAMwo\/GT-57x2WXYQ\/s1600\/DSC02295.JPG\" \/><\/div>\n<\/div>\n<p><img decoding=\"async\" alt=\"\" src=\"http:\/\/4.bp.blogspot.com\/-0dlJsHTS_ds\/UlLlAAIY9UI\/AAAAAAAAMws\/lsv1nUcS3_0\/s400\/DSC02328.JPG\" \/><\/p>\n<div>Essas fotos, peguei de um post em que eu estava demonstrando metade da base em um lado do rosto. Ent\u00e3o considerem a metade direita das fotos.<\/div>\n<div><\/div>\n<div>S\u00f3 que nessa fase da vida, nem base estava dando conta das minhas manchas. Precisava usar base com cobertura muito alta pra ficar decente (ou corretivo). Ou seja, de dia, ou eu era um travesti maquiado ou eu era uma cara\u00a0<span style=\"text-decoration: line-through\">cagada<\/span>\u00a0manchada.<\/div>\n<div><\/div>\n<div>Ao longo dos anos (desde que come\u00e7ou a aparecer o melasma propriamente dito), tentei v\u00e1rios tratamentos.<\/div>\n<div><\/div>\n<div>Peeling qu\u00edmico, \u00e1cido retin\u00f3ico, hidroquinona, vitamina C&#8230; Nada disso resolveu ou sequer amenizou o problema.<\/div>\n<div><\/div>\n<div>A\u00ed voc\u00eas est\u00e3o pensando: por que voc\u00ea n\u00e3o tentou laser?<\/div>\n<div><\/div>\n<div><b>Nem os pr\u00f3prios m\u00e9dicos indicam laser para melasma<\/b>. Todos os tipos de\u00a0<b>laser\u00a0<\/b>existentes no mercado s\u00e3o pouco ou nada eficientes<b>\u00a0para esse tipo de mancha<\/b>, apesar de usados para tratar diversos outros tipos de manchas no rosto.<\/div>\n<div><\/div>\n<div>Bom, da\u00ed teve uma \u00e9poca que me deu a louca e resolvi suspender a p\u00edlula (tomo Yasmin) e resultado: minha pele LOTOU de acne em 20 dias. P\u00e2nico total! Pele manchada e cheia de espinha!!!<\/div>\n<div><\/div>\n<div>Ent\u00e3o nisso, resolvi procurar um outro m\u00e9dico, menos voltado para quest\u00f5es est\u00e9ticas e mais voltado para patologias em dermatologia.<\/div>\n<div><\/div>\n<div><b>\u00a0<\/b><\/div>\n<div><b>Foi a\u00ed que tudo come\u00e7ou a se resolver.<\/b>\u00a0Quando comecei a ver minhas manchas como uma patologia e n\u00e3o como um problema est\u00e9tico.<\/div>\n<div><\/div>\n<div>A primeira provid\u00eancia foi tratar a fase aguda da acne com\u00a0<b>Roacutan<\/b>\u00a0(medicamento que N\u00c3O resolve o meu problema, uma vez que\u00a0<b>minha acne \u00e9 um problema de defici\u00eancia hormonal<\/b>, ent\u00e3o eu poderia tomar Roacutan pelo resto da vida, que uma vez suspendido o medicamento, a acne volta toda. Meu tratamento pra acne \u00e9 com p\u00edlula mesmo, n\u00e3o tem outro jeito).<\/div>\n<div><\/div>\n<div>Tomei uns 3 meses de Roacutan s\u00f3 pra &#8220;me tirar da crise&#8221; e voltei com a p\u00edlula, que \u00e9 a \u00fanica coisa que controla a minha acne a longo prazo.<\/div>\n<div><\/div>\n<div>Bom, nisso, as manchas PIORARAM. Pensem meu desespero, gente! Agora, sem acne e com a pele TODA manchada.<\/div>\n<div><\/div>\n<div>Chegou uma \u00e9poca que eu estava t\u00e3o desesperada que pensei: foda-se! Vou torrar a cara no sol e manchar ela toda! Bom que fica tudo de uma cor s\u00f3 #MichaelJacksonReverso Hahaha Mas o m\u00e9dico me disse que n\u00e3o ia funcionar esse meu &#8220;plano&#8221;.<\/div>\n<div><\/div>\n<div>Da\u00ed, depois de um tempo suspenso o Roacutan, comecei\u00a0<b>o tratamento para melasma propriamente dito<\/b>.<\/div>\n<div><\/div>\n<div><\/div>\n<div><b>Na primeira &#8220;fase&#8221;<\/b>, o m\u00e9dico me passou um medicamento manipulado para passar no rosto \u00e0 noite. \u00c0 base de tretino\u00edna, hidroquinona e dexametasona. Ele receitou que eu usasse por 3 meses e acabei usando por 4 antes de retornar l\u00e1.<\/div>\n<div><\/div>\n<div>N\u00e3o obtive resultados significativos, mas sa\u00ed daquela fase pior que eu tinha entrado com o uso do Roacutan.<\/div>\n<div><\/div>\n<div>Ah, o m\u00e9dico me explicou tamb\u00e9m que existem melasmas mais superficiais, moderados e mais &#8220;profundos&#8221;. Quanto mais profundo ele estiver na camada da pele, pior \u00e9 (ou at\u00e9 imposs\u00edvel) de ser removido. #p\u00e2nico.<\/div>\n<div><\/div>\n<div>O meu parece que est\u00e1 numa camada m\u00e9dia (leigamente falando, t\u00e1?!).<\/div>\n<div><\/div>\n<div>Bom, na\u00a0<b>segunda &#8220;fase&#8221; do tratamento<\/b>, eu alternei dois produtos \u00e0 noite no rosto:<\/div>\n<div><\/div>\n<div>&#8211; NeoStrata Pigment Lightening<\/div>\n<div>&#8211; Triluma<\/div>\n<div><\/div>\n<div>O Triluma \u00e9 uma associa\u00e7\u00e3o de hidroquinona + tretino\u00edna + fluocinolona acetonida. Que \u00e9, pelo menos pra mim, que sou leiga, quase a mesma coisa da f\u00f3rmula manipulada da primeira fase: hidroquinona + tretino\u00edna + um cortic\u00f3ide.<\/div>\n<div><\/div>\n<div>Mas obviamente que deve ter diferen\u00e7a na pr\u00e1tica.<\/div>\n<div><\/div>\n<div>(S\u00f3 um par\u00eanteses aqui que fui Googlar a f\u00f3rmula do Triluma e achei gente fazendo RESENHA dele. Gente! Tipo: oi??? Bom senso, cad\u00ea??? Bora incentivar as pessoas a usar tudo que \u00e9 trem na cara!)<\/div>\n<div><\/div>\n<div>Enfim, depois dessa fase do tratamento, a pele melhorou muuuuuuuuuuuuito. Hoje, est\u00e1 assim (considerem o lado direito da foto):<\/div>\n<div><img decoding=\"async\" alt=\"\" src=\"http:\/\/4.bp.blogspot.com\/-gL8V9zrjiJk\/UlLv82QRpkI\/AAAAAAAAMxM\/SOil-7mTC0U\/s400\/DSC01033.JPG\" \/><\/div>\n<div><\/div>\n<div>\n<div>Foto de um post de setembro deste ano. N\u00e3o \u00e9 a pele perfeita, mas quanta diferen\u00e7a! N\u00e3o tenho mais uma &#8220;asa&#8221; no meu rosto.<\/div>\n<div><\/div>\n<div>O \u00fanico problema, no meu caso, foi que era pra eu ter usado por 3 meses e retornado ao m\u00e9dico. Eu usei por 5 meses e s\u00f3 voltei depois desse tempo. E HOJE encontrei isto na bula do Triluma:<\/div>\n<div><\/div>\n<div><i>&#8220;TRI-LUMA \u00e9 indicado no melasma moderado a grave da face, para tratamento de\u00a0<b>curta dura\u00e7\u00e3o<\/b>\u00a0e intermitente (n\u00e3o cont\u00ednuo).&#8221;<\/i><\/div>\n<div><i>\u00a0<\/i><\/div>\n<div><i>&#8220;Os seguintes pontos s\u00e3o importantes com rela\u00e7\u00e3o \u00e0 indica\u00e7\u00e3o e uso de\u00a0<b>Tri-luma<\/b>\u00a0Creme:\u00a0<b>Tri-luma<\/b>\u00a0Creme n\u00e3o deve normalmente ser utilizado para o tratamento de\u00a0<b>manuten\u00e7\u00e3o<\/b>\u00a0do melasma&#8221;<\/i><\/div>\n<div><\/div>\n<div>Bom, o resultado disso voc\u00eas j\u00e1 sabem. Desenvolvi alergia \u00e0 hidroquinona (que \u00f3timo!) e at\u00e9ee eu descobrir isso, passei bons bocados com uso de outros medicamentos que agravaram a situa\u00e7\u00e3o e eu cheguei a ficar assim:<\/div>\n<div><img decoding=\"async\" alt=\"\" src=\"http:\/\/1.bp.blogspot.com\/-H2rxuMxNduQ\/UlLusOhMOJI\/AAAAAAAAMxA\/LNAwBpYtSg8\/s400\/alergia_blog.jpg\" \/><\/div>\n<div>\n<div>Pra quem n\u00e3o acompanhou, tem post sobre isso\u00a0<a href=\"http:\/\/www.acordeilinda.com\/2012\/09\/a-saga-do-caron-perebon.html\" target=\"_blank\">aqui<\/a>.<\/div>\n<div><\/div>\n<div>A sorte \u00e9 que tudo foi feito com acompanhamento m\u00e9dico, ent\u00e3o, no final, deu tudo certo e hoje estou bem. Por isso que insisto tanto para voc\u00ea\u00a0<b>NUNCA USAR NADA que voc\u00ea tenha lido na internet ou que tenha sido indicado pela amiga\/vizinha<\/b>.<\/div>\n<div><\/div>\n<div>Parece bobagem, mas esse \u00e9 um assunto muito s\u00e9rio. \u00c9 o SEU rosto!<\/div>\n<div><\/div>\n<div>E a\u00ed, bom&#8230; depois desse perrengue da alergia, eu j\u00e1 estava sem manchas mesmo e n\u00e3o usei mais nada no rosto pra tratar as manchas (uma vez que elas est\u00e3o discretas e n\u00e3o me incomodam mais tamb\u00e9m).<\/div>\n<div><\/div>\n<div>E hoje em dia, tomo lute\u00edna (falei sobre isso\u00a0<a href=\"http:\/\/www.acordeilinda.com\/2013\/06\/assuntando-luteina-para-manchas-na-pele.html\" target=\"_blank\">aqui<\/a>) como uma forma de manter as manchas adormecidas. N\u00e3o sei se o efeito \u00e9 psicol\u00f3gico, mas pelo que o m\u00e9dico me explicou, o melasma volta. Eu estou h\u00e1 1 ano e 4 meses sem usar nada contra manchas no rosto e elas n\u00e3o pioraram. Creio que a lute\u00edna n\u00e3o vai resolver a mancha mas pode impedir que ela piore. Bom, pelo menos, assim tem funcionado pra mim. Imagino que em 1 ano e 4 meses sem tratamento, era para as manchas terem voltado e isso n\u00e3o aconteceu.<\/div>\n<div><\/div>\n<div>Se \u00e9 isso ou n\u00e3o, nunca saberei, mas n\u00e3o tenho coragem de parar de tomar mais (comecei em setembro do ano passado).<\/div>\n<div><\/div>\n<div>Bom, essa \u00e9 a MINHA hist\u00f3ria e o que funcionou pra mim.\u00a0<b>Converse com seu m\u00e9dico antes de usar qualquer coisa no rosto e siga o tratamento \u00e0 risca pois seu m\u00e9dico \u00e9 a pessoa que estudou pra isso &#8211; e n\u00e3o algu\u00e9m que ficou lendo coisas pela internet<\/b>!<\/div>\n<\/div>\n<div><\/div>\n<\/div>\n<div class='shareinpost'><ul class=\"socialwrap row\"><li class=\"iconOnly\"><a rel=\"nofollow\" target=\"_blank\" href=\"http:\/\/delicious.com\/post?url=https%3A%2F%2Fcuracompletaparaomelasma.seublog.net%2F%3Fpage_id%3D789&amp;title=Lute%C3%ADna\" title=\"Bookmark this post : Lute\u00edna on Delicious\" ><img loading=\"lazy\" decoding=\"async\" src=\"http:\/\/curacompletaparaomelasma.seublog.net\/wp-content\/plugins\/share-and-follow\/images\/blank.gif\" height=\"32\" style=\"background: transparent url(http:\/\/curacompletaparaomelasma.seublog.net\/wp-content\/plugins\/share-and-follow\/default\/32\/sprite-32.png) no-repeat;padding:0;margin:0;height:32px;width:32px;background-position:-198px 0px\" class=\"image-32\" width=\"32\" alt=\"delicious\"\/> <span class=\"head\">Bookmark on Delicious<\/span><\/a><\/li><li class=\"iconOnly\"><a rel=\"nofollow\" target=\"_blank\" href=\"http:\/\/digg.com\/submit?url=https%3A%2F%2Fcuracompletaparaomelasma.seublog.net%2F%3Fpage_id%3D789&amp;title=Lute%C3%ADna&amp;bodytext=A+lute%C3%ADna+%C3%A9+um+produto+que+pode+definitivamente+contribuir+para+o+controle+do+melasma+e+diminui%C3%A7%C3%A3o+das+manchas.+Entretanto%2C+%C3%A9+sempre+interessante+mencionar+que%2C+como+cada+organismo+%C3%A9+%C3%BAnico%2C+cada+m%C3%A9todo+de+cura+e+de+controle+da+sa%C3%BAde%2C+como+os+mencionados+neste+blog%2C+%C2%A0pode+surtir+um+efeito+diferente+em+cada+pes\" title=\"Digg this post : Lute\u00edna\" ><img loading=\"lazy\" decoding=\"async\" src=\"http:\/\/curacompletaparaomelasma.seublog.net\/wp-content\/plugins\/share-and-follow\/images\/blank.gif\" height=\"32\" style=\"background: transparent url(http:\/\/curacompletaparaomelasma.seublog.net\/wp-content\/plugins\/share-and-follow\/default\/32\/sprite-32.png) no-repeat;padding:0;margin:0;height:32px;width:32px;background-position:-264px 0px\" class=\"image-32\" width=\"32\" alt=\"digg\"\/> <span class=\"head\">Digg this post<\/span><\/a><\/li><li class=\"iconOnly\"><a rel=\"nofollow\" target=\"_blank\" href=\"http:\/\/www.facebook.com\/sharer.php?u=https%3A%2F%2Fcuracompletaparaomelasma.seublog.net%2F%3Fpage_id%3D789&amp;t=Lute%C3%ADna\" title=\"Recommend this post : Lute\u00edna on Facebook\" ><img loading=\"lazy\" decoding=\"async\" src=\"http:\/\/curacompletaparaomelasma.seublog.net\/wp-content\/plugins\/share-and-follow\/images\/blank.gif\" height=\"32\" style=\"background: transparent url(http:\/\/curacompletaparaomelasma.seublog.net\/wp-content\/plugins\/share-and-follow\/default\/32\/sprite-32.png) no-repeat;padding:0;margin:0;height:32px;width:32px;background-position:-363px 0px\" class=\"image-32\" width=\"32\" alt=\"facebook\"\/> <span class=\"head\">Recommend on Facebook<\/span><\/a><\/li><li class=\"iconOnly\"><a rel=\"nofollow\" target=\"_blank\" href=\"http:\/\/www.reddit.com\/submit?url=https%3A%2F%2Fcuracompletaparaomelasma.seublog.net%2F%3Fpage_id%3D789&amp;title=Lute%C3%ADna\" title=\"Share this post : Lute\u00edna on Reddit\" ><img loading=\"lazy\" decoding=\"async\" src=\"http:\/\/curacompletaparaomelasma.seublog.net\/wp-content\/plugins\/share-and-follow\/images\/blank.gif\" height=\"32\" style=\"background: transparent url(http:\/\/curacompletaparaomelasma.seublog.net\/wp-content\/plugins\/share-and-follow\/default\/32\/sprite-32.png) no-repeat;padding:0;margin:0;height:32px;width:32px;background-position:-1419px 0px\" class=\"image-32\" width=\"32\" alt=\"reddit\"\/> <span class=\"head\">share via Reddit<\/span><\/a><\/li><li class=\"iconOnly\"><a rel=\"nofollow\" target=\"_blank\" href=\"http:\/\/www.stumbleupon.com\/submit?url=https%3A%2F%2Fcuracompletaparaomelasma.seublog.net%2F%3Fpage_id%3D789&amp;title=Lute%C3%ADna\" title=\"Share this post : Lute\u00edna with Stumblers\" ><img loading=\"lazy\" decoding=\"async\" src=\"http:\/\/curacompletaparaomelasma.seublog.net\/wp-content\/plugins\/share-and-follow\/images\/blank.gif\" height=\"32\" style=\"background: transparent url(http:\/\/curacompletaparaomelasma.seublog.net\/wp-content\/plugins\/share-and-follow\/default\/32\/sprite-32.png) no-repeat;padding:0;margin:0;height:32px;width:32px;background-position:-1617px 0px\" class=\"image-32\" width=\"32\" alt=\"stumble\"\/> <span class=\"head\">Share with Stumblers<\/span><\/a><\/li><li class=\"iconOnly\"><a rel=\"nofollow\" target=\"_blank\" href=\"http:\/\/twitter.com\/home\/?status=https%3A%2F%2Fcuracompletaparaomelasma.seublog.net%2F%3Fpage_id%3D789\" title=\"Tweet this post : Lute\u00edna on Twitter\" ><img loading=\"lazy\" decoding=\"async\" src=\"http:\/\/curacompletaparaomelasma.seublog.net\/wp-content\/plugins\/share-and-follow\/images\/blank.gif\" height=\"32\" style=\"background: transparent url(http:\/\/curacompletaparaomelasma.seublog.net\/wp-content\/plugins\/share-and-follow\/default\/32\/sprite-32.png) no-repeat;padding:0;margin:0;height:32px;width:32px;background-position:-1749px 0px\" class=\"image-32\"  width=\"32\"  alt=\"twitter\"\/> <span class=\"head\">Tweet about it<\/span><\/a><\/li><li class=\"iconOnly\"><a rel=\"_self\" href=\"https:\/\/curacompletaparaomelasma.seublog.net\/?page_id=789&feed=rss2\" title=\"Follow this post : Lute\u00edna comments\"><img loading=\"lazy\" decoding=\"async\" src=\"http:\/\/curacompletaparaomelasma.seublog.net\/wp-content\/plugins\/share-and-follow\/images\/blank.gif\" height=\"32\"  width=\"32\" style=\"background: transparent url(http:\/\/curacompletaparaomelasma.seublog.net\/wp-content\/plugins\/share-and-follow\/default\/32\/sprite-32.png) no-repeat;padding:0;margin:0;height:32px;width:32px;background-position:-1452px 0px\" class=\"image-32\"  alt=\"rss\" \/> <span class=\"head\">Subscribe to the comments on this post<\/span><\/a><\/li><\/ul><div class=\"clean\"><\/div> <\/div>","protected":false},"excerpt":{"rendered":"<p>A lute\u00edna \u00e9 um produto que pode definitivamente contribuir para o controle do melasma e diminui\u00e7\u00e3o das manchas. Entretanto, \u00e9 sempre interessante mencionar que, como cada organismo \u00e9 \u00fanico, cada m\u00e9todo de cura e de controle da sa\u00fade, como os &hellip; <a href=\"https:\/\/curacompletaparaomelasma.seublog.net\/?page_id=789\">Continue lendo <span class=\"meta-nav\">&rarr;<\/span><\/a><\/p>\n","protected":false},"author":2112,"featured_media":0,"parent":0,"menu_order":0,"comment_status":"open","ping_status":"open","template":"","meta":{"footnotes":""},"class_list":["post-789","page","type-page","status-publish","hentry"],"_links":{"self":[{"href":"https:\/\/curacompletaparaomelasma.seublog.net\/index.php?rest_route=\/wp\/v2\/pages\/789","targetHints":{"allow":["GET"]}}],"collection":[{"href":"https:\/\/curacompletaparaomelasma.seublog.net\/index.php?rest_route=\/wp\/v2\/pages"}],"about":[{"href":"https:\/\/curacompletaparaomelasma.seublog.net\/index.php?rest_route=\/wp\/v2\/types\/page"}],"author":[{"embeddable":true,"href":"https:\/\/curacompletaparaomelasma.seublog.net\/index.php?rest_route=\/wp\/v2\/users\/2112"}],"replies":[{"embeddable":true,"href":"https:\/\/curacompletaparaomelasma.seublog.net\/index.php?rest_route=%2Fwp%2Fv2%2Fcomments&post=789"}],"version-history":[{"count":4,"href":"https:\/\/curacompletaparaomelasma.seublog.net\/index.php?rest_route=\/wp\/v2\/pages\/789\/revisions"}],"predecessor-version":[{"id":796,"href":"https:\/\/curacompletaparaomelasma.seublog.net\/index.php?rest_route=\/wp\/v2\/pages\/789\/revisions\/796"}],"wp:attachment":[{"href":"https:\/\/curacompletaparaomelasma.seublog.net\/index.php?rest_route=%2Fwp%2Fv2%2Fmedia&parent=789"}],"curies":[{"name":"wp","href":"https:\/\/api.w.org\/{rel}","templated":true}]}}